{"id":41644,"date":"2022-03-09T11:47:13","date_gmt":"2022-03-09T09:47:13","guid":{"rendered":"https:\/\/galicianparts.com\/shop\/producto\/46777323-soporte-cables-inyeccion-fiat-punto-lancia-ypsilon-nuevo-original\/"},"modified":"2022-03-09T11:50:13","modified_gmt":"2022-03-09T09:50:13","slug":"46777323-soporte-cables-inyeccion-fiat-punto-lancia-ypsilon-nuevo-original","status":"publish","type":"product","link":"https:\/\/galicianparts.com\/shop\/producto\/46777323-soporte-cables-inyeccion-fiat-punto-lancia-ypsilon-nuevo-original\/","title":{"rendered":"46777323 Soporte cables inyecci\u00f3n Fiat Punto \/ Lancia Ypsilon NUEVO ORIGINAL"},"content":{"rendered":"<p>51709771 Abrazadera de la instalaci\u00f3n el\u00e9ctrica de la inyecci\u00f3n del motor de:<br \/>\nFIAT &#8211; 1N PUNTO BZ (1999-2003) 1.2 16V CF3<br \/>\nFIAT &#8211; 2U PUNTO FL.&#8217;03 (2003-2010) 1242\u00a016V\u00a0CF3<br \/>\nLANCIA &#8211; TA Y FL.2000 (2000-2003)<\/p>\n<p>LA PIEZA ES NUEVA Y ORIGINAL.<\/p>\n","protected":false},"excerpt":{"rendered":"<p>51709771 Abrazadera de la instalaci\u00f3n el\u00e9ctrica de la inyecci\u00f3n del motor de: FIAT &#8211; 1N PUNTO BZ (1999-2003) 1.2 16V CF3 FIAT &#8211; 2U PUNTO FL.&#8217;03 (2003-2010) 1242\u00a016V\u00a0CF3 LANCIA &#8211; TA Y FL.2000 (2000-2003) LA PIEZA ES NUEVA Y ORIGINAL.<\/p>\n","protected":false},"featured_media":41647,"template":"","meta":{"_seopress_robots_primary_cat":"","_seopress_titles_title":"","_seopress_titles_desc":"","_seopress_robots_index":""},"product_cat":[20,21,101,127],"product_tag":[],"class_list":{"0":"post-41644","1":"product","2":"type-product","3":"status-publish","4":"has-post-thumbnail","6":"product_cat-recambios-fiat","7":"product_cat-recambios-lancia","8":"product_cat-recambios-fiat-punto","9":"product_cat-recambios-lancia-ypsilon","11":"first","12":"instock","13":"taxable","14":"shipping-taxable","15":"purchasable","16":"product-type-simple"},"_links":{"self":[{"href":"https:\/\/galicianparts.com\/shop\/wp-json\/wp\/v2\/product\/41644"}],"collection":[{"href":"https:\/\/galicianparts.com\/shop\/wp-json\/wp\/v2\/product"}],"about":[{"href":"https:\/\/galicianparts.com\/shop\/wp-json\/wp\/v2\/types\/product"}],"wp:featuredmedia":[{"embeddable":true,"href":"https:\/\/galicianparts.com\/shop\/wp-json\/wp\/v2\/media\/41647"}],"wp:attachment":[{"href":"https:\/\/galicianparts.com\/shop\/wp-json\/wp\/v2\/media?parent=41644"}],"wp:term":[{"taxonomy":"product_cat","embeddable":true,"href":"https:\/\/galicianparts.com\/shop\/wp-json\/wp\/v2\/product_cat?post=41644"},{"taxonomy":"product_tag","embeddable":true,"href":"https:\/\/galicianparts.com\/shop\/wp-json\/wp\/v2\/product_tag?post=41644"}],"curies":[{"name":"wp","href":"https:\/\/api.w.org\/{rel}","templated":true}]}}