{"id":41705,"date":"2022-03-09T14:35:48","date_gmt":"2022-03-09T12:35:48","guid":{"rendered":"https:\/\/galicianparts.com\/shop\/producto\/5947593-grifo-calefaccion-fiat-ritmo-seat-ronda-nuevo-original\/"},"modified":"2022-04-27T18:57:10","modified_gmt":"2022-04-27T16:57:10","slug":"5947593-grifo-calefaccion-fiat-ritmo-seat-ronda-nuevo-original","status":"publish","type":"product","link":"https:\/\/galicianparts.com\/shop\/producto\/5947593-grifo-calefaccion-fiat-ritmo-seat-ronda-nuevo-original\/","title":{"rendered":"5947593 Grifo calefacci\u00f3n Fiat Ritmo \/ Seat Ronda NUEVO ORIGINAL"},"content":{"rendered":"<p>V\u00e1lvula del m\u00f3dulo de la calefacci\u00f3n de:<br \/>\nFIAT Ritmo I Hatchback (138) (A\u00f1o 01.1978 &#8211; 12.1988)<br \/>\nABARTH Ritmo (138A_) (A\u00f1o 11.1981 &#8211; 12.1987)<br \/>\nSEAT Ronda (022A) (A\u00f1o 06.1982 &#8211; 11.1988)<\/p>\n<p>LA PIEZA ES NUEVA Y ORIGINAL.<\/p>\n","protected":false},"excerpt":{"rendered":"<p>V\u00e1lvula del m\u00f3dulo de la calefacci\u00f3n de: FIAT Ritmo I Hatchback (138) (A\u00f1o 01.1978 &#8211; 12.1988) ABARTH Ritmo (138A_) (A\u00f1o 11.1981 &#8211; 12.1987) SEAT Ronda (022A) (A\u00f1o 06.1982 &#8211; 11.1988) LA PIEZA ES NUEVA Y ORIGINAL.<\/p>\n","protected":false},"featured_media":41706,"template":"","meta":{"_seopress_robots_primary_cat":"","_seopress_titles_title":"","_seopress_titles_desc":"","_seopress_robots_index":""},"product_cat":[20,103,165,26],"product_tag":[],"class_list":{"0":"post-41705","1":"product","2":"type-product","3":"status-publish","4":"has-post-thumbnail","6":"product_cat-recambios-fiat","7":"product_cat-recambios-fiat-ritmo","8":"product_cat-recambios-seat-ronda","9":"product_cat-recambios-seat","11":"first","12":"outofstock","13":"taxable","14":"shipping-taxable","15":"purchasable","16":"product-type-simple"},"_links":{"self":[{"href":"https:\/\/galicianparts.com\/shop\/wp-json\/wp\/v2\/product\/41705"}],"collection":[{"href":"https:\/\/galicianparts.com\/shop\/wp-json\/wp\/v2\/product"}],"about":[{"href":"https:\/\/galicianparts.com\/shop\/wp-json\/wp\/v2\/types\/product"}],"wp:featuredmedia":[{"embeddable":true,"href":"https:\/\/galicianparts.com\/shop\/wp-json\/wp\/v2\/media\/41706"}],"wp:attachment":[{"href":"https:\/\/galicianparts.com\/shop\/wp-json\/wp\/v2\/media?parent=41705"}],"wp:term":[{"taxonomy":"product_cat","embeddable":true,"href":"https:\/\/galicianparts.com\/shop\/wp-json\/wp\/v2\/product_cat?post=41705"},{"taxonomy":"product_tag","embeddable":true,"href":"https:\/\/galicianparts.com\/shop\/wp-json\/wp\/v2\/product_tag?post=41705"}],"curies":[{"name":"wp","href":"https:\/\/api.w.org\/{rel}","templated":true}]}}