{"id":41711,"date":"2022-03-09T15:40:00","date_gmt":"2022-03-09T13:40:00","guid":{"rendered":"https:\/\/galicianparts.com\/shop\/producto\/71712472-amortiguador-trasero-fiat-uno-turbo-nuevo-kyb-super\/"},"modified":"2023-11-27T22:33:21","modified_gmt":"2023-11-27T20:33:21","slug":"71712472-amortiguador-trasero-fiat-uno-turbo-nuevo-kyb-super","status":"publish","type":"product","link":"https:\/\/galicianparts.com\/shop\/producto\/71712472-amortiguador-trasero-fiat-uno-turbo-nuevo-kyb-super\/","title":{"rendered":"71712472 Amortiguador trasero Fiat Uno Turbo NUEVO KYB SUPER"},"content":{"rendered":"<p>KAYABA 343189 Amortiguador de la suspensi\u00f3n trasera de:<br \/>\nFIAT Uno Hatchback (146)<br \/>\n1.3 Super di\u00e9sel, A\u00f1o 06.1983 &#8211; 03.1992, 1302 , 45<br \/>\n1.3 Turbo i.e., A\u00f1o 01.1987 &#8211; 12.1987, 1301 , 99<br \/>\n1.3 Turbo i.e., A\u00f1o 09.1989 &#8211; 03.1991, 1301 , 101<br \/>\n1.3 Turbo i.e., A\u00f1o 04.1985 &#8211; 08.1989, 1301 , 105<br \/>\n1.4 Turbo, A\u00f1o 10.1988 &#8211; 08.2000, 1372 , 105<br \/>\n1.4 Turbo i.e., A\u00f1o 09.1989 &#8211; 09.1993, 1372 , 112<br \/>\n1.4 Turbo i.e., A\u00f1o 12.1989 &#8211; 12.1996, 1372 , 118<br \/>\n1.9 D, A\u00f1o 09.1989 &#8211; 03.1994, 1929 , 60<br \/>\n0.9, A\u00f1o 03.1983 &#8211; 09.1992, 903 , 45<br \/>\n1.0 45, A\u00f1o 06.1986 &#8211; 12.1993, 999 , 44<br \/>\n1.0 i.e. 45, A\u00f1o 04.1984 &#8211; 10.1995, 999 , 45<br \/>\n1.1 50, A\u00f1o 01.1986 &#8211; 12.1989, 1116 , 50<br \/>\n1.1 50, A\u00f1o 01.1990 &#8211; 12.1993, 1108 , 50<br \/>\n1.1 i.e. 50, A\u00f1o 06.1992 &#8211; 12.1993, 1116 , 49<br \/>\n1.1 55, A\u00f1o 01.1983 &#8211; 08.1989, 1116 , 54<br \/>\n1.1 60, A\u00f1o 04.1989 &#8211; 12.1992, 1108 , 57<br \/>\n1.1 60, A\u00f1o 05.1985 &#8211; 08.1989, 1116 , 58<br \/>\n1.7 Di\u00e9sel 60, A\u00f1o 09.1989 &#8211; 12.1993, 1698 , 57<br \/>\n1.7 Di\u00e9sel 60, A\u00f1o 07.1986 &#8211; 08.1989, 1698 , 60<br \/>\n1.3 70, A\u00f1o 05.1985 &#8211; 08.1989, 1302 , 65<br \/>\n1.3 70, A\u00f1o 01.1983 &#8211; 04.1985, 1302 , 68<br \/>\n1.4 i.e. 70, A\u00f1o 09.1989 &#8211; 07.1996, 1372 , 70<br \/>\n1.4 i.e. 70, A\u00f1o 09.1989 &#8211; 12.1993, 1372 , 72<br \/>\n1.4 S 70, A\u00f1o 10.1988 &#8211; 06.2006, 1372 , 71<br \/>\n1.4 TD 70, A\u00f1o 10.1986 &#8211; 10.1990, 1367 , 71<br \/>\n1.5 i.e. 75, A\u00f1o 10.1985 &#8211; 12.1993, 1499 , 75<\/p>\n<p>LA PIEZA ES NUEVA KAYABA<\/p>\n","protected":false},"excerpt":{"rendered":"<p>KAYABA 343189 Amortiguador de la suspensi\u00f3n trasera de: FIAT Uno Hatchback (146) 1.3 Super di\u00e9sel, A\u00f1o 06.1983 &#8211; 03.1992, 1302 , 45 1.3 Turbo i.e., A\u00f1o 01.1987 &#8211; 12.1987, 1301 , 99 1.3 Turbo i.e., A\u00f1o 09.1989 &#8211; 03.1991, 1301 , 101 1.3 Turbo i.e., A\u00f1o 04.1985 &#8211; 08.1989, 1301 , 105 1.4 Turbo, A\u00f1o [&hellip;]<\/p>\n","protected":false},"featured_media":41712,"template":"","meta":{"_seopress_robots_primary_cat":"","_seopress_titles_title":"","_seopress_titles_desc":"","_seopress_robots_index":""},"product_cat":[20,114],"product_tag":[],"class_list":{"0":"post-41711","1":"product","2":"type-product","3":"status-publish","4":"has-post-thumbnail","6":"product_cat-recambios-fiat","7":"product_cat-recambios-fiat-uno","9":"first","10":"outofstock","11":"taxable","12":"shipping-taxable","13":"purchasable","14":"product-type-simple"},"_links":{"self":[{"href":"https:\/\/galicianparts.com\/shop\/wp-json\/wp\/v2\/product\/41711"}],"collection":[{"href":"https:\/\/galicianparts.com\/shop\/wp-json\/wp\/v2\/product"}],"about":[{"href":"https:\/\/galicianparts.com\/shop\/wp-json\/wp\/v2\/types\/product"}],"wp:featuredmedia":[{"embeddable":true,"href":"https:\/\/galicianparts.com\/shop\/wp-json\/wp\/v2\/media\/41712"}],"wp:attachment":[{"href":"https:\/\/galicianparts.com\/shop\/wp-json\/wp\/v2\/media?parent=41711"}],"wp:term":[{"taxonomy":"product_cat","embeddable":true,"href":"https:\/\/galicianparts.com\/shop\/wp-json\/wp\/v2\/product_cat?post=41711"},{"taxonomy":"product_tag","embeddable":true,"href":"https:\/\/galicianparts.com\/shop\/wp-json\/wp\/v2\/product_tag?post=41711"}],"curies":[{"name":"wp","href":"https:\/\/api.w.org\/{rel}","templated":true}]}}