{"id":41871,"date":"2022-03-10T14:06:43","date_gmt":"2022-03-10T12:06:43","guid":{"rendered":"https:\/\/galicianparts.com\/shop\/producto\/46478374-manguito-filtro-combustible-fiat-punto-1-7-td-1997-1999-nuevo-original\/"},"modified":"2022-09-22T11:36:05","modified_gmt":"2022-09-22T09:36:05","slug":"46478374-manguito-filtro-combustible-fiat-punto-1-7-td-1997-1999-nuevo-original","status":"publish","type":"product","link":"https:\/\/galicianparts.com\/shop\/producto\/46478374-manguito-filtro-combustible-fiat-punto-1-7-td-1997-1999-nuevo-original\/","title":{"rendered":"46478374 Manguito filtro combustible Fiat Punto 1.7 TD (1997-1999) NUEVO ORIGINAL"},"content":{"rendered":"<p>Tubo del filtro de gasoil a la bomba de inyecci\u00f3n de:<br \/>\nLargo: 980 mm<br \/>\nDi\u00e1metro interior: 7mm<br \/>\nDi\u00e1metro exterior: 14mm<br \/>\nFIAT &#8211; 1B PUNTO TB.DS. GAMMA&#8217;97 (1997-1999) 1697 T.DS EM.08 (72CV) \/ 1697 T.DS CF2 (69CV) \/ 1697 T.DS CF2 SOFT (63CV)<\/p>\n<p>LA PIEZA ES NUEVA Y ORIGINAL.<\/p>\n","protected":false},"excerpt":{"rendered":"<p>Tubo del filtro de gasoil a la bomba de inyecci\u00f3n de: Largo: 980 mm Di\u00e1metro interior: 7mm Di\u00e1metro exterior: 14mm FIAT &#8211; 1B PUNTO TB.DS. GAMMA&#8217;97 (1997-1999) 1697 T.DS EM.08 (72CV) \/ 1697 T.DS CF2 (69CV) \/ 1697 T.DS CF2 SOFT (63CV) LA PIEZA ES NUEVA Y ORIGINAL.<\/p>\n","protected":false},"featured_media":41875,"template":"","meta":{"_seopress_robots_primary_cat":"","_seopress_titles_title":"","_seopress_titles_desc":"","_seopress_robots_index":""},"product_cat":[20,101],"product_tag":[],"class_list":{"0":"post-41871","1":"product","2":"type-product","3":"status-publish","4":"has-post-thumbnail","6":"product_cat-recambios-fiat","7":"product_cat-recambios-fiat-punto","9":"first","10":"outofstock","11":"taxable","12":"shipping-taxable","13":"purchasable","14":"product-type-simple"},"_links":{"self":[{"href":"https:\/\/galicianparts.com\/shop\/wp-json\/wp\/v2\/product\/41871"}],"collection":[{"href":"https:\/\/galicianparts.com\/shop\/wp-json\/wp\/v2\/product"}],"about":[{"href":"https:\/\/galicianparts.com\/shop\/wp-json\/wp\/v2\/types\/product"}],"wp:featuredmedia":[{"embeddable":true,"href":"https:\/\/galicianparts.com\/shop\/wp-json\/wp\/v2\/media\/41875"}],"wp:attachment":[{"href":"https:\/\/galicianparts.com\/shop\/wp-json\/wp\/v2\/media?parent=41871"}],"wp:term":[{"taxonomy":"product_cat","embeddable":true,"href":"https:\/\/galicianparts.com\/shop\/wp-json\/wp\/v2\/product_cat?post=41871"},{"taxonomy":"product_tag","embeddable":true,"href":"https:\/\/galicianparts.com\/shop\/wp-json\/wp\/v2\/product_tag?post=41871"}],"curies":[{"name":"wp","href":"https:\/\/api.w.org\/{rel}","templated":true}]}}