{"id":4190,"date":"2020-09-29T13:52:53","date_gmt":"2020-09-29T11:52:53","guid":{"rendered":"https:\/\/galicianparts.com\/shop\/producto\/75414116-casquillos-de-biela-fiat-242-ducato-citroen-c25-c35-cx-peugeot-j5\/"},"modified":"2023-12-01T13:53:03","modified_gmt":"2023-12-01T11:53:03","slug":"75414116-casquillos-de-biela-fiat-242-ducato-citroen-c25-c35-cx-peugeot-j5","status":"publish","type":"product","link":"https:\/\/galicianparts.com\/shop\/producto\/75414116-casquillos-de-biela-fiat-242-ducato-citroen-c25-c35-cx-peugeot-j5\/","title":{"rendered":"75414116 Cojinete superior biela Fiat 242 \/Ducato \/Citro\u00ebn C25 \/C35 \/CX \/Peugeot J5 ORIGINAL"},"content":{"rendered":"<p>Casquillo superior del bul\u00f3n del pist\u00f3n de la biela de:<\/p>\n<p>FIAT 242-Serie Furg\u00f3n<br \/>\n2.2 D, A\u00f1o 10.1975 &#8211; 08.1980, 2175 ccm, 63 cv<br \/>\n2.5 D, A\u00f1o 08.1980 &#8211; 07.1982, 2498 ccm, 71 cv<br \/>\nFIAT Ducato I (280)<br \/>\n2.5 D, A\u00f1o 01.1982 &#8211; 08.1990, 2500 ccm, 75 cv<\/p>\n<p>CITRO\u00cbN CX I<br \/>\n2.2, A\u00f1o 09.1974 &#8211; 07.1976, 2175 ccm, 112 cv<br \/>\n2.2 D, A\u00f1o 10.1975 &#8211; 02.1979, 2175 ccm, 67 cv<br \/>\n25 D Turbo, A\u00f1o 04.1983 &#8211; 08.1985, 2499 ccm, 95 cv<br \/>\n2500 D, A\u00f1o 02.1978 &#8211; 06.1982, 2499 ccm, 75 cv<br \/>\nCITRO\u00cbN CX II<br \/>\n25 D, A\u00f1o 08.1985 &#8211; 12.1992, 2499 ccm, 73 cv<br \/>\n25 D Turbo, A\u00f1o 08.1985 &#8211; 12.1986, 2499 ccm, 95 cv<br \/>\n25 D Turbo, A\u00f1o 01.1987 &#8211; 12.1992, 2499 ccm, 120 cv<br \/>\nCITRO\u00cbN DS Berlina<br \/>\n2.2, A\u00f1o 02.1969 &#8211; 06.1972, 2175 ccm, 139 cv<br \/>\n2.1, A\u00f1o 09.1965 &#8211; 08.1972, 2175 ccm, 103 cv<br \/>\n2.1, A\u00f1o 12.1969 &#8211; 08.1975, 2175 ccm, 120 cv<br \/>\nCITRO\u00cbN C25<br \/>\n2.5 D, A\u00f1o 10.1985 &#8211; 02.1994, 2498 ccm, 73 cv<br \/>\n2.5 D, A\u00f1o 11.1981 &#8211; 01.1994, 2498 ccm, 75 cv<br \/>\n2.5 D 4&#215;4, A\u00f1o 01.1987 &#8211; 02.1994, 2498 ccm, 73 cv<br \/>\n2.5 D Turbo, A\u00f1o 08.1987 &#8211; 02.1994, 2500 ccm, 95 cv<br \/>\n2.5 D Turbo 4&#215;4, A\u00f1o 08.1987 &#8211; 02.1994, 2500 ccm, 95 cv<br \/>\nCITRO\u00cbN DS Familiar<br \/>\n2.1, A\u00f1o 09.1972 &#8211; 07.1975, 2175 ccm, 106 cv<br \/>\nCITRO\u00cbN ID<br \/>\n21 F, A\u00f1o 04.1966 &#8211; 11.1972, 2175 ccm, 101 cv<br \/>\n21 F, A\u00f1o 02.1969 &#8211; 11.1972, 2175 ccm, 103 cv<br \/>\nCITRO\u00cbN C25<br \/>\n2.5 D, A\u00f1o 02.1985 &#8211; 07.1994, 2498 ccm, 73 cv<br \/>\n2.5 D, A\u00f1o 11.1981 &#8211; 01.1994, 2498 ccm, 75 cv<br \/>\n2.5 D 4&#215;4, A\u00f1o 11.1983 &#8211; 12.1986, 2498 ccm, 75 cv<br \/>\n2.5 DT, A\u00f1o 08.1991 &#8211; 01.1994, 2498 ccm, 95 cv<br \/>\n2.5 DT 4&#215;4, A\u00f1o 08.1991 &#8211; 01.1994, 2498 ccm, 95 cv<br \/>\nCITRO\u00cbN DS Cabrio<br \/>\n21, A\u00f1o 04.1968 &#8211; 03.1969, 2175 ccm, 100 cv<br \/>\n21, A\u00f1o 04.1969 &#8211; 12.1971, 2175 ccm, 106 cv<br \/>\nCITRO\u00cbN C35<br \/>\n2.2 D, A\u00f1o 11.1973 &#8211; 01.1980, 2175 ccm, 61 cv<br \/>\n2.5 D, A\u00f1o 02.1980 &#8211; 01.1994, 2498 ccm, 69 cv<\/p>\n<p>PEUGEOT J5 (280)<br \/>\n2.5 D, A\u00f1o 09.1981 &#8211; 08.1990, 2498 ccm, 73 cv<br \/>\n2.5 DT, A\u00f1o 09.1981 &#8211; 08.1990, 2498 ccm, 95 cv<br \/>\n2.5 DT A las 4 ruedas, A\u00f1o 09.1981 &#8211; 08.1990, 2498 ccm, 95 cv<br \/>\nPEUGEOT J5 Cami\u00f3n de plataforma\/Chasis (280)<br \/>\n2.5 D, A\u00f1o 09.1981 &#8211; 09.1990, 2500 ccm, 73 cv<br \/>\n2.5 D 4&#215;4, A\u00f1o 09.1981 &#8211; 08.1990, 2498 ccm, 73 cv<br \/>\n2.5 DT, A\u00f1o 09.1981 &#8211; 08.1990, 2498 ccm, 95 cv<br \/>\nPEUGEOT J5 (290)<br \/>\n2.5 D, A\u00f1o 09.1990 &#8211; 01.1994, 2498 ccm, 73 cv<br \/>\n2.5 D 4&#215;4, A\u00f1o 10.1990 &#8211; 03.1994, 2500 ccm, 73 cv<br \/>\n2.5 DT, A\u00f1o 09.1990 &#8211; 01.1994, 2498 ccm, 95 cv<\/p>\n<p>LA PIEZA ES NUEVA Y ORIGINAL.<\/p>\n","protected":false},"excerpt":{"rendered":"<p>Casquillo superior del bul\u00f3n del pist\u00f3n de la biela de: FIAT 242-Serie Furg\u00f3n 2.2 D, A\u00f1o 10.1975 &#8211; 08.1980, 2175 ccm, 63 cv 2.5 D, A\u00f1o 08.1980 &#8211; 07.1982, 2498 ccm, 71 cv FIAT Ducato I (280) 2.5 D, A\u00f1o 01.1982 &#8211; 08.1990, 2500 ccm, 75 cv CITRO\u00cbN CX I 2.2, A\u00f1o 09.1974 &#8211; 07.1976, [&hellip;]<\/p>\n","protected":false},"featured_media":80707,"template":"","meta":{"_seopress_robots_primary_cat":"","_seopress_titles_title":"","_seopress_titles_desc":"","_seopress_robots_index":""},"product_cat":[73,132,133,23,136,323,88,20,387,157,24],"product_tag":[],"class_list":{"0":"post-4190","1":"product","2":"type-product","3":"status-publish","4":"has-post-thumbnail","6":"product_cat-recambios-fiat-242","7":"product_cat-recambios-citroen-c25","8":"product_cat-recambios-citroen-c35","9":"product_cat-recambios-citroen","10":"product_cat-recambios-citroen-cx","11":"product_cat-recambios-citroen-ds","12":"product_cat-recambios-fiat-ducato","13":"product_cat-recambios-fiat","14":"product_cat-recambios-citroen-id","15":"product_cat-recambios-peugeot-j5","16":"product_cat-recambios-peugeot","18":"first","19":"instock","20":"taxable","21":"shipping-taxable","22":"purchasable","23":"product-type-simple"},"_links":{"self":[{"href":"https:\/\/galicianparts.com\/shop\/wp-json\/wp\/v2\/product\/4190"}],"collection":[{"href":"https:\/\/galicianparts.com\/shop\/wp-json\/wp\/v2\/product"}],"about":[{"href":"https:\/\/galicianparts.com\/shop\/wp-json\/wp\/v2\/types\/product"}],"wp:featuredmedia":[{"embeddable":true,"href":"https:\/\/galicianparts.com\/shop\/wp-json\/wp\/v2\/media\/80707"}],"wp:attachment":[{"href":"https:\/\/galicianparts.com\/shop\/wp-json\/wp\/v2\/media?parent=4190"}],"wp:term":[{"taxonomy":"product_cat","embeddable":true,"href":"https:\/\/galicianparts.com\/shop\/wp-json\/wp\/v2\/product_cat?post=4190"},{"taxonomy":"product_tag","embeddable":true,"href":"https:\/\/galicianparts.com\/shop\/wp-json\/wp\/v2\/product_tag?post=4190"}],"curies":[{"name":"wp","href":"https:\/\/api.w.org\/{rel}","templated":true}]}}