{"id":42050,"date":"2022-03-14T13:55:00","date_gmt":"2022-03-14T11:55:00","guid":{"rendered":"https:\/\/galicianparts.com\/shop\/producto\/7635304-disco-embrague-fiat-uno-fiorino-duna-elba-nuevo-original-valeo\/"},"modified":"2022-03-14T13:57:15","modified_gmt":"2022-03-14T11:57:15","slug":"7635304-disco-embrague-fiat-uno-fiorino-duna-elba-nuevo-original-valeo","status":"publish","type":"product","link":"https:\/\/galicianparts.com\/shop\/producto\/7635304-disco-embrague-fiat-uno-fiorino-duna-elba-nuevo-original-valeo\/","title":{"rendered":"7635304 Disco embrague Fiat Uno \/ Fiorino \/ Duna \/ Elba NUEVO ORIGINAL VALEO"},"content":{"rendered":"<p>Disco del embrague de:<br \/>\nDi\u00e1metro: 200 mm.<br \/>\nN\u00ba de dientes: 17<br \/>\nFIAT Fiorino II Furg\u00f3n (146)<br \/>\n1.7 D, A\u00f1o 01.1988 &#8211; 10.1999, 1697 , 60<br \/>\n60 1.7 D, A\u00f1o 05.1988 &#8211; 10.1996, 1697 , 57<br \/>\n60 1.7 D, A\u00f1o 05.1988 &#8211; 05.2000, 1698 , 60<br \/>\nFIAT Uno Hatchback (146)<br \/>\n1.7 D, A\u00f1o 11.1994 &#8211; 08.2000, 1697 , 58<br \/>\n1.7 Di\u00e9sel 60, A\u00f1o 09.1989 &#8211; 12.1993, 1698 , 57<br \/>\n1.7 Di\u00e9sel 60, A\u00f1o 07.1986 &#8211; 08.1989, 1698 , 60<br \/>\n1.4 TD 70, A\u00f1o 10.1986 &#8211; 10.1990, 1367 , 71<br \/>\nFIAT Duna Berlina (146)<br \/>\n1.7 DS, A\u00f1o 01.1987 &#8211; 12.1991, 1698 , 60<br \/>\nFIAT Duna Weekend (146)<br \/>\n1.7 DS, A\u00f1o 01.1987 &#8211; 12.1991, 1698 , 60<br \/>\nFIAT Fiorino II Pick-up (146)<br \/>\n1.7 D, A\u00f1o 10.1993 &#8211; 10.1999, 1697 , 57<br \/>\n1.7 D, A\u00f1o 05.1988 &#8211; 10.1999, 1698 , 60<br \/>\nFIAT Elba (A\u00f1o 10.1985 &#8211; 12.1997)<br \/>\n1.7 D, A\u00f1o 04.1989 &#8211; 12.1996, 1698 , 58<br \/>\nFIAT Uno Furg\u00f3n (146)<br \/>\n1.7 D, A\u00f1o 02.1988 &#8211; 02.1992, 1697 , 58<\/p>\n<p>LA PIEZA ES NUEVA Y ORIGINAL VALEO.<\/p>\n","protected":false},"excerpt":{"rendered":"<p>Disco del embrague de: Di\u00e1metro: 200 mm. N\u00ba de dientes: 17 FIAT Fiorino II Furg\u00f3n (146) 1.7 D, A\u00f1o 01.1988 &#8211; 10.1999, 1697 , 60 60 1.7 D, A\u00f1o 05.1988 &#8211; 10.1996, 1697 , 57 60 1.7 D, A\u00f1o 05.1988 &#8211; 05.2000, 1698 , 60 FIAT Uno Hatchback (146) 1.7 D, A\u00f1o 11.1994 &#8211; 08.2000, [&hellip;]<\/p>\n","protected":false},"featured_media":42055,"template":"","meta":{"_seopress_robots_primary_cat":"","_seopress_titles_title":"","_seopress_titles_desc":"","_seopress_robots_index":""},"product_cat":[89,90,20,91,114],"product_tag":[],"class_list":{"0":"post-42050","1":"product","2":"type-product","3":"status-publish","4":"has-post-thumbnail","6":"product_cat-recambios-fiat-duna","7":"product_cat-recambios-fiat-elba","8":"product_cat-recambios-fiat","9":"product_cat-recambios-fiat-fiorino","10":"product_cat-recambios-fiat-uno","12":"first","13":"instock","14":"taxable","15":"shipping-taxable","16":"purchasable","17":"product-type-simple"},"_links":{"self":[{"href":"https:\/\/galicianparts.com\/shop\/wp-json\/wp\/v2\/product\/42050"}],"collection":[{"href":"https:\/\/galicianparts.com\/shop\/wp-json\/wp\/v2\/product"}],"about":[{"href":"https:\/\/galicianparts.com\/shop\/wp-json\/wp\/v2\/types\/product"}],"wp:featuredmedia":[{"embeddable":true,"href":"https:\/\/galicianparts.com\/shop\/wp-json\/wp\/v2\/media\/42055"}],"wp:attachment":[{"href":"https:\/\/galicianparts.com\/shop\/wp-json\/wp\/v2\/media?parent=42050"}],"wp:term":[{"taxonomy":"product_cat","embeddable":true,"href":"https:\/\/galicianparts.com\/shop\/wp-json\/wp\/v2\/product_cat?post=42050"},{"taxonomy":"product_tag","embeddable":true,"href":"https:\/\/galicianparts.com\/shop\/wp-json\/wp\/v2\/product_tag?post=42050"}],"curies":[{"name":"wp","href":"https:\/\/api.w.org\/{rel}","templated":true}]}}