{"id":42092,"date":"2022-03-15T10:02:13","date_gmt":"2022-03-15T08:02:13","guid":{"rendered":"https:\/\/galicianparts.com\/shop\/producto\/14329801-tapon-motor-d32mm-alfa-romeo-33-145-146-fiat-panda-uno-seicento-original\/"},"modified":"2022-07-01T09:52:56","modified_gmt":"2022-07-01T07:52:56","slug":"14329801-tapon-motor-d32mm-alfa-romeo-33-145-146-fiat-panda-uno-seicento-original","status":"publish","type":"product","link":"https:\/\/galicianparts.com\/shop\/producto\/14329801-tapon-motor-d32mm-alfa-romeo-33-145-146-fiat-panda-uno-seicento-original\/","title":{"rendered":"14329801 Tap\u00f3n motor D32mm Alfa Romeo 33 \/ 145 \/ 146 \/ Fiat Panda \/ Uno \/ Seicento ORIGINAL"},"content":{"rendered":"<p>Tap\u00f3n met\u00e1lico de 32mm de di\u00e1metro, del motor o culata de:<br \/>\nFIAT &#8211; NM CINQUECENTO (1992-1998) 903 CARB. \/ 903 SPI\u00bbW\u00bb USA&#8217;83 \/ 899 SPI\u00bbW\u00bb \/ 899 CARB.<br \/>\nFIAT &#8211; MJ CROMA TURBO DS FL.90 (1990-1996) 1930 (154C6.000) \/ 1930 (154D1.000)<br \/>\nFIAT &#8211; 1S PANDA 4X2 MAQ 91 (1991-2003) 750 ACB CARB \/ 900 SPI USA 83 \/ 900 ACB CARB<br \/>\nFIAT &#8211; LV PANDA 4X2 RL\/86(1985-1991) 750 ACB \/ 900 ACB<br \/>\nFIAT &#8211; 1E SEICENTO (1998-2010) 899 SPI<br \/>\nFIAT &#8211; MR UNO R\/89 (1989-1995) 903<br \/>\nALFA ROMEO &#8211; U1 145 (1994-1996) 1.3 8V \/ 1.6 8V<br \/>\nALFA ROMEO &#8211; U2 146 (1995-1996) 1.3 8V \/ 1.6 8V<br \/>\nALFA ROMEO &#8211; W5 33 CARB.\/DS (1990-1994) 1.2 CARB \/ 1.3 CARB \/ 1.5 CARB<br \/>\nALFA ROMEO &#8211; W7 33 ED.88(1988-1990) 1.2 D.C.95 RON \/ 1.3 D.C.95 RON \/ 1.3 A.S. \/ 1.3 AS-95 RON \/ 1.5 AS \/ 1.5 AS-95RON \/ 1.7 AS \/ 1.7 IE<br \/>\nALFA ROMEO &#8211; W6 33 I.E. 8\/16 VALV. (1990-1994) 1.3 8V USA&#8217;83 \/ 1.5 8V \/ 1.5 8V USA&#8217;83 \/ 1.5 8V USA&#8217;83 \/ 1.7 8V \/ 1.7 8V USA&#8217;83 \/ 1.7 8V USA&#8217;83 \/ 1.4 8V USA 83<br \/>\nALFA ROMEO &#8211; W6 33 I.E. 8\/16 VALV. (1990-1994) 1.7 16V-ECE 04 \/ 1.7 16V-USA 83<\/p>\n<p>LA PIEZA ES NUEVA Y ORIGINAL.<\/p>\n","protected":false},"excerpt":{"rendered":"<p>Tap\u00f3n met\u00e1lico de 32mm de di\u00e1metro, del motor o culata de: FIAT &#8211; NM CINQUECENTO (1992-1998) 903 CARB. \/ 903 SPI\u00bbW\u00bb USA&#8217;83 \/ 899 SPI\u00bbW\u00bb \/ 899 CARB. FIAT &#8211; MJ CROMA TURBO DS FL.90 (1990-1996) 1930 (154C6.000) \/ 1930 (154D1.000) FIAT &#8211; 1S PANDA 4X2 MAQ 91 (1991-2003) 750 ACB CARB \/ 900 SPI [&hellip;]<\/p>\n","protected":false},"featured_media":42093,"template":"","meta":{"_seopress_robots_primary_cat":"","_seopress_titles_title":"","_seopress_titles_desc":"","_seopress_robots_index":""},"product_cat":[45,46,43,16,84,86,20,99,106,114],"product_tag":[],"class_list":{"0":"post-42092","1":"product","2":"type-product","3":"status-publish","4":"has-post-thumbnail","6":"product_cat-recambios-alfa-romeo-145","7":"product_cat-recambios-alfa-romeo-146","8":"product_cat-recambios-alfa-romeo-33","9":"product_cat-recambios-alfa-romeo","10":"product_cat-recambios-fiat-cinquecento","11":"product_cat-recambios-fiat-croma","12":"product_cat-recambios-fiat","13":"product_cat-recambios-fiat-panda","14":"product_cat-recambios-fiat-seicento","15":"product_cat-recambios-fiat-uno","17":"first","18":"instock","19":"taxable","20":"shipping-taxable","21":"purchasable","22":"product-type-simple"},"_links":{"self":[{"href":"https:\/\/galicianparts.com\/shop\/wp-json\/wp\/v2\/product\/42092"}],"collection":[{"href":"https:\/\/galicianparts.com\/shop\/wp-json\/wp\/v2\/product"}],"about":[{"href":"https:\/\/galicianparts.com\/shop\/wp-json\/wp\/v2\/types\/product"}],"wp:featuredmedia":[{"embeddable":true,"href":"https:\/\/galicianparts.com\/shop\/wp-json\/wp\/v2\/media\/42093"}],"wp:attachment":[{"href":"https:\/\/galicianparts.com\/shop\/wp-json\/wp\/v2\/media?parent=42092"}],"wp:term":[{"taxonomy":"product_cat","embeddable":true,"href":"https:\/\/galicianparts.com\/shop\/wp-json\/wp\/v2\/product_cat?post=42092"},{"taxonomy":"product_tag","embeddable":true,"href":"https:\/\/galicianparts.com\/shop\/wp-json\/wp\/v2\/product_tag?post=42092"}],"curies":[{"name":"wp","href":"https:\/\/api.w.org\/{rel}","templated":true}]}}