{"id":4212,"date":"2020-09-29T13:53:22","date_gmt":"2020-09-29T11:53:22","guid":{"rendered":"https:\/\/galicianparts.com\/shop\/producto\/46462449-disco-de-embrague-fiat-panda-uno-original\/"},"modified":"2023-12-13T12:49:07","modified_gmt":"2023-12-13T10:49:07","slug":"46462449-disco-de-embrague-fiat-panda-uno-original","status":"publish","type":"product","link":"https:\/\/galicianparts.com\/shop\/producto\/46462449-disco-de-embrague-fiat-panda-uno-original\/","title":{"rendered":"46462449 Disco embrague Fiat Panda \/Uno \/Seicento \/Lancia Y10 NUEVO ORIGINAL"},"content":{"rendered":"<p>46523832 Disco del embrague de:<\/p>\n<p>AUTOBIANCHI Y10 Hatchback<br \/>\n1.1, A\u00f1o 02.1990 &#8211; 09.1992, 1108 ccm, 50 cv<br \/>\n1.1 i.e. Cat, A\u00f1o 09.1990 &#8211; 10.1995, 1108 ccm, 57 cv<\/p>\n<p>FIAT Cinquecento (170)<br \/>\n1.1 Sporting, A\u00f1o 10.1994 &#8211; 01.1998, 1108 ccm, 54 cv<br \/>\nFIAT Punto I (176)<br \/>\n1.1 55, A\u00f1o 09.1993 &#8211; 09.1999, 1108 ccm, 54 cv<br \/>\n1.2 60, A\u00f1o 01.1994 &#8211; 09.1999, 1242 ccm, 58 cv<br \/>\n60 1.2 (176AP, 176AR, 176AQ, 176BB), A\u00f1o 09.1993 &#8211; 09.1999, 1242 ccm, 60 cv<br \/>\n1.2 75, A\u00f1o 10.1993 &#8211; 09.1999, 1242 ccm, 73 cv<br \/>\nFIAT Uno Hatchback (146)<br \/>\n1.1, A\u00f1o 04.1986 &#8211; 06.2006, 1108 ccm, 56 cv<br \/>\n45 i.e. 1.0 (146E, 146A), A\u00f1o 10.1984 &#8211; 10.1995, 999 ccm, 45 cv<br \/>\n1.1 50, A\u00f1o 01.1990 &#8211; 12.1993, 1108 ccm, 50 cv<br \/>\n1.1 i.e. 50, A\u00f1o 06.1992 &#8211; 12.1993, 1116 ccm, 49 cv<br \/>\nFIAT Palio I Hatchback (178)<br \/>\n1.1, A\u00f1o 07.1997 &#8211; 10.2003, 1108 ccm, 54 cv<br \/>\n1.2, A\u00f1o 07.1997 &#8211; 08.2002, 1242 ccm, 60 cv<br \/>\nFIAT Palio I Weekend (178)<br \/>\n1.2, A\u00f1o 04.1996 &#8211; 02.2004, 1242 ccm, 73 cv<br \/>\n1.2 (178DYA1A, 178DXS1A), A\u00f1o 07.1997 &#8211; 10.2004, 1242 ccm, 60 cv<br \/>\nFIAT Seicento \/ 600 Hatchback (187)<br \/>\n1.1 (187AXB, 187AXB1A, 187AXC1A02), A\u00f1o 01.1998 &#8211; 01.2010, 1108 ccm, 54 cv<br \/>\nFIAT Strada Pick-up (178)<br \/>\n1.2, A\u00f1o 04.2003 &#8211; &#8230;, 1242 ccm, 60 cv<br \/>\n1.2, A\u00f1o 06.1999 &#8211; 12.2006, 1242 ccm, 73 cv<br \/>\nFIAT Punto II Hatchback (188)<br \/>\n1.2 60, A\u00f1o 09.1999 &#8211; 12.2010, 1242 ccm, 60 cv<br \/>\n1.2 Bifuel, A\u00f1o 08.2007 &#8211; 03.2012, 1242 ccm, 60 cv<br \/>\n1.2 Bipower (188BXA1A), A\u00f1o 08.2001 &#8211; 05.2003, 1242 ccm, 60 cv<br \/>\n1.2 Natural Power, A\u00f1o 09.2003 &#8211; 03.2012, 1242 ccm, 60 cv<br \/>\n1.2 Natural Power (188BXA1A), A\u00f1o 04.2004 &#8211; 04.2006, 1242 ccm, 52 cv<br \/>\nFIAT Siena (178, 172)<br \/>\n1.3 (178CXG1AAM, 178CXG1AAP, 178CXG1AAT), A\u00f1o 09.1998 &#8211; 12.2002, 1242 ccm, 73 cv<br \/>\n1.3 (178CXS1AAI, 178BYA1AAT, 178CYA1AAT), A\u00f1o 09.2001 &#8211; 12.2012, 1242 ccm, 60 cv<br \/>\nFIAT Panda II Hatchback (169)<br \/>\n1.1 (169.AXA1A), A\u00f1o 09.2003 &#8211; &#8230;, 1108 ccm, 54 cv<br \/>\n1.2 (169.AXB11, 169.AXB1A), A\u00f1o 09.2003 &#8211; &#8230;, 1242 ccm, 60 cv<br \/>\n1.2 4&#215;4 (169.AXB2A), A\u00f1o 10.2004 &#8211; &#8230;, 1242 ccm, 60 cv<br \/>\n1.2 LPG (169.AXB1A), A\u00f1o 04.2009 &#8211; &#8230;, 1242 ccm, 60 cv<br \/>\n1.2 LPG (169CXF1A), A\u00f1o 11.2010 &#8211; 08.2013, 1242 ccm, 69 cv<br \/>\n1.2 Natural Power (169.AXB1A), A\u00f1o 01.2007 &#8211; 12.2011, 1242 ccm, 60 cv<\/p>\n<p>LANCIA Y10 (156)<br \/>\n1.1 Fire (156AG), A\u00f1o 01.1995 &#8211; 12.1995, 1108 ccm, 54 cv<br \/>\n1.1 Fire A las 4 ruedas (156AG), A\u00f1o 01.1995 &#8211; 12.1995, 1108 ccm, 54 cv<br \/>\n1.1 i.e. Fire, A\u00f1o 07.1989 &#8211; 09.1995, 1108 ccm, 50 cv<br \/>\n1.1 i.e. Fire Allrad, A\u00f1o 09.1992 &#8211; 12.1995, 1108 ccm, 50 cv<br \/>\nLANCIA Y (840)<br \/>\n1.1, A\u00f1o 11.1995 &#8211; 09.2003, 1108 ccm, 54 cv<br \/>\n1.2, A\u00f1o 03.1996 &#8211; 09.2003, 1242 ccm, 60 cv<br \/>\nLANCIA Ypsilon II (843)<br \/>\n1.2 (843.AXA1A), A\u00f1o 10.2003 &#8211; 12.2011, 1242 ccm, 60 cv<\/p>\n<p>LA PIEZA ES NUEVA Y ORIGINAL.<\/p>\n","protected":false},"excerpt":{"rendered":"<p>46523832 Disco del embrague de: AUTOBIANCHI Y10 Hatchback 1.1, A\u00f1o 02.1990 &#8211; 09.1992, 1108 ccm, 50 cv 1.1 i.e. Cat, A\u00f1o 09.1990 &#8211; 10.1995, 1108 ccm, 57 cv FIAT Cinquecento (170) 1.1 Sporting, A\u00f1o 10.1994 &#8211; 01.1998, 1108 ccm, 54 cv FIAT Punto I (176) 1.1 55, A\u00f1o 09.1993 &#8211; 09.1999, 1108 ccm, 54 cv [&hellip;]<\/p>\n","protected":false},"featured_media":80700,"template":"","meta":{"_seopress_robots_primary_cat":"","_seopress_titles_title":"","_seopress_titles_desc":"","_seopress_robots_index":""},"product_cat":[25,84,20,21,98,99,101,106,107,109,114,126,64,127],"product_tag":[],"class_list":{"0":"post-4212","1":"product","2":"type-product","3":"status-publish","4":"has-post-thumbnail","6":"product_cat-recambios-autobianchi","7":"product_cat-recambios-fiat-cinquecento","8":"product_cat-recambios-fiat","9":"product_cat-recambios-lancia","10":"product_cat-recambios-fiat-palio","11":"product_cat-recambios-fiat-panda","12":"product_cat-recambios-fiat-punto","13":"product_cat-recambios-fiat-seicento","14":"product_cat-recambios-fiat-siena","15":"product_cat-recambios-fiat-strada","16":"product_cat-recambios-fiat-uno","17":"product_cat-recambios-lancia-y10","18":"product_cat-recambios-autobianchi-y10","19":"product_cat-recambios-lancia-ypsilon","21":"first","22":"outofstock","23":"taxable","24":"shipping-taxable","25":"purchasable","26":"product-type-simple"},"_links":{"self":[{"href":"https:\/\/galicianparts.com\/shop\/wp-json\/wp\/v2\/product\/4212"}],"collection":[{"href":"https:\/\/galicianparts.com\/shop\/wp-json\/wp\/v2\/product"}],"about":[{"href":"https:\/\/galicianparts.com\/shop\/wp-json\/wp\/v2\/types\/product"}],"wp:featuredmedia":[{"embeddable":true,"href":"https:\/\/galicianparts.com\/shop\/wp-json\/wp\/v2\/media\/80700"}],"wp:attachment":[{"href":"https:\/\/galicianparts.com\/shop\/wp-json\/wp\/v2\/media?parent=4212"}],"wp:term":[{"taxonomy":"product_cat","embeddable":true,"href":"https:\/\/galicianparts.com\/shop\/wp-json\/wp\/v2\/product_cat?post=4212"},{"taxonomy":"product_tag","embeddable":true,"href":"https:\/\/galicianparts.com\/shop\/wp-json\/wp\/v2\/product_tag?post=4212"}],"curies":[{"name":"wp","href":"https:\/\/api.w.org\/{rel}","templated":true}]}}