{"id":42148,"date":"2022-03-15T13:04:28","date_gmt":"2022-03-15T11:04:28","guid":{"rendered":"https:\/\/galicianparts.com\/shop\/producto\/46407731-manguito-calefaccion-fiat-punto-m1-2-1997-1999-nuevo-original\/"},"modified":"2026-01-08T15:48:30","modified_gmt":"2026-01-08T13:48:30","slug":"46407731-manguito-calefaccion-fiat-punto-m1-2-1997-1999-nuevo-original","status":"publish","type":"product","link":"https:\/\/galicianparts.com\/shop\/producto\/46407731-manguito-calefaccion-fiat-punto-m1-2-1997-1999-nuevo-original\/","title":{"rendered":"46407731 Manguito calefacci\u00f3n Fiat Punto M1.2 (1997-1999) NUEVO ORIGINAL"},"content":{"rendered":"<p>Tubo del radiador del m\u00f3dulo de la calefacci\u00f3n de:<br \/>\nFIAT &#8211; NV PUNTO (1993-1997) 1.2 MPI<br \/>\nFIAT &#8211; NV PUNTO (1993-1997) 1.2 SPI \u00abSELECTA<br \/>\nFIAT &#8211; NV PUNTO (1993-1997) 1.2 MPI<br \/>\nFIAT &#8211; 1A PUNTO BZ. GAMMA &#8217;97 (1997-1999) 1242 MPI 8V<br \/>\nFIAT &#8211; 1A PUNTO BZ. GAMMA &#8217;97 (1997-1999) 1242 MPI 16V<br \/>\nFIAT &#8211; 1A PUNTO BZ. GAMMA &#8217;97 (1997-1999) 1242 MPI 8V<br \/>\nFIAT &#8211; 1A PUNTO BZ. GAMMA &#8217;97 (1997-1999) 1242 MPI 8V<\/p>\n<p>LA PIEZA ES NUEVA Y ORIGINAL.<\/p>\n","protected":false},"excerpt":{"rendered":"<p>Tubo del radiador del m\u00f3dulo de la calefacci\u00f3n de: FIAT &#8211; NV PUNTO (1993-1997) 1.2 MPI FIAT &#8211; NV PUNTO (1993-1997) 1.2 SPI \u00abSELECTA FIAT &#8211; NV PUNTO (1993-1997) 1.2 MPI FIAT &#8211; 1A PUNTO BZ. GAMMA &#8217;97 (1997-1999) 1242 MPI 8V FIAT &#8211; 1A PUNTO BZ. GAMMA &#8217;97 (1997-1999) 1242 MPI 16V FIAT &#8211; [&hellip;]<\/p>\n","protected":false},"featured_media":42149,"template":"","meta":{"_seopress_robots_primary_cat":"","_seopress_titles_title":"","_seopress_titles_desc":"","_seopress_robots_index":""},"product_cat":[20,101],"product_tag":[],"class_list":{"0":"post-42148","1":"product","2":"type-product","3":"status-publish","4":"has-post-thumbnail","6":"product_cat-recambios-fiat","7":"product_cat-recambios-fiat-punto","9":"first","10":"outofstock","11":"taxable","12":"shipping-taxable","13":"purchasable","14":"product-type-simple"},"_links":{"self":[{"href":"https:\/\/galicianparts.com\/shop\/wp-json\/wp\/v2\/product\/42148"}],"collection":[{"href":"https:\/\/galicianparts.com\/shop\/wp-json\/wp\/v2\/product"}],"about":[{"href":"https:\/\/galicianparts.com\/shop\/wp-json\/wp\/v2\/types\/product"}],"wp:featuredmedia":[{"embeddable":true,"href":"https:\/\/galicianparts.com\/shop\/wp-json\/wp\/v2\/media\/42149"}],"wp:attachment":[{"href":"https:\/\/galicianparts.com\/shop\/wp-json\/wp\/v2\/media?parent=42148"}],"wp:term":[{"taxonomy":"product_cat","embeddable":true,"href":"https:\/\/galicianparts.com\/shop\/wp-json\/wp\/v2\/product_cat?post=42148"},{"taxonomy":"product_tag","embeddable":true,"href":"https:\/\/galicianparts.com\/shop\/wp-json\/wp\/v2\/product_tag?post=42148"}],"curies":[{"name":"wp","href":"https:\/\/api.w.org\/{rel}","templated":true}]}}