{"id":42171,"date":"2022-03-15T14:10:07","date_gmt":"2022-03-15T12:10:07","guid":{"rendered":"https:\/\/galicianparts.com\/shop\/producto\/4368201-pack-5-topes-sujecion-gomas-fiat-lancia-alfa-romeo-nuevo-original\/"},"modified":"2022-12-30T14:56:50","modified_gmt":"2022-12-30T12:56:50","slug":"4368201-pack-5-topes-sujecion-gomas-fiat-lancia-alfa-romeo-nuevo-original","status":"publish","type":"product","link":"https:\/\/galicianparts.com\/shop\/producto\/4368201-pack-5-topes-sujecion-gomas-fiat-lancia-alfa-romeo-nuevo-original\/","title":{"rendered":"4368201 Pack 5 topes sujeci\u00f3n gomas Fiat \/ Lancia \/ Alfa Romeo NUEVO ORIGINAL"},"content":{"rendered":"<p>Juego, set de 5 clips de bater\u00eda, asientos, perfiles de goma de las puertas, cap\u00f3, etc. de:<br \/>\nDi\u00e1metro: 5mm.<br \/>\nFIAT &#8211; 1V BRAVA BZ\/DS (1995-1998)<br \/>\nFIAT &#8211; 1M BRAVA G.98 BZ\/DS (1998-2001)<br \/>\nFIAT &#8211; 1U BRAVO BZ\/DS (1995-1998)<br \/>\nFIAT &#8211; 1L BRAVO G.98 BZ\/DS (1998-2001)<br \/>\nFIAT &#8211; 2T CROMA (2005-2010)<br \/>\nFIAT &#8211; MZ CROMA CHT FL.90 (1990-1992)<br \/>\nFIAT &#8211; MY CROMA IE-IE TB. FL.90 (1990-1996)<br \/>\nFIAT &#8211; NQ CROMA IE. 2500 V6 (1993-1996)<br \/>\nFIAT &#8211; MJ CROMA TURBO DS FL.90 (1990-1996)<br \/>\nFIAT &#8211; 3S GRANDE PUNTO INTERN. INDIA (2008-2014)<br \/>\nFIAT &#8211; 2S IDEA (2003-2008)<br \/>\nFIAT &#8211; 4D IDEA (2008-2012)<br \/>\nFIAT &#8211; 3M LINEA (2007-&#8230;.)<br \/>\nFIAT &#8211; 0C LINEA INDIA FL2014 (2014-&#8230;.)<br \/>\nFIAT &#8211; PT MAREA BENZINA (1996-1999)<br \/>\nFIAT &#8211; 1Q MAREA BZ GAMMA&#8217;99 (1999-2002)<br \/>\nFIAT &#8211; PU MAREA DIESEL (1996-1999)<br \/>\nFIAT &#8211; 1R MAREA DS GAMMA&#8217;99 (1999-2002)<br \/>\nFIAT &#8211; XS MILLE CLIP (1995-1997)<br \/>\nFIAT &#8211; 1F MULTIPLA (1998-2010)<br \/>\nFIAT &#8211; 3L NUOVA BRAVO (2007-2009)<br \/>\nFIAT &#8211; 3Y NUOVA BRAVO MY 2010 (2010-2014)<br \/>\nFIAT &#8211; 1X PALIO 2V EXTRA EUROPA (1997-2002)<br \/>\nFIAT &#8211; 2H PALIO 2V EXTRA EUROPA REST. 2002 (2002-2011)<br \/>\nFIAT &#8211; 3D PALIO 2V REST.2 (2005-2011)<br \/>\nFIAT &#8211; 2G PALIO WE EUROPA REST. (2002-2004)<br \/>\nFIAT &#8211; 1Y PALIO WE EXTRA EUROPA (1997-2002)<br \/>\nFIAT &#8211; 2K PALIO WE EXTRA EUROPA REST. 2002 (2002-2008)<br \/>\nFIAT &#8211; 3F PALIO WEEKEND REST.2 (2005-2009)<br \/>\nFIAT &#8211; PY PALIO\/WEEKEND EUROPA (1997-2002)<br \/>\nFIAT &#8211; 1S PANDA 4X2 MAQ 91 (1991-2003)<br \/>\nFIAT &#8211; LV PANDA 4X2 RL\/86(1985-1991)<br \/>\nFIAT &#8211; 1T PANDA 4X4 MAQ 91 (1991-2003)<br \/>\nFIAT &#8211; 2R PANDA 4X4 R\/86 (1985-1991)<br \/>\nFIAT &#8211; 2P PANDA DS (1986-1993)<br \/>\nFIAT &#8211; 3K PERLA CINA (2006-2007)<br \/>\nFIAT &#8211; NV PUNTO 55-60-75-90 (1993-1997)<br \/>\nFIAT &#8211; 1A PUNTO BZ. GAMMA &#8217;97 (1997-1999)<br \/>\nFIAT &#8211; PF PUNTO CABRIO (1994-1997)<br \/>\nFIAT &#8211; 1C PUNTO CABRIO GAMMA&#8217;97 (1997-2000)<br \/>\nFIAT &#8211; NX PUNTO D-TD (1993-1997)<br \/>\nFIAT &#8211; NW PUNTO GT (1993-1997)<br \/>\nFIAT &#8211; 1B PUNTO TB.DS. GAMMA&#8217;97 (1997-1999)<br \/>\nFIAT &#8211; 2A SIENA EXTRA EUROPA (1997-2002)<br \/>\nFIAT &#8211; 2L SIENA EXTRA EUROPA REST.(2002-2012)<br \/>\nFIAT &#8211; 3E SIENA REST.2 (2005-2011)<br \/>\nFIAT &#8211; 2C STILO BZ\/DS (2001-2003)<br \/>\nFIAT &#8211; 2V STILO F.L.L. 2003 (2003-2007)<br \/>\nFIAT &#8211; MV TEMPRA 1370-1580 (1989-1993)<br \/>\nFIAT &#8211; MW TEMPRA 1750-2000 (1989-1993)<br \/>\nFIAT &#8211; MX TEMPRA DIESEL-TURBO D.(1989-1993)<br \/>\nFIAT &#8211; NY TEMPRA MAQ.93 1370-1580 (&#8217;93-&#8217;96)<br \/>\nFIAT &#8211; NZ TEMPRA MAQ.93 1750-2000 (&#8217;93-&#8217;96)<br \/>\nFIAT &#8211; NJ TEMPRA MQ.93 D-TD (1993-1996)<br \/>\nFIAT &#8211; ME TIPO 1100-1370-1580 (1987-1993)<br \/>\nFIAT &#8211; NG TIPO 1750-2000 (1990-1993)<br \/>\nFIAT &#8211; MF TIPO DIESEL-T.DS. (1987-1993)<br \/>\nFIAT &#8211; NT TIPO MAQ.93 D-TD (1993-1995)<br \/>\nFIAT &#8211; NS TIPO MQ.93 1370-1580 (1993-1995)<br \/>\nFIAT &#8211; NU TIPO MQ.93 1750-2000 (1993-1995)<br \/>\nFIAT &#8211; MP TIPO SPORT 16V IE. (1988-1993)<br \/>\nFIAT &#8211; MU UNO DIESEL R\/89 (1989-1995)<br \/>\nFIAT &#8211; 1D UNO MONDO (1995-2010)<br \/>\nFIAT &#8211; MS UNO R\/89 1.1-1370-1.5 (1989-1995)<br \/>\nFIAT &#8211; MR UNO R\/89 900-1.0-1.1 (1989-1995)<br \/>\nFIAT &#8211; MT UNO TURBO R\/89 (1989-1993)<br \/>\nALFA ROMEO &#8211; U1 145 BZ\/DS (1994-1996)<br \/>\nALFA ROMEO &#8211; T5 145 GAMMA 97 (1997-1999)<br \/>\nALFA ROMEO &#8211; W3 145 M.Y. &#8217;99 (1999-2000)<br \/>\nALFA ROMEO &#8211; U2 146 BZ\/DS (1995-1996)<br \/>\nALFA ROMEO &#8211; T6 146 GAMMA 97 (1997-1999)<br \/>\nALFA ROMEO &#8211; W4 146 M.Y. &#8217;99 (1999-2000)<br \/>\nALFA ROMEO &#8211; W8 147 BZ\/DS (2000-2010)<br \/>\nALFA ROMEO &#8211; U5 155 ASPIRATO (1992-1996)<br \/>\nALFA ROMEO &#8211; T3 155 GAMMA 96 BZ (1996-1997)<br \/>\nALFA ROMEO &#8211; T4 155 GAMMA 96 DS (1996-1997)<br \/>\nALFA ROMEO &#8211; U6 155 TURBO BZ-DS (1992-1996)<br \/>\nALFA ROMEO &#8211; T7 156 BENZINA (1997-2002)<br \/>\nALFA ROMEO &#8211; X1 156 M.Y.2002 BZ\/DS (2001-2005)<br \/>\nALFA ROMEO &#8211; T8 156 TD.ID. (1997-2002)<br \/>\nALFA ROMEO &#8211; X8 159 MY11 (2010-2011)<br \/>\nALFA ROMEO &#8211; W9 166 BZ-DS (1998-2007)<br \/>\nALFA ROMEO &#8211; X3 ALFA 159 (2005-2008)<br \/>\nALFA ROMEO &#8211; X9 ALFA 159 (2008-2010)<br \/>\nALFA ROMEO &#8211; X4 BRERA COUPE&#8217; (2005-2008)<br \/>\nALFA ROMEO &#8211; 12 BRERA COUPE&#8217; M.Y. (2008-2010)<br \/>\nALFA ROMEO &#8211; U8 GTV (1995-1998)<br \/>\nALFA ROMEO &#8211; X7 GIULIETTA (2010-2013)<br \/>\nALFA ROMEO &#8211; 5Y GIULIETTA M.Y. 2013 (2013 &#8211; &#8230;)<br \/>\nALFA ROMEO &#8211; X2 GT (2003-2010)<br \/>\nALFA ROMEO &#8211; W0 GTV &#8217;98 (1998-2005)<br \/>\nALFA ROMEO &#8211; U7 NUOVO SPIDER (1995-1998)<br \/>\nALFA ROMEO &#8211; X5 NUOVO SPIDER (2006-2008)<br \/>\nALFA ROMEO &#8211; 13 NUOVO SPIDER M.Y. (2008-2010)<br \/>\nALFA ROMEO &#8211; U9 SPIDER &#8217;98 (1998-2006)<br \/>\nLANCIA &#8211; RY DEDRA BENZINA (1989-1994)<br \/>\nLANCIA &#8211; SL DEDRA FL.94 1580-1750 8\/16V 2000 (1994-1999)<br \/>\nLANCIA &#8211; SM DEDRA FL.94 1750-2.0 (1994-1999)<br \/>\nLANCIA &#8211; SN DEDRA FL.94 T.DS (1994-1999)<br \/>\nLANCIA &#8211; RJ DEDRA IE.TB.INTEGRALE (1990-1994)<br \/>\nLANCIA &#8211; RZ DEDRA TURBO DIESEL (1989-1994)<br \/>\nLANCIA &#8211; SS KAPPA 3.0 V6 (1994-2001)<br \/>\nLANCIA &#8211; SP KAPPA BZ 2000-2400 (1994-2001)<br \/>\nLANCIA &#8211; SR KAPPA DIESEL (1994-2001)<br \/>\nLANCIA &#8211; TN LANCIA DELTA MY 2011 (2011-2014)<br \/>\nLANCIA &#8211; SX LYBRA BZ (1999-2005)<br \/>\nLANCIA &#8211; SY LYBRA DS (1999-2005)<br \/>\nLANCIA &#8211; TG MUSA (2004-2007)<br \/>\nLANCIA &#8211; TJ MUSA (2007-2011)<br \/>\nLANCIA &#8211; 43 MUSA FLL (2011-2012)<br \/>\nLANCIA &#8211; SF N.DELTA 1400-1600-1800(1993-1999)<br \/>\nLANCIA &#8211; SG N.DELTA 2.0 -1750 132CV (&#8217;93-&#8217;99)<br \/>\nLANCIA &#8211; SQ N.DELTA TB\/DS (1994-1999)<br \/>\nLANCIA &#8211; TH NUOVA DELTA 844 (2008-2011)<br \/>\nLANCIA &#8211; SU Y (1995-2000)<br \/>\nLANCIA &#8211; TA Y FL.2000 (2000-2003)<br \/>\nLANCIA &#8211; TE YPSILON (2003-2009)<br \/>\nLANCIA &#8211; TI YPSILON (2009-2011)<br \/>\nFIAT PROFESSIONAL &#8211; 1W DOBLO (2000-2004)<br \/>\nFIAT PROFESSIONAL &#8211; 2W DOBLO MY. 2004 (2004-2005)<br \/>\nFIAT PROFESSIONAL &#8211; 3C DOBLO REST. 2005 (2005-&#8230;.)<br \/>\nFIAT PROFESSIONAL &#8211; 3N NUOVO FIORINO-QUBO (2007-&#8230;.)<br \/>\nFIAT PROFESSIONAL &#8211; 1G STRADA (1999-2005)<br \/>\nFIAT PROFESSIONAL &#8211; 52 STRADA 2011 (2011-2014)<br \/>\nFIAT PROFESSIONAL &#8211; 3G STRADA REST. 2 (2005-2011)<\/p>\n<p> LA PIEZA ES NUEVA Y ORIGINAL.<\/p>\n","protected":false},"excerpt":{"rendered":"<p>Juego, set de 5 clips de bater\u00eda, asientos, perfiles de goma de las puertas, cap\u00f3, etc. de: Di\u00e1metro: 5mm. FIAT &#8211; 1V BRAVA BZ\/DS (1995-1998) FIAT &#8211; 1M BRAVA G.98 BZ\/DS (1998-2001) FIAT &#8211; 1U BRAVO BZ\/DS (1995-1998) FIAT &#8211; 1L BRAVO G.98 BZ\/DS (1998-2001) FIAT &#8211; 2T CROMA (2005-2010) FIAT &#8211; MZ CROMA CHT [&hellip;]<\/p>\n","protected":false},"featured_media":42175,"template":"","meta":{"_seopress_robots_primary_cat":"","_seopress_titles_title":"","_seopress_titles_desc":"","_seopress_robots_index":""},"product_cat":[45,46,44,48,49,51,16,81,82,52,86,117,118,87,20,91,53,50,55,93,119,21,94,120,95,96,121,98,99,100,101,107,56,108,109,111,112,114,127],"product_tag":[],"class_list":{"0":"post-42171","1":"product","2":"type-product","3":"status-publish","4":"has-post-thumbnail","6":"product_cat-recambios-alfa-romeo-145","7":"product_cat-recambios-alfa-romeo-146","8":"product_cat-recambios-alfa-romeo-147","9":"product_cat-recambios-alfa-romeo-155","10":"product_cat-recambios-alfa-romeo-156","11":"product_cat-recambios-alfa-romeo-159","12":"product_cat-recambios-alfa-romeo","13":"product_cat-recambios-fiat-brava","14":"product_cat-recambios-fiat-bravo","15":"product_cat-recambios-alfa-romeo-brera","16":"product_cat-recambios-fiat-croma","17":"product_cat-recambios-lancia-dedra","18":"product_cat-recambios-lancia-delta","19":"product_cat-recambios-fiat-doblo","20":"product_cat-recambios-fiat","21":"product_cat-recambios-fiat-fiorino","22":"product_cat-recambios-alfa-romeo-giulietta","23":"product_cat-recambios-alfa-romeo-gt","24":"product_cat-recambios-alfa-romeo-gtv","25":"product_cat-recambios-fiat-idea","26":"product_cat-recambios-lancia-kappa","27":"product_cat-recambios-lancia","28":"product_cat-recambios-fiat-linea","29":"product_cat-recambios-lancia-lybra","30":"product_cat-recambios-fiat-marea","31":"product_cat-recambios-fiat-multipla","32":"product_cat-recambios-lancia-musa","33":"product_cat-recambios-fiat-palio","34":"product_cat-recambios-fiat-panda","35":"product_cat-recambios-fiat-perla","36":"product_cat-recambios-fiat-punto","37":"product_cat-recambios-fiat-siena","38":"product_cat-recambios-alfa-romeo-spider","39":"product_cat-recambios-fiat-stilo","40":"product_cat-recambios-fiat-strada","41":"product_cat-recambios-fiat-tempra","42":"product_cat-recambios-fiat-tipo","43":"product_cat-recambios-fiat-uno","44":"product_cat-recambios-lancia-ypsilon","46":"first","47":"outofstock","48":"taxable","49":"shipping-taxable","50":"purchasable","51":"product-type-simple"},"_links":{"self":[{"href":"https:\/\/galicianparts.com\/shop\/wp-json\/wp\/v2\/product\/42171"}],"collection":[{"href":"https:\/\/galicianparts.com\/shop\/wp-json\/wp\/v2\/product"}],"about":[{"href":"https:\/\/galicianparts.com\/shop\/wp-json\/wp\/v2\/types\/product"}],"wp:featuredmedia":[{"embeddable":true,"href":"https:\/\/galicianparts.com\/shop\/wp-json\/wp\/v2\/media\/42175"}],"wp:attachment":[{"href":"https:\/\/galicianparts.com\/shop\/wp-json\/wp\/v2\/media?parent=42171"}],"wp:term":[{"taxonomy":"product_cat","embeddable":true,"href":"https:\/\/galicianparts.com\/shop\/wp-json\/wp\/v2\/product_cat?post=42171"},{"taxonomy":"product_tag","embeddable":true,"href":"https:\/\/galicianparts.com\/shop\/wp-json\/wp\/v2\/product_tag?post=42171"}],"curies":[{"name":"wp","href":"https:\/\/api.w.org\/{rel}","templated":true}]}}