{"id":42210,"date":"2022-03-16T10:21:40","date_gmt":"2022-03-16T08:21:40","guid":{"rendered":"https:\/\/galicianparts.com\/shop\/producto\/82457551-intermitente-lateral-lancia-thema-8-32-delta-hpe-dedra-fiat-barchetta-original\/"},"modified":"2022-03-16T17:38:50","modified_gmt":"2022-03-16T15:38:50","slug":"82457551-intermitente-lateral-lancia-thema-8-32-delta-hpe-dedra-fiat-barchetta-original","status":"publish","type":"product","link":"https:\/\/galicianparts.com\/shop\/producto\/82457551-intermitente-lateral-lancia-thema-8-32-delta-hpe-dedra-fiat-barchetta-original\/","title":{"rendered":"82457551 Intermitente lateral Lancia Thema 8.32 \/ Delta HPE \/ Dedra \/ Fiat Barchetta ORIGINAL"},"content":{"rendered":"<p>Faro intermitente lateral de:<br \/>\nFIAT &#8211; PK BARCHETTA (1995-2004) JAP\u00d3N<br \/>\nFIAT &#8211; PC COUPE&#8217; (1994-1996) JAP\u00d3N<br \/>\nFIAT &#8211; PX COUPE&#8217; GAMMA&#8217;96 (1996-2000) JAP\u00d3N<br \/>\nFIAT &#8211; MZ CROMA CHT FL.90 (1990-1992)<br \/>\nFIAT &#8211; MY CROMA IE-IE TB. FL.90 (1990-1996)<br \/>\nFIAT &#8211; NQ CROMA IE. 2500 V6 (1993-1996)<br \/>\nFIAT &#8211; MJ CROMA TURBO DS FL.90 (1990-1996)<br \/>\nLANCIA &#8211; RY DEDRA BENZINA (1989-1994)<br \/>\nLANCIA &#8211; SL DEDRA FL.94 1580-1750 8\/16V 2000 (1994-1999)<br \/>\nLANCIA &#8211; SM DEDRA FL.94 1750-2.0 (1994-1999)<br \/>\nLANCIA &#8211; SN DEDRA FL.94 T.DS (1994-1999)<br \/>\nLANCIA &#8211; RJ DEDRA IE.TB.INTEGRALE (1990-1994)<br \/>\nLANCIA &#8211; RZ DEDRA TURBO DIESEL (1989-1994)<br \/>\nLANCIA &#8211; SF N.DELTA (1993-1999) 1372 SPI\u00bbMJ\u00bb \/ 1580 8V \/ 1750 105CV (77KW) \/ 1750 90CV (66KW) \/ 1750 CEE F2 97CV (71KW) \/ 1750 CEE F2 90CV (66KW) \/ 1372 SPI\u00bbMM\u00bb CEE F2<br \/>\nLANCIA &#8211; SF N.DELTA (1993-1999) 1750 CEE F2 16V 115CV \/ 1580 CEE F2 16V 103CV \/ 1580 CEE F2 16V 90CV<br \/>\nLANCIA &#8211; SG N.DELTA 2.0 -1750 132CV (&#8217;93-&#8217;99)<br \/>\nLANCIA &#8211; SQ N.DELTA TB\/DS (1994-1999)<br \/>\nLANCIA &#8211; SD THEMA 3.0 V6 FL.92 (1992-1994)<br \/>\nLANCIA &#8211; SZ THEMA R.88 (1988-1992) BN 8V \/ BN 16V \/ SW 16V \/ BN TB LX 16V<br \/>\nLANCIA &#8211; SZ THEMA R.88 (1988-1992) BN TB\/DS \/ SW TB\/DS \/ BN 6V<br \/>\nLANCIA &#8211; SZ THEMA FERRARI (1988-1992)<br \/>\nLANCIA &#8211; SE THEMA I.E. 8V FL.92 (1992-1994)<br \/>\nLANCIA &#8211; SB THEMA IE. 16V FL.92 (1992-1994)<br \/>\nLANCIA &#8211; SC THEMA TURBO DS FL.92 (1992-1994)<\/p>\n<p>LA PIEZA ES NUEVA Y ORIGINAL.<\/p>\n","protected":false},"excerpt":{"rendered":"<p>Faro intermitente lateral de: FIAT &#8211; PK BARCHETTA (1995-2004) JAP\u00d3N FIAT &#8211; PC COUPE&#8217; (1994-1996) JAP\u00d3N FIAT &#8211; PX COUPE&#8217; GAMMA&#8217;96 (1996-2000) JAP\u00d3N FIAT &#8211; MZ CROMA CHT FL.90 (1990-1992) FIAT &#8211; MY CROMA IE-IE TB. FL.90 (1990-1996) FIAT &#8211; NQ CROMA IE. 2500 V6 (1993-1996) FIAT &#8211; MJ CROMA TURBO DS FL.90 (1990-1996) LANCIA [&hellip;]<\/p>\n","protected":false},"featured_media":42223,"template":"","meta":{"_seopress_robots_primary_cat":"","_seopress_titles_title":"","_seopress_titles_desc":"","_seopress_robots_index":""},"product_cat":[80,85,86,117,118,20,21,124],"product_tag":[],"class_list":{"0":"post-42210","1":"product","2":"type-product","3":"status-publish","4":"has-post-thumbnail","6":"product_cat-recambios-fiat-barchetta","7":"product_cat-recambios-fiat-coupe","8":"product_cat-recambios-fiat-croma","9":"product_cat-recambios-lancia-dedra","10":"product_cat-recambios-lancia-delta","11":"product_cat-recambios-fiat","12":"product_cat-recambios-lancia","13":"product_cat-recambios-lancia-thema","15":"first","16":"outofstock","17":"taxable","18":"shipping-taxable","19":"purchasable","20":"product-type-simple"},"_links":{"self":[{"href":"https:\/\/galicianparts.com\/shop\/wp-json\/wp\/v2\/product\/42210"}],"collection":[{"href":"https:\/\/galicianparts.com\/shop\/wp-json\/wp\/v2\/product"}],"about":[{"href":"https:\/\/galicianparts.com\/shop\/wp-json\/wp\/v2\/types\/product"}],"wp:featuredmedia":[{"embeddable":true,"href":"https:\/\/galicianparts.com\/shop\/wp-json\/wp\/v2\/media\/42223"}],"wp:attachment":[{"href":"https:\/\/galicianparts.com\/shop\/wp-json\/wp\/v2\/media?parent=42210"}],"wp:term":[{"taxonomy":"product_cat","embeddable":true,"href":"https:\/\/galicianparts.com\/shop\/wp-json\/wp\/v2\/product_cat?post=42210"},{"taxonomy":"product_tag","embeddable":true,"href":"https:\/\/galicianparts.com\/shop\/wp-json\/wp\/v2\/product_tag?post=42210"}],"curies":[{"name":"wp","href":"https:\/\/api.w.org\/{rel}","templated":true}]}}