{"id":42311,"date":"2022-03-16T14:07:52","date_gmt":"2022-03-16T12:07:52","guid":{"rendered":"https:\/\/galicianparts.com\/shop\/producto\/9624152580-pinon-3a-velocidad-cambio-fiat-ulysse-scudo-citroen-peugeot-original\/"},"modified":"2025-07-24T14:18:23","modified_gmt":"2025-07-24T12:18:23","slug":"9624152580-pinon-3a-velocidad-cambio-fiat-ulysse-scudo-citroen-peugeot-original","status":"publish","type":"product","link":"https:\/\/galicianparts.com\/shop\/producto\/9624152580-pinon-3a-velocidad-cambio-fiat-ulysse-scudo-citroen-peugeot-original\/","title":{"rendered":"9624152580 Pi\u00f1\u00f3n 3\u00aa velocidad cambio Fiat Ulysse \/Scudo \/Citro\u00ebn \/Peugeot ORIGINAL"},"content":{"rendered":"<p>Engranaje de la tercera velocidad de la relaci\u00f3n del cambio de:<br \/>\nDientes: 35 dientes<br \/>\nAltura: 350mm<br \/>\nDi\u00e1metro interior: 387mm<br \/>\nDi\u00e1metro exterior: 896mm<\/p>\n<p>FIAT &#8211; PG ULYSSE (1994-2002) 2000 IE TB \/ 1905 T.D.EM.08 \/ 1905 T.D.USA 87 \/ 1905 T.D. CEE FASE 2<br \/>\nLANCIA &#8211; SK \u00abZ\u00bb (1994-2002) 2000 I.E. TB.<br \/>\nFIAT PROFESSIONAL &#8211; PE DUCATO&#8217;94 DIESEL (1994-2002) 2500 DS \/ CON CAPACIDAD 10Q \/ CON CAPACIDAD 14Q<br \/>\nFIAT PROFESSIONAL &#8211; PL SCUDO (1995-2004) 1905 TURBO DS EM.09<br \/>\nPEUGEOT &#8211; EXPERT<br \/>\nPEUGEOT &#8211; BOXER<br \/>\nCITROEN &#8211; JUMPER<\/p>\n<p>LA PIEZA ES NUEVA Y ORIGINAL.<\/p>\n","protected":false},"excerpt":{"rendered":"<p>Engranaje de la tercera velocidad de la relaci\u00f3n del cambio de: Dientes: 35 dientes Altura: 350mm Di\u00e1metro interior: 387mm Di\u00e1metro exterior: 896mm FIAT &#8211; PG ULYSSE (1994-2002) 2000 IE TB \/ 1905 T.D.EM.08 \/ 1905 T.D.USA 87 \/ 1905 T.D. CEE FASE 2 LANCIA &#8211; SK \u00abZ\u00bb (1994-2002) 2000 I.E. TB. FIAT PROFESSIONAL &#8211; PE [&hellip;]<\/p>\n","protected":false},"featured_media":42322,"template":"","meta":{"_seopress_robots_primary_cat":"","_seopress_titles_title":"","_seopress_titles_desc":"","_seopress_robots_index":""},"product_cat":[155,23,88,156,20,137,138,24,104,113],"product_tag":[],"class_list":{"0":"post-42311","1":"product","2":"type-product","3":"status-publish","4":"has-post-thumbnail","6":"product_cat-recambios-peugeot-boxer","7":"product_cat-recambios-citroen","8":"product_cat-recambios-fiat-ducato","9":"product_cat-recambios-peugeot-expert","10":"product_cat-recambios-fiat","11":"product_cat-recambios-citroen-jumper","12":"product_cat-recambios-citroen-jumpy","13":"product_cat-recambios-peugeot","14":"product_cat-recambios-fiat-scudo","15":"product_cat-recambios-fiat-ulysse","17":"first","18":"instock","19":"taxable","20":"shipping-taxable","21":"purchasable","22":"product-type-simple"},"_links":{"self":[{"href":"https:\/\/galicianparts.com\/shop\/wp-json\/wp\/v2\/product\/42311"}],"collection":[{"href":"https:\/\/galicianparts.com\/shop\/wp-json\/wp\/v2\/product"}],"about":[{"href":"https:\/\/galicianparts.com\/shop\/wp-json\/wp\/v2\/types\/product"}],"wp:featuredmedia":[{"embeddable":true,"href":"https:\/\/galicianparts.com\/shop\/wp-json\/wp\/v2\/media\/42322"}],"wp:attachment":[{"href":"https:\/\/galicianparts.com\/shop\/wp-json\/wp\/v2\/media?parent=42311"}],"wp:term":[{"taxonomy":"product_cat","embeddable":true,"href":"https:\/\/galicianparts.com\/shop\/wp-json\/wp\/v2\/product_cat?post=42311"},{"taxonomy":"product_tag","embeddable":true,"href":"https:\/\/galicianparts.com\/shop\/wp-json\/wp\/v2\/product_tag?post=42311"}],"curies":[{"name":"wp","href":"https:\/\/api.w.org\/{rel}","templated":true}]}}