{"id":42324,"date":"2022-03-16T14:28:28","date_gmt":"2022-03-16T12:28:28","guid":{"rendered":"https:\/\/galicianparts.com\/shop\/producto\/77363787-kit-juntas-colector-admision-fiat-lancia-alfa-nuevo-original\/"},"modified":"2022-03-16T14:30:04","modified_gmt":"2022-03-16T12:30:04","slug":"77363787-kit-juntas-colector-admision-fiat-lancia-alfa-nuevo-original","status":"publish","type":"product","link":"https:\/\/galicianparts.com\/shop\/producto\/77363787-kit-juntas-colector-admision-fiat-lancia-alfa-nuevo-original\/","title":{"rendered":"77363787 Kit juntas colector admisi\u00f3n Fiat \/ Lancia \/ Alfa NUEVO ORIGINAL"},"content":{"rendered":"<p>Juego, set de las juntas del colector de admisi\u00f3n de:<br \/>\nFIAT &#8211; 83 500 MY2012 (2012-&#8230;.) 1242 GS &#8211; 1248 DS. Y SIN EURO 6 \/<br \/>\nFIAT &#8211; 83 500 MY2012 (2012-&#8230;.) 1242 GS &#8211; 1248 DS. CON EURO 6 \/<br \/>\nFIAT &#8211; 2Y GRANDE PUNTO (2005-2008) 1.2\u00a0MPI\u00a08V\u00a0CF4<br \/>\nFIAT &#8211; 2Y GRANDE PUNTO (2005-2008) 1.4\u00a0MPI\u00a08V\u00a0CF4<br \/>\nFIAT &#8211; 2Y GRANDE PUNTO (2005-2008) 1.4\u00a0MPI\u00a08V\u00a0CF4 \/ 1400\u00a0MPI\u00a08V\u00a0CF4\u00a0MENOR POTE.\u00a0AUSTRIA<br \/>\nFIAT &#8211; 4C GRANDE PUNTO (2008-2009) 1100-1199 \/ 8 V\u00c1LVULAS \/ 16 V\u00c1LVULAS \/ ASPIRADO<br \/>\nFIAT &#8211; 4C GRANDE PUNTO (2008-2009) 1370 CON GASOLINA CON 8 V\u00c1LVULAS Y SIN ALIMENTACI\u00d3N GLP (EST\u00c1NDAR ITALIA) \/ ASPIRADO<br \/>\nFIAT &#8211; 4C GRANDE PUNTO (2008-2009) 1370 CON GASOLINA CON ALIMENTACI\u00d3N GLP (EST\u00c1NDAR ITALIA) \/ 8 V\u00c1LVULAS \/ 16 V\u00c1LVULAS \/ ASPIRADO<br \/>\nFIAT &#8211; 3X GRANDE PUNTO ACTUAL (2009-2013) 1370 CON LIM.CEE FASE 5 CON GASOLINA Y SIN (ESTABLECIMIENTO DE TRANSFORMACI\u00d3N GLP CON ALIMENTACI\u00d3N GLP (EST\u00c1NDAR ITALIA))<br \/>\nFIAT &#8211; 3X GRANDE PUNTO ACTUAL (2009-2013) GASOLINA \/ METANO<br \/>\nFIAT &#8211; 3X GRANDE PUNTO ACTUAL (2009-2013) GASOLINA CON ALIMENTACI\u00d3N GLP (EST\u00c1NDAR ITALIA)<br \/>\nFIAT &#8211; 3X GRANDE PUNTO ACTUAL (2009-2013) GASOLINA CON ESTABLECIMIENTO DE TRANSFORMACI\u00d3N GLP<br \/>\nFIAT &#8211; 3X GRANDE PUNTO ACTUAL (2009-2013) 1370 CON LIM.CEE FASE 4 CON GASOLINA Y SIN (ESTABLECIMIENTO DE TRANSFORMACI\u00d3N GLP CON ALIMENTACI\u00d3N GLP (EST\u00c1NDAR ITALIA))<br \/>\nFIAT &#8211; 3X GRANDE PUNTO ACTUAL (2009-2013) 1100-1199 CON (LIM.CEE FASE 4 \/ LIM.CEE FASE 5)<br \/>\nFIAT &#8211; 3S GRANDE PUNTO INTERN. INDIA (2008-2014) 1172 FIRE INDIA<br \/>\nFIAT &#8211; 2S IDEA (2003-2008)  1400\u00a08V\u00a0MPI\u00a0CF4\u00a077CV\/57KW<br \/>\nFIAT &#8211; 4D IDEA (2008-2012)  SIN ALIMENTACI\u00d3N GLP (EST\u00c1NDAR ITALIA) \/ 1300-1399CC \/ 8 V\u00c1LVULAS<br \/>\nFIAT &#8211; 4D IDEA (2008-2012) ALIMENTACI\u00d3N GLP (EST\u00c1NDAR ITALIA) CON LIM.CEE FASE 4 \/ 1300-1399CC \/ 8 V\u00c1LVULAS<br \/>\nFIAT &#8211; 4D IDEA (2008-2012) ALIMENTACI\u00d3N GLP (EST\u00c1NDAR ITALIA) CON LIM.CEE FASE 5 \/ 1300-1399CC \/ 8 V\u00c1LVULAS<br \/>\nFIAT &#8211; 3M LINEA (2007-&#8230;.) 1370 \/ 1.4 8V 80CV \/ ASPIRADO \/ 8 V\u00c1LVULAS<br \/>\nFIAT &#8211; 3P NUOVA 500 (2007-2012) 1242-1248 \/  \/ ASPIRADO<br \/>\nFIAT &#8211; 33 NUOVA PANDA (2012-&#8230;.) LIM.CEE FASE 5 \/ 8V.LE 69HP \/ GASOLINA<br \/>\nFIAT &#8211; 33 NUOVA PANDA (2012-&#8230;.) LIM. CEE FASE 6 \/ 8V.LE 69HP \/ GASOLINA<br \/>\nFIAT &#8211; 2H PALIO 2V EXTRA EUROPA REST. 2002 (2002-2011) 1400\u00a08V\u00a080CV\/59KW<br \/>\nFIAT &#8211; 3U PANDA MY 2009 (2009-2010) GASOLINA \/ LIM.CEE FASE 5<br \/>\nFIAT &#8211; 2L SIENA EXTRA EUROPA REST.(2002-2012) 1400\u00a08V\u00a080CV\/59KW\u00a0IRAN \/ 1400\u00a08V\u00a080CV\/59KW<br \/>\nALFA ROMEO &#8211; QZ MITO MY2011 (2011-2013) FIRE 1.4 8V\/16V<br \/>\nALFA ROMEO &#8211; 10 MITO MY2013 (2013-&#8230;.) FIRE 1.4 8V\/16V<br \/>\nLANCIA &#8211; TG MUSA (2004-2007) 1400\u00a08V\u00a0MPI\u00a0CF4\u00a077CV\/57KW<br \/>\nLANCIA &#8211; TJ MUSA (2007-2011)  SIN ALIMENTACI\u00d3N GLP (EST\u00c1NDAR ITALIA) \/ (1300-1399 CC) \/ 8 V\u00c1LVULAS<br \/>\nLANCIA &#8211; TJ MUSA (2007-2011) ALIMENTACI\u00d3N GLP (EST\u00c1NDAR ITALIA) CON LIM.CEE FASE 4 \/ (1300-1399 CC) \/ 8 V\u00c1LVULAS<br \/>\nLANCIA &#8211; TJ MUSA (2007-2011) ALIMENTACI\u00d3N GLP (EST\u00c1NDAR ITALIA) CON LIM.CEE FASE 5 \/ (1300-1399 CC) \/ 8 V\u00c1LVULAS<br \/>\nLANCIA &#8211; 43 MUSA FLL (2011-2012) (1300-1399 CC) \/ 8 V\u00c1LVULAS<br \/>\nLANCIA &#8211; TK NEW YPSILON (2011-&#8230;.)  8V.LE 69CV. Y SIN EURO 6<br \/>\nLANCIA &#8211; TK NEW YPSILON (2011-&#8230;.)  8V.LE 69CV. CON EURO 6<br \/>\nLANCIA &#8211; TE YPSILON (2003-2009) 1400 8V MPI CF4 77CV\/56KW<br \/>\nLANCIA &#8211; TI YPSILON (2009-2011) (1242\u00a0-1248\u00a0CC) \/ GASOLINA \/ LIM.CEE FASE 5<br \/>\nLANCIA &#8211; TI YPSILON (2009-2011)  SIN ALIMENTACI\u00d3N GLP (EST\u00c1NDAR ITALIA) \/ (1368\u00a0CC) \/ 8 V\u00c1LVULAS<br \/>\nLANCIA &#8211; TI YPSILON (2009-2011) ALIMENTACI\u00d3N GLP (EST\u00c1NDAR ITALIA) CON LIM.CEE FASE 4 \/ (1368\u00a0CC) \/ 8 V\u00c1LVULAS<br \/>\nLANCIA &#8211; TI YPSILON (2009-2011) ALIMENTACI\u00d3N GLP (EST\u00c1NDAR ITALIA) CON LIM.CEE FASE 5 \/ (1368\u00a0CC) \/ 8 V\u00c1LVULAS<br \/>\nFIAT PROFESSIONAL &#8211; 3C DOBLO REST. 2005 (2005-&#8230;.) 1.4\u00a0GS\u00a0MPI\u00a08V\u00a0CF4<br \/>\nFIAT PROFESSIONAL &#8211; 3N NUOVO FIORINO-QUBO (2007-&#8230;.) LIM.CEE FASE 4 \/ LIM.CEE FASE 5 \/ GASOLINA\/ DI\u00c9SEL(PSA) \/ GASOLINA \/ METANO \/ 70CV (CNG)<br \/>\nFIAT PROFESSIONAL &#8211; 3N NUOVO FIORINO-QUBO (2007-&#8230;.) LIM.CEE FASE 6 \/ GASOLINA\/ DI\u00c9SEL(PSA) \/ GASOLINA \/ METANO \/ 70CV (CNG)<\/p>\n<p>LA PIEZA ES NUEVA Y ORIGINAL.<\/p>\n","protected":false},"excerpt":{"rendered":"<p>Juego, set de las juntas del colector de admisi\u00f3n de: FIAT &#8211; 83 500 MY2012 (2012-&#8230;.) 1242 GS &#8211; 1248 DS. Y SIN EURO 6 \/ FIAT &#8211; 83 500 MY2012 (2012-&#8230;.) 1242 GS &#8211; 1248 DS. CON EURO 6 \/ FIAT &#8211; 2Y GRANDE PUNTO (2005-2008) 1.2\u00a0MPI\u00a08V\u00a0CF4 FIAT &#8211; 2Y GRANDE PUNTO (2005-2008) 1.4\u00a0MPI\u00a08V\u00a0CF4 [&hellip;]<\/p>\n","protected":false},"featured_media":42326,"template":"","meta":{"_seopress_robots_primary_cat":"","_seopress_titles_title":"","_seopress_titles_desc":"","_seopress_robots_index":""},"product_cat":[74,16,87,20,92,93,21,94,47,121,98,99,101,107,127],"product_tag":[],"class_list":{"0":"post-42324","1":"product","2":"type-product","3":"status-publish","4":"has-post-thumbnail","6":"product_cat-recambios-fiat-500","7":"product_cat-recambios-alfa-romeo","8":"product_cat-recambios-fiat-doblo","9":"product_cat-recambios-fiat","10":"product_cat-recambios-fiat-grande-punto","11":"product_cat-recambios-fiat-idea","12":"product_cat-recambios-lancia","13":"product_cat-recambios-fiat-linea","14":"product_cat-recambios-alfa-romeo-mito","15":"product_cat-recambios-lancia-musa","16":"product_cat-recambios-fiat-palio","17":"product_cat-recambios-fiat-panda","18":"product_cat-recambios-fiat-punto","19":"product_cat-recambios-fiat-siena","20":"product_cat-recambios-lancia-ypsilon","22":"first","23":"instock","24":"taxable","25":"shipping-taxable","26":"purchasable","27":"product-type-simple"},"_links":{"self":[{"href":"https:\/\/galicianparts.com\/shop\/wp-json\/wp\/v2\/product\/42324"}],"collection":[{"href":"https:\/\/galicianparts.com\/shop\/wp-json\/wp\/v2\/product"}],"about":[{"href":"https:\/\/galicianparts.com\/shop\/wp-json\/wp\/v2\/types\/product"}],"wp:featuredmedia":[{"embeddable":true,"href":"https:\/\/galicianparts.com\/shop\/wp-json\/wp\/v2\/media\/42326"}],"wp:attachment":[{"href":"https:\/\/galicianparts.com\/shop\/wp-json\/wp\/v2\/media?parent=42324"}],"wp:term":[{"taxonomy":"product_cat","embeddable":true,"href":"https:\/\/galicianparts.com\/shop\/wp-json\/wp\/v2\/product_cat?post=42324"},{"taxonomy":"product_tag","embeddable":true,"href":"https:\/\/galicianparts.com\/shop\/wp-json\/wp\/v2\/product_tag?post=42324"}],"curies":[{"name":"wp","href":"https:\/\/api.w.org\/{rel}","templated":true}]}}