{"id":42637,"date":"2022-03-18T13:16:08","date_gmt":"2022-03-18T11:16:08","guid":{"rendered":"https:\/\/galicianparts.com\/shop\/producto\/9400349129-junta-colector-escape-m-2-0-2-2-jtd-hdi-fiat-citroen-lancia-peugeot-original\/"},"modified":"2026-02-18T11:29:44","modified_gmt":"2026-02-18T09:29:44","slug":"9400349129-junta-colector-escape-m-2-0-2-2-jtd-hdi-fiat-citroen-lancia-peugeot-original","status":"publish","type":"product","link":"https:\/\/galicianparts.com\/shop\/producto\/9400349129-junta-colector-escape-m-2-0-2-2-jtd-hdi-fiat-citroen-lancia-peugeot-original\/","title":{"rendered":"9400349129 Junta colector escape M 2.0\/2.2 JTD\/HDI Fiat \/ Citro\u00ebn \/ Lancia \/ Peugeot ORIGINAL"},"content":{"rendered":"<p>Junta del colector de escape de los motores 2.0\/2.2 JTD y 2.0\/2.2 HDI de:<br \/>\nEspesor: 0.2 mm.<br \/>\nFIAT Ulysse I (220) (A\u00f1o 06.1994 &#8211; 08.2002)<br \/>\nFIAT Scudo I Familiar (220) (A\u00f1o 02.1996 &#8211; 12.2006)<br \/>\nFIAT Scudo I Furg\u00f3n (220) (A\u00f1o 02.1996 &#8211; 12.2006)<br \/>\nFIAT Ulysse II (179) (A\u00f1o 08.2002 &#8211; 06.2011)<br \/>\nFIAT Scudo II (270, 272) (A\u00f1o 01.2007 &#8211; &#8230;)<br \/>\nFIAT Scudo II Furg\u00f3n (270, 272) (A\u00f1o 01.2007 &#8211; &#8230;)<br \/>\nFIAT Scudo II Cami\u00f3n de plataforma \/ Chasis (270, 272) (A\u00f1o 01.2007 &#8211; &#8230;)<br \/>\nFIAT Scudo I Cami\u00f3n de plataforma\/Chasis (220) (A\u00f1o 09.1996 &#8211; 12.2006)<br \/>\nCITRO\u00cbN Evasion (22, U6) (A\u00f1o 03.1994 &#8211; 07.2002)<br \/>\nCITRO\u00cbN Jumpy I MPV (A\u00f1o 06.1994 &#8211; 12.2006)<br \/>\nCITRO\u00cbN Jumpy I Furg\u00f3n (A\u00f1o 06.1994 &#8211; 10.2006)<br \/>\nCITRO\u00cbN Jumpy I Cami\u00f3n de plataforma\/Chasis (A\u00f1o 10.1999 &#8211; 10.2006)<br \/>\nCITRO\u00cbN C5 I Hatchback (A\u00f1o 03.2001 &#8211; 03.2005)<br \/>\nCITRO\u00cbN C5 I Familiar (A\u00f1o 06.2001 &#8211; 08.2004)<br \/>\nCITRO\u00cbN C8 (A\u00f1o 07.2002 &#8211; &#8230;)<br \/>\nCITRO\u00cbN C4 Coup\u00e9 (A\u00f1o 11.2004 &#8211; 07.2011)<br \/>\nCITRO\u00cbN C4 I Hatchback (A\u00f1o 11.2004 &#8211; 07.2011)<br \/>\nCITRO\u00cbN C5 II Hatchback (A\u00f1o 08.2004 &#8211; &#8230;)<br \/>\nCITRO\u00cbN C5 II Familiar (A\u00f1o 09.2004 &#8211; &#8230;)<br \/>\nCITRO\u00cbN C4 I Picasso (UD) (A\u00f1o 10.2006 &#8211; 10.2013)<br \/>\nCITRO\u00cbN Jumpy II MPV (VF7) (A\u00f1o 01.2007 &#8211; &#8230;)<br \/>\nCITRO\u00cbN Jumpy II Furg\u00f3n (A\u00f1o 01.2007 &#8211; &#8230;)<br \/>\nCITRO\u00cbN C4 I Grand Picasso (A\u00f1o 10.2006 &#8211; 12.2013)<br \/>\nCITRO\u00cbN C5 III Berlina (A\u00f1o 02.2008 &#8211; &#8230;)<br \/>\nCITRO\u00cbN C5 III Familiar (RW) (A\u00f1o 02.2008 &#8211; &#8230;)<br \/>\nCITRO\u00cbN C5 Furg\u00f3n \/ Familiar (DE_, RE_) (A\u00f1o 06.2002 &#8211; 01.2008)<br \/>\nCITRO\u00cbN C4 I Furg\u00f3n \/ Hatchback (LR_) (A\u00f1o 02.2005 &#8211; 12.2010)<br \/>\nLANCIA Zeta (220) (A\u00f1o 05.1995 &#8211; 09.2002)<br \/>\nLANCIA Phedra (179) (A\u00f1o 09.2002 &#8211; 11.2010)<br \/>\nPEUGEOT 806 (A\u00f1o 06.1994 &#8211; 08.2002)<br \/>\nPEUGEOT 406 Berlina (A\u00f1o 10.1995 &#8211; 01.2005)<br \/>\nPEUGEOT Expert I (224) (A\u00f1o 10.1995 &#8211; 12.2006)<br \/>\nPEUGEOT 406 Familiar (A\u00f1o 10.1996 &#8211; 10.2004)<br \/>\nPEUGEOT Expert I Furg\u00f3n (A\u00f1o 07.1995 &#8211; 12.2006)<br \/>\nPEUGEOT Expert I Cami\u00f3n de plataforma\/Chasis (A\u00f1o 12.1995 &#8211; 12.2006)<br \/>\nPEUGEOT 406 Coup\u00e9 (A\u00f1o 03.1997 &#8211; 02.2005)<br \/>\nPEUGEOT 607 Berlina (A\u00f1o 01.2000 &#8211; &#8230;)<br \/>\nPEUGEOT 307 Hatchback (3A\/C) (A\u00f1o 08.2000 &#8211; 12.2012)<br \/>\nPEUGEOT 307 SW (3H) (A\u00f1o 03.2002 &#8211; 12.2009)<br \/>\nPEUGEOT 807 (A\u00f1o 06.2002 &#8211; &#8230;)<br \/>\nPEUGEOT 307 CC (3B) (A\u00f1o 10.2003 &#8211; 06.2009)<br \/>\nPEUGEOT 407 Berlina (A\u00f1o 05.2004 &#8211; 12.2011)<br \/>\nPEUGEOT 307 Familiar (3E) (A\u00f1o 03.2002 &#8211; 12.2009)<br \/>\nPEUGEOT 407 SW (A\u00f1o 05.2004 &#8211; 12.2011)<br \/>\nPEUGEOT 407 Coup\u00e9 (A\u00f1o 10.2005 &#8211; &#8230;)<br \/>\nPEUGEOT Expert II Tepee (VF3X) (A\u00f1o 01.2007 &#8211; &#8230;)<br \/>\nPEUGEOT Expert II Furg\u00f3n (A\u00f1o 01.2007 &#8211; &#8230;)<br \/>\nPEUGEOT Expert II Cami\u00f3n de plataforma\/Chasis (A\u00f1o 01.2007 &#8211; &#8230;)<br \/>\nPEUGEOT 308 I Hatchback (4A, 4C) (A\u00f1o 09.2007 &#8211; 12.2016)<br \/>\nPEUGEOT 308 I SW (4E, 4H) (A\u00f1o 09.2007 &#8211; 10.2014)<br \/>\nPEUGEOT 308 I CC (4B) (A\u00f1o 04.2009 &#8211; 12.2015)<br \/>\nPEUGEOT 508 I (8D_) Berlina (A\u00f1o 11.2010 &#8211; 12.2018)<br \/>\nPEUGEOT 508 I SW (8E_) (A\u00f1o 11.2010 &#8211; 12.2018)<br \/>\nPEUGEOT 508 I SW Furg\u00f3n \/ Familiar (8E_) (A\u00f1o 11.2011 &#8211; &#8230;)<br \/>\nPEUGEOT 407 SW Furg\u00f3n \/ Familiar (6E_) (A\u00f1o 08.2004 &#8211; 12.2010)<br \/>\nPEUGEOT 308 SW I Furg\u00f3n \/ Familiar (4E_) (A\u00f1o 01.2008 &#8211; 12.2012)<br \/>\nPEUGEOT 307 SW Furg\u00f3n \/ Familiar (3E_, 3H_) (A\u00f1o 04.2002 &#8211; 12.2009)<\/p>\n<p>LA PIEZA ES NUEVA Y ORIGINAL.<\/p>\n","protected":false},"excerpt":{"rendered":"<p>Junta del colector de escape de los motores 2.0\/2.2 JTD y 2.0\/2.2 HDI de: Espesor: 0.2 mm. FIAT Ulysse I (220) (A\u00f1o 06.1994 &#8211; 08.2002) FIAT Scudo I Familiar (220) (A\u00f1o 02.1996 &#8211; 12.2006) FIAT Scudo I Furg\u00f3n (220) (A\u00f1o 02.1996 &#8211; 12.2006) FIAT Ulysse II (179) (A\u00f1o 08.2002 &#8211; 06.2011) FIAT Scudo II (270, [&hellip;]<\/p>\n","protected":false},"featured_media":42638,"template":"","meta":{"_seopress_robots_primary_cat":"","_seopress_titles_title":"","_seopress_titles_desc":"","_seopress_robots_index":""},"product_cat":[148,251,151,152,338,183,189,182,134,135,181,23,188,156,20,138,21,24,122,104,113,128],"product_tag":[],"class_list":{"0":"post-42637","1":"product","2":"type-product","3":"status-publish","4":"has-post-thumbnail","6":"product_cat-recambios-peugeot-307","7":"product_cat-recambios-peugeot-308","8":"product_cat-recambios-peugeot-406","9":"product_cat-recambios-peugeot-407","10":"product_cat-recambios-peugeot-508","11":"product_cat-recambios-peugeot-607","12":"product_cat-recambios-peugeot-806","13":"product_cat-recambios-peugeot-807","14":"product_cat-recambios-citroen-c4","15":"product_cat-recambios-citroen-c5","16":"product_cat-recambios-citroen-c8","17":"product_cat-recambios-citroen","18":"product_cat-recambios-citroen-evasion","19":"product_cat-recambios-peugeot-expert","20":"product_cat-recambios-fiat","21":"product_cat-recambios-citroen-jumpy","22":"product_cat-recambios-lancia","23":"product_cat-recambios-peugeot","24":"product_cat-recambios-lancia-phedra","25":"product_cat-recambios-fiat-scudo","26":"product_cat-recambios-fiat-ulysse","27":"product_cat-recambios-lancia-z","29":"first","30":"outofstock","31":"taxable","32":"shipping-taxable","33":"purchasable","34":"product-type-simple"},"_links":{"self":[{"href":"https:\/\/galicianparts.com\/shop\/wp-json\/wp\/v2\/product\/42637"}],"collection":[{"href":"https:\/\/galicianparts.com\/shop\/wp-json\/wp\/v2\/product"}],"about":[{"href":"https:\/\/galicianparts.com\/shop\/wp-json\/wp\/v2\/types\/product"}],"wp:featuredmedia":[{"embeddable":true,"href":"https:\/\/galicianparts.com\/shop\/wp-json\/wp\/v2\/media\/42638"}],"wp:attachment":[{"href":"https:\/\/galicianparts.com\/shop\/wp-json\/wp\/v2\/media?parent=42637"}],"wp:term":[{"taxonomy":"product_cat","embeddable":true,"href":"https:\/\/galicianparts.com\/shop\/wp-json\/wp\/v2\/product_cat?post=42637"},{"taxonomy":"product_tag","embeddable":true,"href":"https:\/\/galicianparts.com\/shop\/wp-json\/wp\/v2\/product_tag?post=42637"}],"curies":[{"name":"wp","href":"https:\/\/api.w.org\/{rel}","templated":true}]}}