{"id":42846,"date":"2022-03-22T12:02:01","date_gmt":"2022-03-22T10:02:01","guid":{"rendered":"https:\/\/galicianparts.com\/shop\/producto\/7542443-manguito-superior-radiador-m1-6-fiat-ritmo-regata-nuevo-original\/"},"modified":"2022-04-26T12:42:20","modified_gmt":"2022-04-26T10:42:20","slug":"7542443-manguito-superior-radiador-m1-6-fiat-ritmo-regata-nuevo-original","status":"publish","type":"product","link":"https:\/\/galicianparts.com\/shop\/producto\/7542443-manguito-superior-radiador-m1-6-fiat-ritmo-regata-nuevo-original\/","title":{"rendered":"7542443 Manguito superior radiador M1.6 Fiat Ritmo \/ Regata NUEVO ORIGINAL"},"content":{"rendered":"<p>Tubo superior del radiador de refrigeraci\u00f3n del motor de:<br \/>\nFIAT Regata Berlina (138)<br \/>\n1.6 Super 100, A\u00f1o 10.1983 &#8211; 07.1989, 1585 , 95<br \/>\n1.6 Super 100, A\u00f1o 10.1983 &#8211; 12.1990, 1585 , 101<br \/>\nFIAT Regata Weekend<br \/>\n1.6 100, A\u00f1o 09.1984 &#8211; 12.1990, 1585 , 101<br \/>\nFIAT Ritmo I Hatchback (138)<br \/>\n1.6 100, A\u00f1o 01.1983 &#8211; 12.1987, 1585 , 100<\/p>\n<p>LA PIEZA ES NUEVA Y ORIGINAL.<\/p>\n","protected":false},"excerpt":{"rendered":"<p>Tubo superior del radiador de refrigeraci\u00f3n del motor de: FIAT Regata Berlina (138) 1.6 Super 100, A\u00f1o 10.1983 &#8211; 07.1989, 1585 , 95 1.6 Super 100, A\u00f1o 10.1983 &#8211; 12.1990, 1585 , 101 FIAT Regata Weekend 1.6 100, A\u00f1o 09.1984 &#8211; 12.1990, 1585 , 101 FIAT Ritmo I Hatchback (138) 1.6 100, A\u00f1o 01.1983 &#8211; [&hellip;]<\/p>\n","protected":false},"featured_media":42847,"template":"","meta":{"_seopress_robots_primary_cat":"","_seopress_titles_title":"","_seopress_titles_desc":"","_seopress_robots_index":""},"product_cat":[20,102,103],"product_tag":[],"class_list":{"0":"post-42846","1":"product","2":"type-product","3":"status-publish","4":"has-post-thumbnail","6":"product_cat-recambios-fiat","7":"product_cat-recambios-fiat-regata","8":"product_cat-recambios-fiat-ritmo","10":"first","11":"outofstock","12":"taxable","13":"shipping-taxable","14":"purchasable","15":"product-type-simple"},"_links":{"self":[{"href":"https:\/\/galicianparts.com\/shop\/wp-json\/wp\/v2\/product\/42846"}],"collection":[{"href":"https:\/\/galicianparts.com\/shop\/wp-json\/wp\/v2\/product"}],"about":[{"href":"https:\/\/galicianparts.com\/shop\/wp-json\/wp\/v2\/types\/product"}],"wp:featuredmedia":[{"embeddable":true,"href":"https:\/\/galicianparts.com\/shop\/wp-json\/wp\/v2\/media\/42847"}],"wp:attachment":[{"href":"https:\/\/galicianparts.com\/shop\/wp-json\/wp\/v2\/media?parent=42846"}],"wp:term":[{"taxonomy":"product_cat","embeddable":true,"href":"https:\/\/galicianparts.com\/shop\/wp-json\/wp\/v2\/product_cat?post=42846"},{"taxonomy":"product_tag","embeddable":true,"href":"https:\/\/galicianparts.com\/shop\/wp-json\/wp\/v2\/product_tag?post=42846"}],"curies":[{"name":"wp","href":"https:\/\/api.w.org\/{rel}","templated":true}]}}