{"id":42863,"date":"2022-03-22T12:31:18","date_gmt":"2022-03-22T10:31:18","guid":{"rendered":"https:\/\/galicianparts.com\/shop\/producto\/7532947-tubo-filtro-aire-lancia-autobianchi-y10-1-0-nuevo-original\/"},"modified":"2023-04-11T17:01:13","modified_gmt":"2023-04-11T15:01:13","slug":"7532947-tubo-filtro-aire-lancia-autobianchi-y10-1-0-nuevo-original","status":"publish","type":"product","link":"https:\/\/galicianparts.com\/shop\/producto\/7532947-tubo-filtro-aire-lancia-autobianchi-y10-1-0-nuevo-original\/","title":{"rendered":"7532947 Tubo filtro aire Lancia \/ Autobianchi Y10 1.0 NUEVO ORIGINAL"},"content":{"rendered":"<p>Manguito de admisi\u00f3n del filtro de aire de:<br \/>\nLargo: 510mm<br \/>\nDi\u00e1metro interior: 39mm<\/p>\n<p>LANCIA Y10 (156)<br \/>\n1.0 Fire, A\u00f1o 03.1985 &#8211; 07.1989, 1049 , 56<br \/>\nAUTOBIANCHI Y10 1.0<\/p>\n<p>LA PIEZA ES NUEVA Y ORIGINAL.<\/p>\n","protected":false},"excerpt":{"rendered":"<p>Manguito de admisi\u00f3n del filtro de aire de: Largo: 510mm Di\u00e1metro interior: 39mm LANCIA Y10 (156) 1.0 Fire, A\u00f1o 03.1985 &#8211; 07.1989, 1049 , 56 AUTOBIANCHI Y10 1.0 LA PIEZA ES NUEVA Y ORIGINAL.<\/p>\n","protected":false},"featured_media":42864,"template":"","meta":{"_seopress_robots_primary_cat":"","_seopress_titles_title":"","_seopress_titles_desc":"","_seopress_robots_index":""},"product_cat":[25,21,64,126],"product_tag":[],"class_list":{"0":"post-42863","1":"product","2":"type-product","3":"status-publish","4":"has-post-thumbnail","6":"product_cat-recambios-autobianchi","7":"product_cat-recambios-lancia","8":"product_cat-recambios-autobianchi-y10","9":"product_cat-recambios-lancia-y10","11":"first","12":"instock","13":"taxable","14":"shipping-taxable","15":"purchasable","16":"product-type-simple"},"_links":{"self":[{"href":"https:\/\/galicianparts.com\/shop\/wp-json\/wp\/v2\/product\/42863"}],"collection":[{"href":"https:\/\/galicianparts.com\/shop\/wp-json\/wp\/v2\/product"}],"about":[{"href":"https:\/\/galicianparts.com\/shop\/wp-json\/wp\/v2\/types\/product"}],"wp:featuredmedia":[{"embeddable":true,"href":"https:\/\/galicianparts.com\/shop\/wp-json\/wp\/v2\/media\/42864"}],"wp:attachment":[{"href":"https:\/\/galicianparts.com\/shop\/wp-json\/wp\/v2\/media?parent=42863"}],"wp:term":[{"taxonomy":"product_cat","embeddable":true,"href":"https:\/\/galicianparts.com\/shop\/wp-json\/wp\/v2\/product_cat?post=42863"},{"taxonomy":"product_tag","embeddable":true,"href":"https:\/\/galicianparts.com\/shop\/wp-json\/wp\/v2\/product_tag?post=42863"}],"curies":[{"name":"wp","href":"https:\/\/api.w.org\/{rel}","templated":true}]}}