{"id":42880,"date":"2022-03-22T13:57:44","date_gmt":"2022-03-22T11:57:44","guid":{"rendered":"https:\/\/galicianparts.com\/shop\/producto\/7546869-capuchon-palier-delantero-lancia-delta-integrale-1986-1991-original\/"},"modified":"2022-12-10T14:11:03","modified_gmt":"2022-12-10T12:11:03","slug":"7546869-capuchon-palier-delantero-lancia-delta-integrale-1986-1991-original","status":"publish","type":"product","link":"https:\/\/galicianparts.com\/shop\/producto\/7546869-capuchon-palier-delantero-lancia-delta-integrale-1986-1991-original\/","title":{"rendered":"7546869 Capuch\u00f3n palier delantero Lancia Delta Integrale (1986-1991) ORIGINAL"},"content":{"rendered":"<p>Capuch\u00f3n del lado de la caja de cambios de los semiejes de la transmisi\u00f3n delantera de:<br \/>\nDi\u00e1metro barra: 25 mm.<br \/>\nDi\u00e1metro: 60 mm.<br \/>\naltura: 85 mm.<br \/>\nLANCIA &#8211; RT DELTA 4WD (1986-1991) 2000 8V<\/p>\n<p>LA PIEZA ES NUEVA Y ORIGINAL.<\/p>\n","protected":false},"excerpt":{"rendered":"<p>Capuch\u00f3n del lado de la caja de cambios de los semiejes de la transmisi\u00f3n delantera de: Di\u00e1metro barra: 25 mm. Di\u00e1metro: 60 mm. altura: 85 mm. LANCIA &#8211; RT DELTA 4WD (1986-1991) 2000 8V LA PIEZA ES NUEVA Y ORIGINAL.<\/p>\n","protected":false},"featured_media":42881,"template":"","meta":{"_seopress_robots_primary_cat":"","_seopress_titles_title":"","_seopress_titles_desc":"","_seopress_robots_index":""},"product_cat":[118,21],"product_tag":[],"class_list":{"0":"post-42880","1":"product","2":"type-product","3":"status-publish","4":"has-post-thumbnail","6":"product_cat-recambios-lancia-delta","7":"product_cat-recambios-lancia","9":"first","10":"outofstock","11":"taxable","12":"shipping-taxable","13":"purchasable","14":"product-type-simple"},"_links":{"self":[{"href":"https:\/\/galicianparts.com\/shop\/wp-json\/wp\/v2\/product\/42880"}],"collection":[{"href":"https:\/\/galicianparts.com\/shop\/wp-json\/wp\/v2\/product"}],"about":[{"href":"https:\/\/galicianparts.com\/shop\/wp-json\/wp\/v2\/types\/product"}],"wp:featuredmedia":[{"embeddable":true,"href":"https:\/\/galicianparts.com\/shop\/wp-json\/wp\/v2\/media\/42881"}],"wp:attachment":[{"href":"https:\/\/galicianparts.com\/shop\/wp-json\/wp\/v2\/media?parent=42880"}],"wp:term":[{"taxonomy":"product_cat","embeddable":true,"href":"https:\/\/galicianparts.com\/shop\/wp-json\/wp\/v2\/product_cat?post=42880"},{"taxonomy":"product_tag","embeddable":true,"href":"https:\/\/galicianparts.com\/shop\/wp-json\/wp\/v2\/product_tag?post=42880"}],"curies":[{"name":"wp","href":"https:\/\/api.w.org\/{rel}","templated":true}]}}