{"id":42966,"date":"2022-03-23T11:13:57","date_gmt":"2022-03-23T09:13:57","guid":{"rendered":"https:\/\/galicianparts.com\/shop\/producto\/1471655080-rotula-direccion-fiat-ducato-94-02-citroen-jumper-peugeot-boxer-original\/"},"modified":"2023-12-27T13:56:50","modified_gmt":"2023-12-27T11:56:50","slug":"1471655080-rotula-direccion-fiat-ducato-94-02-citroen-jumper-peugeot-boxer-original","status":"publish","type":"product","link":"https:\/\/galicianparts.com\/shop\/producto\/1471655080-rotula-direccion-fiat-ducato-94-02-citroen-jumper-peugeot-boxer-original\/","title":{"rendered":"1471655080 Rotula direcci\u00f3n Fiat Ducato (94-02) Citro\u00ebn Jumper \/Peugeot Boxer ORIGINAL"},"content":{"rendered":"<p>R\u00f3tula de la cremallera de direcci\u00f3n de:<br \/>\nM\u00e9trica macho: 12 mm<br \/>\nM\u00e9trica hembra: 16 mm<\/p>\n<p>FIAT PROFESSIONAL &#8211; PD DUCATO &#8217;94 BENZINA (1994-2002)<br \/>\nFIAT PROFESSIONAL &#8211; PE DUCATO&#8217;94 DIESEL (1994-2002)<br \/>\nCITROEN &#8211; JUMPER (1994-2002)<br \/>\nPEUGEOT &#8211; BOXER (1994-2002)<\/p>\n<p>LA PIEZA ES NUEVA Y ORIGINAL.<\/p>\n","protected":false},"excerpt":{"rendered":"<p>R\u00f3tula de la cremallera de direcci\u00f3n de: M\u00e9trica macho: 12 mm M\u00e9trica hembra: 16 mm FIAT PROFESSIONAL &#8211; PD DUCATO &#8217;94 BENZINA (1994-2002) FIAT PROFESSIONAL &#8211; PE DUCATO&#8217;94 DIESEL (1994-2002) CITROEN &#8211; JUMPER (1994-2002) PEUGEOT &#8211; BOXER (1994-2002) LA PIEZA ES NUEVA Y ORIGINAL.<\/p>\n","protected":false},"featured_media":42970,"template":"","meta":{"_seopress_robots_primary_cat":"","_seopress_titles_title":"","_seopress_titles_desc":"","_seopress_robots_index":""},"product_cat":[155,23,88,20,137,24],"product_tag":[],"class_list":{"0":"post-42966","1":"product","2":"type-product","3":"status-publish","4":"has-post-thumbnail","6":"product_cat-recambios-peugeot-boxer","7":"product_cat-recambios-citroen","8":"product_cat-recambios-fiat-ducato","9":"product_cat-recambios-fiat","10":"product_cat-recambios-citroen-jumper","11":"product_cat-recambios-peugeot","13":"first","14":"instock","15":"taxable","16":"shipping-taxable","17":"purchasable","18":"product-type-simple"},"_links":{"self":[{"href":"https:\/\/galicianparts.com\/shop\/wp-json\/wp\/v2\/product\/42966"}],"collection":[{"href":"https:\/\/galicianparts.com\/shop\/wp-json\/wp\/v2\/product"}],"about":[{"href":"https:\/\/galicianparts.com\/shop\/wp-json\/wp\/v2\/types\/product"}],"wp:featuredmedia":[{"embeddable":true,"href":"https:\/\/galicianparts.com\/shop\/wp-json\/wp\/v2\/media\/42970"}],"wp:attachment":[{"href":"https:\/\/galicianparts.com\/shop\/wp-json\/wp\/v2\/media?parent=42966"}],"wp:term":[{"taxonomy":"product_cat","embeddable":true,"href":"https:\/\/galicianparts.com\/shop\/wp-json\/wp\/v2\/product_cat?post=42966"},{"taxonomy":"product_tag","embeddable":true,"href":"https:\/\/galicianparts.com\/shop\/wp-json\/wp\/v2\/product_tag?post=42966"}],"curies":[{"name":"wp","href":"https:\/\/api.w.org\/{rel}","templated":true}]}}