{"id":42991,"date":"2022-03-23T12:24:57","date_gmt":"2022-03-23T10:24:57","guid":{"rendered":"https:\/\/galicianparts.com\/shop\/producto\/7545834-carcasa-inferior-modulo-calefaccion-fiat-panda-1985-1993-nuevo-original\/"},"modified":"2023-12-01T15:11:14","modified_gmt":"2023-12-01T13:11:14","slug":"7545834-carcasa-inferior-modulo-calefaccion-fiat-panda-1985-1993-nuevo-original","status":"publish","type":"product","link":"https:\/\/galicianparts.com\/shop\/producto\/7545834-carcasa-inferior-modulo-calefaccion-fiat-panda-1985-1993-nuevo-original\/","title":{"rendered":"7545834 Carcasa inferior m\u00f3dulo calefacci\u00f3n Fiat Panda (1985-1993) NUEVO ORIGINAL"},"content":{"rendered":"<p>Tapa inferior de la caja de la calefacci\u00f3n de:<br \/>\nFIAT &#8211; LV PANDA 4X2 RL\/86(1985-1991) ESCANDINAVIA<br \/>\nFIAT &#8211; 2R PANDA 4X4 R\/86 (1985-1991) ESCANDINAVIA<br \/>\nFIAT &#8211; 2P PANDA DS (1986-1993)<\/p>\n<p>LA PIEZA ES NUEVA Y ORIGINAL.<\/p>\n","protected":false},"excerpt":{"rendered":"<p>Tapa inferior de la caja de la calefacci\u00f3n de: FIAT &#8211; LV PANDA 4X2 RL\/86(1985-1991) ESCANDINAVIA FIAT &#8211; 2R PANDA 4X4 R\/86 (1985-1991) ESCANDINAVIA FIAT &#8211; 2P PANDA DS (1986-1993) LA PIEZA ES NUEVA Y ORIGINAL.<\/p>\n","protected":false},"featured_media":42995,"template":"","meta":{"_seopress_robots_primary_cat":"","_seopress_titles_title":"","_seopress_titles_desc":"","_seopress_robots_index":""},"product_cat":[20,99],"product_tag":[],"class_list":{"0":"post-42991","1":"product","2":"type-product","3":"status-publish","4":"has-post-thumbnail","6":"product_cat-recambios-fiat","7":"product_cat-recambios-fiat-panda","9":"first","10":"outofstock","11":"taxable","12":"shipping-taxable","13":"purchasable","14":"product-type-simple"},"_links":{"self":[{"href":"https:\/\/galicianparts.com\/shop\/wp-json\/wp\/v2\/product\/42991"}],"collection":[{"href":"https:\/\/galicianparts.com\/shop\/wp-json\/wp\/v2\/product"}],"about":[{"href":"https:\/\/galicianparts.com\/shop\/wp-json\/wp\/v2\/types\/product"}],"wp:featuredmedia":[{"embeddable":true,"href":"https:\/\/galicianparts.com\/shop\/wp-json\/wp\/v2\/media\/42995"}],"wp:attachment":[{"href":"https:\/\/galicianparts.com\/shop\/wp-json\/wp\/v2\/media?parent=42991"}],"wp:term":[{"taxonomy":"product_cat","embeddable":true,"href":"https:\/\/galicianparts.com\/shop\/wp-json\/wp\/v2\/product_cat?post=42991"},{"taxonomy":"product_tag","embeddable":true,"href":"https:\/\/galicianparts.com\/shop\/wp-json\/wp\/v2\/product_tag?post=42991"}],"curies":[{"name":"wp","href":"https:\/\/api.w.org\/{rel}","templated":true}]}}