{"id":43415,"date":"2022-03-30T11:23:48","date_gmt":"2022-03-30T09:23:48","guid":{"rendered":"https:\/\/galicianparts.com\/shop\/producto\/7027613-satelite-diferencial-lancia-delta-1-6-hf-turbo-1986-1992-nuevo-original\/"},"modified":"2022-03-30T11:26:29","modified_gmt":"2022-03-30T09:26:29","slug":"7027613-satelite-diferencial-lancia-delta-1-6-hf-turbo-1986-1992-nuevo-original","status":"publish","type":"product","link":"https:\/\/galicianparts.com\/shop\/producto\/7027613-satelite-diferencial-lancia-delta-1-6-hf-turbo-1986-1992-nuevo-original\/","title":{"rendered":"7027613 Sat\u00e9lite diferencial Lancia Delta 1.6 HF Turbo (1986-1992) NUEVO ORIGINAL"},"content":{"rendered":"<p>Sat\u00e9lite del diferencial de:<br \/>\nDi\u00e1metro interior: 16 mm.<br \/>\nDi\u00e1metro exterior: 46 mm.<br \/>\nAltura: 17 mm.<br \/>\nLANCIA &#8211; TB DELTA R.86 (1986-1992) 1600 MPI TB \/ 1600 MPI TB USA 83 \/ 1930 TB\/DS<\/p>\n<p>LA PIEZA ES NUEVA Y ORIGINAL.<\/p>\n","protected":false},"excerpt":{"rendered":"<p>Sat\u00e9lite del diferencial de: Di\u00e1metro interior: 16 mm. Di\u00e1metro exterior: 46 mm. Altura: 17 mm. LANCIA &#8211; TB DELTA R.86 (1986-1992) 1600 MPI TB \/ 1600 MPI TB USA 83 \/ 1930 TB\/DS LA PIEZA ES NUEVA Y ORIGINAL.<\/p>\n","protected":false},"featured_media":43418,"template":"","meta":{"_seopress_robots_primary_cat":"","_seopress_titles_title":"","_seopress_titles_desc":"","_seopress_robots_index":""},"product_cat":[118,21],"product_tag":[],"class_list":{"0":"post-43415","1":"product","2":"type-product","3":"status-publish","4":"has-post-thumbnail","6":"product_cat-recambios-lancia-delta","7":"product_cat-recambios-lancia","9":"first","10":"instock","11":"taxable","12":"shipping-taxable","13":"purchasable","14":"product-type-simple"},"_links":{"self":[{"href":"https:\/\/galicianparts.com\/shop\/wp-json\/wp\/v2\/product\/43415"}],"collection":[{"href":"https:\/\/galicianparts.com\/shop\/wp-json\/wp\/v2\/product"}],"about":[{"href":"https:\/\/galicianparts.com\/shop\/wp-json\/wp\/v2\/types\/product"}],"wp:featuredmedia":[{"embeddable":true,"href":"https:\/\/galicianparts.com\/shop\/wp-json\/wp\/v2\/media\/43418"}],"wp:attachment":[{"href":"https:\/\/galicianparts.com\/shop\/wp-json\/wp\/v2\/media?parent=43415"}],"wp:term":[{"taxonomy":"product_cat","embeddable":true,"href":"https:\/\/galicianparts.com\/shop\/wp-json\/wp\/v2\/product_cat?post=43415"},{"taxonomy":"product_tag","embeddable":true,"href":"https:\/\/galicianparts.com\/shop\/wp-json\/wp\/v2\/product_tag?post=43415"}],"curies":[{"name":"wp","href":"https:\/\/api.w.org\/{rel}","templated":true}]}}