{"id":43471,"date":"2022-03-30T13:22:04","date_gmt":"2022-03-30T11:22:04","guid":{"rendered":"https:\/\/galicianparts.com\/shop\/producto\/4332090-bomba-agua-fait-131-campagnola-242-seat-131-nueva-original\/"},"modified":"2022-05-04T09:18:11","modified_gmt":"2022-05-04T07:18:11","slug":"4332090-bomba-agua-fait-131-campagnola-242-seat-131-nueva-original","status":"publish","type":"product","link":"https:\/\/galicianparts.com\/shop\/producto\/4332090-bomba-agua-fait-131-campagnola-242-seat-131-nueva-original\/","title":{"rendered":"4332090 Bomba agua Fait 131 \/ Campagnola \/ 242 \/ Seat 131 NUEVA ORIGINAL"},"content":{"rendered":"<p>Bomba del refrigerante del motor de:<br \/>\nFIAT 131 Berlina (131)<br \/>\n1.3 Mirafiori, A\u00f1o 10.1974 &#8211; 09.1981, 1297 , 54<br \/>\n1.3 Mirafiori, A\u00f1o 10.1974 &#8211; 12.1982, 1297 , 65<br \/>\n1.6, A\u00f1o 10.1974 &#8211; 09.1981, 1585 , 75<br \/>\nFIAT 131 Familiare \/ Panorama (131)<br \/>\n1.3 Mirafiori, A\u00f1o 03.1975 &#8211; 12.1978, 1297 , 54<br \/>\n1.3 Mirafiori, A\u00f1o 03.1975 &#8211; 03.1982, 1297 , 65<br \/>\n1.6 CL, A\u00f1o 03.1975 &#8211; 12.1978, 1585 , 75<br \/>\nFIAT 242<br \/>\n1.6, A\u00f1o 10.1975 &#8211; 07.1982, 1585 , 63<br \/>\nFIAT Campagnola<br \/>\n2.0, A\u00f1o 06.1974 &#8211; 10.1989, 1995 , 80<br \/>\nSEAT 131<br \/>\n1.6, A\u00f1o 03.1982 &#8211; 01.1985, 1592 , 97<\/p>\n<p>LA PIEZA ES NUEVA Y ORIGINAL.<\/p>\n","protected":false},"excerpt":{"rendered":"<p>Bomba del refrigerante del motor de: FIAT 131 Berlina (131) 1.3 Mirafiori, A\u00f1o 10.1974 &#8211; 09.1981, 1297 , 54 1.3 Mirafiori, A\u00f1o 10.1974 &#8211; 12.1982, 1297 , 65 1.6, A\u00f1o 10.1974 &#8211; 09.1981, 1585 , 75 FIAT 131 Familiare \/ Panorama (131) 1.3 Mirafiori, A\u00f1o 03.1975 &#8211; 12.1978, 1297 , 54 1.3 Mirafiori, A\u00f1o 03.1975 [&hellip;]<\/p>\n","protected":false},"featured_media":43474,"template":"","meta":{"_seopress_robots_primary_cat":"","_seopress_titles_title":"","_seopress_titles_desc":"","_seopress_robots_index":""},"product_cat":[199,70,73,83,20,26],"product_tag":[],"class_list":{"0":"post-43471","1":"product","2":"type-product","3":"status-publish","4":"has-post-thumbnail","6":"product_cat-recambios-seat-131","7":"product_cat-recambios-fiat-131","8":"product_cat-recambios-fiat-242","9":"product_cat-recambios-fiat-campagnola","10":"product_cat-recambios-fiat","11":"product_cat-recambios-seat","13":"first","14":"outofstock","15":"taxable","16":"shipping-taxable","17":"purchasable","18":"product-type-simple"},"_links":{"self":[{"href":"https:\/\/galicianparts.com\/shop\/wp-json\/wp\/v2\/product\/43471"}],"collection":[{"href":"https:\/\/galicianparts.com\/shop\/wp-json\/wp\/v2\/product"}],"about":[{"href":"https:\/\/galicianparts.com\/shop\/wp-json\/wp\/v2\/types\/product"}],"wp:featuredmedia":[{"embeddable":true,"href":"https:\/\/galicianparts.com\/shop\/wp-json\/wp\/v2\/media\/43474"}],"wp:attachment":[{"href":"https:\/\/galicianparts.com\/shop\/wp-json\/wp\/v2\/media?parent=43471"}],"wp:term":[{"taxonomy":"product_cat","embeddable":true,"href":"https:\/\/galicianparts.com\/shop\/wp-json\/wp\/v2\/product_cat?post=43471"},{"taxonomy":"product_tag","embeddable":true,"href":"https:\/\/galicianparts.com\/shop\/wp-json\/wp\/v2\/product_tag?post=43471"}],"curies":[{"name":"wp","href":"https:\/\/api.w.org\/{rel}","templated":true}]}}