{"id":43640,"date":"2022-03-31T13:21:55","date_gmt":"2022-03-31T11:21:55","guid":{"rendered":"https:\/\/galicianparts.com\/shop\/producto\/4434925-amortiguador-suspension-tras-fiat-ritmo-seat-ibiza-malaga-ronda-nuevo-original\/"},"modified":"2024-10-25T17:22:51","modified_gmt":"2024-10-25T15:22:51","slug":"4434925-amortiguador-suspension-tras-fiat-ritmo-seat-ibiza-malaga-ronda-nuevo-original","status":"publish","type":"product","link":"https:\/\/galicianparts.com\/shop\/producto\/4434925-amortiguador-suspension-tras-fiat-ritmo-seat-ibiza-malaga-ronda-nuevo-original\/","title":{"rendered":"4434925 Amortiguador suspensi\u00f3n tras. Fiat Ritmo \/Seat Ibiza \/M\u00e1laga \/Ronda NUEVO ORIGINAL"},"content":{"rendered":"<p>Amortiguador de la suspensi\u00f3n trasera de:<br \/>\nFIAT Ritmo I Hatchback (138)<br \/>\n1.3 75, A\u00f1o 01.1981 &#8211; 10.1982, 1301 , 75<br \/>\n1.5 75, A\u00f1o 01.1978 &#8211; 12.1988, 1498 , 75<br \/>\n1.5 85, A\u00f1o 01.1981 &#8211; 05.1987, 1498 , 85<br \/>\n1.6 Sport 105, A\u00f1o 05.1981 &#8211; 12.1987, 1585 , 105<br \/>\nSEAT Ronda (022A)<br \/>\n1.2, A\u00f1o 10.1984 &#8211; 12.1986, 1193 , 60<br \/>\n1.2, A\u00f1o 08.1983 &#8211; 05.1985, 1193 , 64<br \/>\n1.4, A\u00f1o 07.1982 &#8211; 12.1988, 1438 , 73<br \/>\n1.5, A\u00f1o 10.1984 &#8211; 12.1986, 1461 , 85<br \/>\n1.6, A\u00f1o 08.1983 &#8211; 10.1985, 1592 , 92<br \/>\n1.7 Di\u00e9sel, A\u00f1o 07.1982 &#8211; 12.1986, 1714 , 54<br \/>\n1.7 Di\u00e9sel, A\u00f1o 07.1982 &#8211; 12.1986, 1714 , 56<br \/>\nSEAT Malaga (023A)<br \/>\n1.2, A\u00f1o 05.1985 &#8211; 12.1993, 1193 , 60<br \/>\n1.2, A\u00f1o 12.1984 &#8211; 12.1993, 1193 , 64<br \/>\n1.2 i, A\u00f1o 12.1989 &#8211; 12.1993, 1193 , 71<br \/>\n1.5, A\u00f1o 05.1985 &#8211; 12.1993, 1461 , 85<br \/>\n1.5 i, A\u00f1o 01.1987 &#8211; 12.1993, 1461 , 100<br \/>\n1.5 i CAT, A\u00f1o 10.1986 &#8211; 12.1993, 1461 , 90<br \/>\n1.7 D, A\u00f1o 05.1985 &#8211; 12.1993, 1714 , 54<br \/>\n1.7 D, A\u00f1o 05.1990 &#8211; 12.1993, 1714 , 57<br \/>\nSEAT Ibiza I Hatchback (021A)<br \/>\n0.9, A\u00f1o 08.1990 &#8211; 05.1993, 903 , 40<br \/>\n0.9, A\u00f1o 08.1986 &#8211; 05.1993, 903 , 44<br \/>\n1.2, A\u00f1o 12.1984 &#8211; 12.1993, 1193 , 60<br \/>\n1.2, A\u00f1o 12.1984 &#8211; 12.1993, 1193 , 64<br \/>\n1.2 i, A\u00f1o 01.1989 &#8211; 05.1993, 1193 , 71<br \/>\n1.5, A\u00f1o 12.1984 &#8211; 05.1993, 1461 , 85<br \/>\n1.5 i, A\u00f1o 10.1986 &#8211; 05.1993, 1461 , 89<br \/>\n1.5 i, A\u00f1o 10.1986 &#8211; 05.1993, 1461 , 100<br \/>\n1.5 i CAT, A\u00f1o 10.1986 &#8211; 05.1993, 1461 , 90<br \/>\n1.7, A\u00f1o 01.1991 &#8211; 05.1993, 1675 , 98<br \/>\n1.7 D, A\u00f1o 07.1984 &#8211; 05.1993, 1714 , 54<br \/>\n1.7 D, A\u00f1o 08.1990 &#8211; 05.1993, 1714 , 57<\/p>\n<p>LA PIEZA ES NUEVA Y ORIGINAL.<\/p>\n","protected":false},"excerpt":{"rendered":"<p>Amortiguador de la suspensi\u00f3n trasera de: FIAT Ritmo I Hatchback (138) 1.3 75, A\u00f1o 01.1981 &#8211; 10.1982, 1301 , 75 1.5 75, A\u00f1o 01.1978 &#8211; 12.1988, 1498 , 75 1.5 85, A\u00f1o 01.1981 &#8211; 05.1987, 1498 , 85 1.6 Sport 105, A\u00f1o 05.1981 &#8211; 12.1987, 1585 , 105 SEAT Ronda (022A) 1.2, A\u00f1o 10.1984 &#8211; [&hellip;]<\/p>\n","protected":false},"featured_media":43643,"template":"","meta":{"_seopress_robots_primary_cat":"","_seopress_titles_title":"","_seopress_titles_desc":"","_seopress_robots_index":""},"product_cat":[20,162,164,103,165,26],"product_tag":[],"class_list":{"0":"post-43640","1":"product","2":"type-product","3":"status-publish","4":"has-post-thumbnail","6":"product_cat-recambios-fiat","7":"product_cat-recambios-seat-ibiza","8":"product_cat-recambios-seat-malaga","9":"product_cat-recambios-fiat-ritmo","10":"product_cat-recambios-seat-ronda","11":"product_cat-recambios-seat","13":"first","14":"outofstock","15":"taxable","16":"shipping-taxable","17":"purchasable","18":"product-type-simple"},"_links":{"self":[{"href":"https:\/\/galicianparts.com\/shop\/wp-json\/wp\/v2\/product\/43640"}],"collection":[{"href":"https:\/\/galicianparts.com\/shop\/wp-json\/wp\/v2\/product"}],"about":[{"href":"https:\/\/galicianparts.com\/shop\/wp-json\/wp\/v2\/types\/product"}],"wp:featuredmedia":[{"embeddable":true,"href":"https:\/\/galicianparts.com\/shop\/wp-json\/wp\/v2\/media\/43643"}],"wp:attachment":[{"href":"https:\/\/galicianparts.com\/shop\/wp-json\/wp\/v2\/media?parent=43640"}],"wp:term":[{"taxonomy":"product_cat","embeddable":true,"href":"https:\/\/galicianparts.com\/shop\/wp-json\/wp\/v2\/product_cat?post=43640"},{"taxonomy":"product_tag","embeddable":true,"href":"https:\/\/galicianparts.com\/shop\/wp-json\/wp\/v2\/product_tag?post=43640"}],"curies":[{"name":"wp","href":"https:\/\/api.w.org\/{rel}","templated":true}]}}