{"id":43648,"date":"2022-04-01T08:46:45","date_gmt":"2022-04-01T06:46:45","guid":{"rendered":"https:\/\/galicianparts.com\/shop\/producto\/5932565-amortiguador-trasero-fiat-131-124-seat-131-124-nuevo-original\/"},"modified":"2024-11-14T07:13:40","modified_gmt":"2024-11-14T05:13:40","slug":"5932565-amortiguador-trasero-fiat-131-124-seat-131-124-nuevo-original","status":"publish","type":"product","link":"https:\/\/galicianparts.com\/shop\/producto\/5932565-amortiguador-trasero-fiat-131-124-seat-131-124-nuevo-original\/","title":{"rendered":"5932565 Amortiguador trasero Fiat 131 \/ 124 \/ Seat 131 \/ 124 NUEVO ORIGINAL"},"content":{"rendered":"<p>Amortiguador de la suspensi\u00f3n trasera de:<br \/>\nFIAT 124 Sport Spider (124)<br \/>\n1.4 Sport, A\u00f1o 01.1966 &#8211; 12.1972, 1438 , 90<br \/>\n1.6 Sport, A\u00f1o 11.1969 &#8211; 08.1973, 1608 , 112<br \/>\n1.6 Sport, A\u00f1o 11.1969 &#8211; 08.1973, 1592 , 100<br \/>\n1.6 Sport, A\u00f1o 01.1969 &#8211; 12.1974, 1592 , 108<br \/>\n1.6 Sport, A\u00f1o 01.1969 &#8211; 12.1974, 1592 , 104<br \/>\n1.8 Rally Abarth, A\u00f1o 09.1972 &#8211; 07.1975, 1756 , 128<br \/>\n1.7 Sport, A\u00f1o 01.1973 &#8211; 07.1975, 1739 , 112<br \/>\n1.8 Sport, A\u00f1o 01.1972 &#8211; 12.1977, 1756 , 118<br \/>\n2.0, A\u00f1o 04.1972 &#8211; 11.1985, 1995 , 105<br \/>\nFIAT 131 Berlina (131)<br \/>\n1.3 Mirafiori, A\u00f1o 10.1974 &#8211; 09.1981, 1297 , 54<br \/>\n1.3 Mirafiori, A\u00f1o 10.1974 &#8211; 12.1982, 1297 , 65<br \/>\n1.3 Super Mirafiori, A\u00f1o 03.1978 &#8211; 12.1980, 1297 , 78<br \/>\n1.4 Mirafiori, A\u00f1o 11.1980 &#8211; 01.1984, 1367 , 70<br \/>\n1.6, A\u00f1o 11.1976 &#8211; 12.1984, 1585 , 85<br \/>\n1.6, A\u00f1o 10.1974 &#8211; 09.1981, 1585 , 75<br \/>\n1.6 Super, A\u00f1o 03.1978 &#8211; 01.1984, 1585 , 97<br \/>\n1.6 Super Mirafiori, A\u00f1o 03.1979 &#8211; 03.1982, 1585 , 98<br \/>\n2.0 Abarth Rally, A\u00f1o 01.1976 &#8211; 07.1980, 1995 , 140<br \/>\n2.0 D, A\u00f1o 03.1978 &#8211; 03.1987, 1995 , 60<br \/>\n2.0 Racing, A\u00f1o 06.1978 &#8211; 12.1981, 1995 , 115<br \/>\n2.0 Super, A\u00f1o 01.1981 &#8211; 12.1984, 1995 , 113<br \/>\n2.5 D, A\u00f1o 06.1978 &#8211; 02.1984, 2445 , 72<br \/>\nFIAT 124 Berlina (124)<br \/>\n1.2, A\u00f1o 02.1973 &#8211; 07.1975, 1197 , 65<br \/>\n1.2, A\u00f1o 07.1966 &#8211; 10.1973, 1197 , 60<br \/>\n1.4, A\u00f1o 12.1968 &#8211; 12.1972, 1438 , 70<br \/>\n1.4, A\u00f1o 01.1973 &#8211; 07.1975, 1438 , 75<br \/>\n1.6, A\u00f1o 01.1973 &#8211; 07.1975, 1592 , 95<br \/>\nFIAT 124 Coup\u00e9 (124)<br \/>\n1.4 Sport, A\u00f1o 06.1967 &#8211; 10.1972, 1438 , 90<br \/>\n1.6, A\u00f1o 11.1971 &#8211; 10.1973, 1608 , 100<br \/>\n1.6, A\u00f1o 04.1970 &#8211; 10.1973, 1608 , 110<br \/>\n1.6 Sport, A\u00f1o 08.1972 &#8211; 12.1975, 1592 , 104<br \/>\n1.6 Sport, A\u00f1o 08.1972 &#8211; 12.1975, 1592 , 108<br \/>\n1.8 Sport, A\u00f1o 01.1973 &#8211; 02.1976, 1756 , 114<br \/>\n1.8 Sport, A\u00f1o 01.1973 &#8211; 02.1976, 1756 , 118<br \/>\nSEAT 131<br \/>\n1.5, A\u00f1o 03.1982 &#8211; 01.1985, 1438 , 75<br \/>\n1.6, A\u00f1o 03.1982 &#8211; 01.1985, 1592 , 97<br \/>\n2.0, A\u00f1o 06.1978 &#8211; 12.1985, 1994 , 116<br \/>\n2.4 Di\u00e9sel, A\u00f1o 06.1978 &#8211; 12.1986, 2445 , 72<br \/>\nSEAT 124 Berlina<br \/>\n1.6, A\u00f1o 09.1976 &#8211; 10.1980, 1585 , 95<br \/>\n1.6, A\u00f1o 09.1975 &#8211; 08.1976, 1608 , 98<br \/>\n1.8, A\u00f1o 09.1975 &#8211; 10.1980, 1756 , 118<br \/>\n1.4 1430, A\u00f1o 01.1970 &#8211; 12.1976, 1438 , 75<br \/>\n2.0, A\u00f1o 04.1979 &#8211; 10.1980, 1995 , 116<br \/>\n1.2 D, A\u00f1o 01.1968 &#8211; 12.1976, 1197 , 60<br \/>\n1.2 LS, A\u00f1o 01.1968 &#8211; 10.1980, 1197 , 65<\/p>\n<p>LA PIEZA ES NUEVA Y ORIGINAL.<\/p>\n","protected":false},"excerpt":{"rendered":"<p>Amortiguador de la suspensi\u00f3n trasera de: FIAT 124 Sport Spider (124) 1.4 Sport, A\u00f1o 01.1966 &#8211; 12.1972, 1438 , 90 1.6 Sport, A\u00f1o 11.1969 &#8211; 08.1973, 1608 , 112 1.6 Sport, A\u00f1o 11.1969 &#8211; 08.1973, 1592 , 100 1.6 Sport, A\u00f1o 01.1969 &#8211; 12.1974, 1592 , 108 1.6 Sport, A\u00f1o 01.1969 &#8211; 12.1974, 1592 , [&hellip;]<\/p>\n","protected":false},"featured_media":43652,"template":"","meta":{"_seopress_robots_primary_cat":"","_seopress_titles_title":"","_seopress_titles_desc":"","_seopress_robots_index":""},"product_cat":[65,159,199,70,20,26],"product_tag":[],"class_list":{"0":"post-43648","1":"product","2":"type-product","3":"status-publish","4":"has-post-thumbnail","6":"product_cat-recambios-fiat-124","7":"product_cat-recambios-seat-124","8":"product_cat-recambios-seat-131","9":"product_cat-recambios-fiat-131","10":"product_cat-recambios-fiat","11":"product_cat-recambios-seat","13":"first","14":"outofstock","15":"taxable","16":"shipping-taxable","17":"purchasable","18":"product-type-simple"},"_links":{"self":[{"href":"https:\/\/galicianparts.com\/shop\/wp-json\/wp\/v2\/product\/43648"}],"collection":[{"href":"https:\/\/galicianparts.com\/shop\/wp-json\/wp\/v2\/product"}],"about":[{"href":"https:\/\/galicianparts.com\/shop\/wp-json\/wp\/v2\/types\/product"}],"wp:featuredmedia":[{"embeddable":true,"href":"https:\/\/galicianparts.com\/shop\/wp-json\/wp\/v2\/media\/43652"}],"wp:attachment":[{"href":"https:\/\/galicianparts.com\/shop\/wp-json\/wp\/v2\/media?parent=43648"}],"wp:term":[{"taxonomy":"product_cat","embeddable":true,"href":"https:\/\/galicianparts.com\/shop\/wp-json\/wp\/v2\/product_cat?post=43648"},{"taxonomy":"product_tag","embeddable":true,"href":"https:\/\/galicianparts.com\/shop\/wp-json\/wp\/v2\/product_tag?post=43648"}],"curies":[{"name":"wp","href":"https:\/\/api.w.org\/{rel}","templated":true}]}}