{"id":43751,"date":"2022-04-01T13:21:57","date_gmt":"2022-04-01T11:21:57","guid":{"rendered":"https:\/\/galicianparts.com\/shop\/producto\/1478392080-tope-goma-suspension-trasera-fiat-ducato-citroen-jumpy-peugeot-expert-original\/"},"modified":"2025-02-26T19:28:21","modified_gmt":"2025-02-26T17:28:21","slug":"1478392080-tope-goma-suspension-trasera-fiat-ducato-citroen-jumpy-peugeot-expert-original","status":"publish","type":"product","link":"https:\/\/galicianparts.com\/shop\/producto\/1478392080-tope-goma-suspension-trasera-fiat-ducato-citroen-jumpy-peugeot-expert-original\/","title":{"rendered":"1478392080 Tope goma suspensi\u00f3n trasera Fiat Scudo \/Citro\u00ebn Jumpy \/Peugeot Expert ORIGINAL"},"content":{"rendered":"<p>Taco de goma de la suspensi\u00f3n posterior de:<br \/>\nCITRO\u00cbN Jumpy I MPV<br \/>\n1.9 D 70, A\u00f1o 04.1998 &#8211; 11.2003, 1868 , 69<br \/>\n2.0 HDi 110, A\u00f1o 03.2000 &#8211; 10.2006, 1997 , 109<br \/>\nCITRO\u00cbN Jumpy I Furg\u00f3n<br \/>\n1.6 i, A\u00f1o 10.1995 &#8211; 08.2000, 1581 , 79<br \/>\n1.9 D 70, A\u00f1o 04.1998 &#8211; 10.2006, 1868 , 69<br \/>\n1.9 TD, A\u00f1o 10.1995 &#8211; 08.2000, 1905 , 90<br \/>\nFIAT Scudo I Familiar<br \/>\n1.6, A\u00f1o 02.1996 &#8211; 12.2006, 1581 , 79<br \/>\n1.9 D, A\u00f1o 02.1996 &#8211; 04.1998, 1905 , 69<br \/>\n1.9 D, A\u00f1o 04.1998 &#8211; 12.2006, 1868 , 69<br \/>\n1.9 TD, A\u00f1o 02.1996 &#8211; 12.2006, 1905 , 92<br \/>\n1.9 TD Eco, A\u00f1o 02.1996 &#8211; 12.2006, 1905 , 90<br \/>\n2.0 16V, A\u00f1o 06.2000 &#8211; 12.2006, 1997 , 136<br \/>\n2.0 JTD, A\u00f1o 12.1999 &#8211; 12.2006, 1997 , 109<br \/>\nFIAT Scudo I Furg\u00f3n (220)<br \/>\n1.9 D, A\u00f1o 02.1996 &#8211; 12.2006, 1905 , 69<br \/>\n1.9 D, A\u00f1o 04.1998 &#8211; 12.2006, 1868 , 69<br \/>\n1.9 TD, A\u00f1o 02.1996 &#8211; 12.2006, 1905 , 90<br \/>\n1.9 TD, A\u00f1o 02.1998 &#8211; 12.2006, 1905 , 92<br \/>\n2.0, A\u00f1o 05.2000 &#8211; 12.2006, 1997 , 136<br \/>\n2.0 JTD, A\u00f1o 10.1999 &#8211; 12.2006, 1997 , 94<br \/>\n2.0 JTD, A\u00f1o 12.2002 &#8211; 12.2006, 1997 , 109<br \/>\nPEUGEOT 806<br \/>\n1.9 TD, A\u00f1o 07.1995 &#8211; 08.2002, 1905 , 90<br \/>\n1.9 TD, A\u00f1o 05.1997 &#8211; 08.2002, 1905 , 92<br \/>\n2.0, A\u00f1o 06.1994 &#8211; 08.2002, 1998 , 121<br \/>\n2.0 16V, A\u00f1o 05.1998 &#8211; 09.2000, 1998 , 132<br \/>\n2.0 16V, A\u00f1o 09.2000 &#8211; 08.2002, 1997 , 136<br \/>\n2.0 HDI, A\u00f1o 08.1999 &#8211; 08.2002, 1997 , 109<br \/>\n2.0 HDI 16V, A\u00f1o 08.1999 &#8211; 08.2002, 1997 , 109<br \/>\n2.0 Turbo, A\u00f1o 06.1994 &#8211; 08.2002, 1998 , 147<br \/>\n2.1 td 12V, A\u00f1o 06.1996 &#8211; 08.1999, 2088 , 109<br \/>\nPEUGEOT Expert I (224)<br \/>\n1.6, A\u00f1o 02.1996 &#8211; 09.2000, 1581 , 79<br \/>\n1.8, A\u00f1o 10.1996 &#8211; 09.2000, 1761 , 101<br \/>\n1.9 D, A\u00f1o 02.1996 &#8211; 12.1998, 1905 , 70<br \/>\n1.9 TD, A\u00f1o 02.1996 &#8211; 09.2000, 1905 , 90<br \/>\n1.9 TD, A\u00f1o 02.1996 &#8211; 05.1998, 1905 , 92<br \/>\nPEUGEOT Expert I Furg\u00f3n<br \/>\n1.6, A\u00f1o 02.1996 &#8211; 09.2000, 1581 , 79<br \/>\n1.8, A\u00f1o 10.1996 &#8211; 09.2000, 1761 , 101<br \/>\n1.9 D, A\u00f1o 02.1996 &#8211; 12.1998, 1905 , 70<br \/>\n1.9 TD, A\u00f1o 02.1996 &#8211; 09.2000, 1905 , 90<br \/>\n1.9 TD, A\u00f1o 02.1996 &#8211; 05.1998, 1905 , 92<br \/>\n2.0 HDI, A\u00f1o 07.2000 &#8211; 12.2006, 1997 , 94<br \/>\n2.0 HDI, A\u00f1o 07.2000 &#8211; 12.2006, 1997 , 109<br \/>\nPEUGEOT Expert I Cami\u00f3n de plataforma\/Chasis<br \/>\n1.6, A\u00f1o 02.1996 &#8211; 09.2000, 1581 , 79<br \/>\n1.9 D, A\u00f1o 02.1996 &#8211; 12.1998, 1905 , 70<br \/>\n1.9 TD, A\u00f1o 02.1996 &#8211; 09.2000, 1905 , 90<br \/>\n1.9 TD, A\u00f1o 02.1996 &#8211; 05.1998, 1905 , 92<\/p>\n<p>LA PIEZA ES NUEVA Y ORIGINAL.<\/p>\n","protected":false},"excerpt":{"rendered":"<p>Taco de goma de la suspensi\u00f3n posterior de: CITRO\u00cbN Jumpy I MPV 1.9 D 70, A\u00f1o 04.1998 &#8211; 11.2003, 1868 , 69 2.0 HDi 110, A\u00f1o 03.2000 &#8211; 10.2006, 1997 , 109 CITRO\u00cbN Jumpy I Furg\u00f3n 1.6 i, A\u00f1o 10.1995 &#8211; 08.2000, 1581 , 79 1.9 D 70, A\u00f1o 04.1998 &#8211; 10.2006, 1868 , 69 [&hellip;]<\/p>\n","protected":false},"featured_media":43752,"template":"","meta":{"_seopress_robots_primary_cat":"","_seopress_titles_title":"","_seopress_titles_desc":"","_seopress_robots_index":""},"product_cat":[23,156,20,138,24,104],"product_tag":[],"class_list":{"0":"post-43751","1":"product","2":"type-product","3":"status-publish","4":"has-post-thumbnail","6":"product_cat-recambios-citroen","7":"product_cat-recambios-peugeot-expert","8":"product_cat-recambios-fiat","9":"product_cat-recambios-citroen-jumpy","10":"product_cat-recambios-peugeot","11":"product_cat-recambios-fiat-scudo","13":"first","14":"outofstock","15":"taxable","16":"shipping-taxable","17":"purchasable","18":"product-type-simple"},"_links":{"self":[{"href":"https:\/\/galicianparts.com\/shop\/wp-json\/wp\/v2\/product\/43751"}],"collection":[{"href":"https:\/\/galicianparts.com\/shop\/wp-json\/wp\/v2\/product"}],"about":[{"href":"https:\/\/galicianparts.com\/shop\/wp-json\/wp\/v2\/types\/product"}],"wp:featuredmedia":[{"embeddable":true,"href":"https:\/\/galicianparts.com\/shop\/wp-json\/wp\/v2\/media\/43752"}],"wp:attachment":[{"href":"https:\/\/galicianparts.com\/shop\/wp-json\/wp\/v2\/media?parent=43751"}],"wp:term":[{"taxonomy":"product_cat","embeddable":true,"href":"https:\/\/galicianparts.com\/shop\/wp-json\/wp\/v2\/product_cat?post=43751"},{"taxonomy":"product_tag","embeddable":true,"href":"https:\/\/galicianparts.com\/shop\/wp-json\/wp\/v2\/product_tag?post=43751"}],"curies":[{"name":"wp","href":"https:\/\/api.w.org\/{rel}","templated":true}]}}