{"id":4387,"date":"2020-09-29T13:58:55","date_gmt":"2020-09-29T11:58:55","guid":{"rendered":"https:\/\/galicianparts.com\/shop\/producto\/7577041-homocinetica-fiat-127-lancia-delta-r-86-nueva-original\/"},"modified":"2023-05-05T18:06:07","modified_gmt":"2023-05-05T16:06:07","slug":"7577041-homocinetica-fiat-127-lancia-delta-r-86-nueva-original","status":"publish","type":"product","link":"https:\/\/galicianparts.com\/shop\/producto\/7577041-homocinetica-fiat-127-lancia-delta-r-86-nueva-original\/","title":{"rendered":"7577041 Homocin\u00e9tica Fiat 127 \/ 128 \/ Ritmo \/ Lancia Delta I \/ Seat Ronda NUEVA ORIGINAL"},"content":{"rendered":"<p>Homocin\u00e9tica palier de:<br \/>\nFIAT 127 Hatchback (127) (A\u00f1o 12.1981 &#8211; 05.1983, 75 cv, Gasolina)<br \/>\nFIAT 128 (128_) (69-84)<br \/>\nFIAT 128 Coup\u00e9 (128 _) (72-81)<br \/>\nFIAT 128 Familiare (128_) (69-82)<br \/>\nFIAT Duna Berlina (146) (A\u00f1o 01.1987 &#8211; 12.1991, 58-67 cv, Gas\u00f3leo, Gasolina)<br \/>\nFIAT Duna Weekend (146) (A\u00f1o 01.1987 &#8211; 12.1991, 60-67 cv, Gas\u00f3leo, Gasolina)<br \/>\nFIAT Elba (A\u00f1o 04.1986 &#8211; 12.1993, 58 cv, Gasolina)<br \/>\nFIAT Fiorino I Furg\u00f3n (147) (A\u00f1o 01.1980 &#8211; 01.1988, 45-50 cv, Gas\u00f3leo, Gasolina)<br \/>\nFIAT Fiorino Pick-up (147) (A\u00f1o 06.1982 &#8211; 12.1988, 45-50 cv, Gas\u00f3leo, Gasolina)<br \/>\nFIAT Fiorino Furg\u00f3n (127) (A\u00f1o 10.1977 &#8211; 12.1987, 45-50 cv, Gasolina)<br \/>\nFIAT RITMO (138_) (78-88)<br \/>\nFIAT Regata Berlina (138) (A\u00f1o 09.1983 &#8211; 12.1990, 58-101 cv, Gas\u00f3leo, Gasolina)<br \/>\nFIAT Regata Weekend (A\u00f1o 01.1984 &#8211; 12.1990, 60-101 cv, Gas\u00f3leo, Gasolina)<br \/>\nFIAT Strada I Cabrio (A\u00f1o 10.1985 &#8211; 12.1987, 68 cv, Gasolina)<br \/>\nFIAT Strada I Hatchback (138A) (A\u00f1o 01.1978 &#8211; 12.1987, 55-100 cv, Gas\u00f3leo, Gasolina)<br \/>\nFIAT Uno Hatchback (146) (A\u00f1o 07.1986 &#8211; 10.1990, 60-71 cv, Gas\u00f3leo)<br \/>\nLANCIA Delta I R.86 (831) (A\u00f1o 09.1979 &#8211; 08.1992, 75-79 cv, Gasolina)<br \/>\nLANCIA Prisma (831) (A\u00f1o 01.1983 &#8211; 02.1992, 75-86 cv, Gasolina)<br \/>\nSEAT RONDA (022A) (82-88)<\/p>\n<p>LA PIEZA ES NUEVA Y ORIGINAL.<\/p>\n","protected":false},"excerpt":{"rendered":"<p>Homocin\u00e9tica palier de: FIAT 127 Hatchback (127) (A\u00f1o 12.1981 &#8211; 05.1983, 75 cv, Gasolina) FIAT 128 (128_) (69-84) FIAT 128 Coup\u00e9 (128 _) (72-81) FIAT 128 Familiare (128_) (69-82) FIAT Duna Berlina (146) (A\u00f1o 01.1987 &#8211; 12.1991, 58-67 cv, Gas\u00f3leo, Gasolina) FIAT Duna Weekend (146) (A\u00f1o 01.1987 &#8211; 12.1991, 60-67 cv, Gas\u00f3leo, Gasolina) FIAT Elba [&hellip;]<\/p>\n","protected":false},"featured_media":4383,"template":"","meta":{"_seopress_robots_primary_cat":"","_seopress_titles_title":"","_seopress_titles_desc":"","_seopress_robots_index":""},"product_cat":[68,69,118,89,90,20,91,21,123,102,103,165,26,109,114],"product_tag":[],"class_list":{"0":"post-4387","1":"product","2":"type-product","3":"status-publish","4":"has-post-thumbnail","6":"product_cat-recambios-fiat-127","7":"product_cat-recambios-fiat-128","8":"product_cat-recambios-lancia-delta","9":"product_cat-recambios-fiat-duna","10":"product_cat-recambios-fiat-elba","11":"product_cat-recambios-fiat","12":"product_cat-recambios-fiat-fiorino","13":"product_cat-recambios-lancia","14":"product_cat-recambios-lancia-prisma","15":"product_cat-recambios-fiat-regata","16":"product_cat-recambios-fiat-ritmo","17":"product_cat-recambios-seat-ronda","18":"product_cat-recambios-seat","19":"product_cat-recambios-fiat-strada","20":"product_cat-recambios-fiat-uno","22":"first","23":"outofstock","24":"taxable","25":"shipping-taxable","26":"purchasable","27":"product-type-simple"},"_links":{"self":[{"href":"https:\/\/galicianparts.com\/shop\/wp-json\/wp\/v2\/product\/4387"}],"collection":[{"href":"https:\/\/galicianparts.com\/shop\/wp-json\/wp\/v2\/product"}],"about":[{"href":"https:\/\/galicianparts.com\/shop\/wp-json\/wp\/v2\/types\/product"}],"wp:featuredmedia":[{"embeddable":true,"href":"https:\/\/galicianparts.com\/shop\/wp-json\/wp\/v2\/media\/4383"}],"wp:attachment":[{"href":"https:\/\/galicianparts.com\/shop\/wp-json\/wp\/v2\/media?parent=4387"}],"wp:term":[{"taxonomy":"product_cat","embeddable":true,"href":"https:\/\/galicianparts.com\/shop\/wp-json\/wp\/v2\/product_cat?post=4387"},{"taxonomy":"product_tag","embeddable":true,"href":"https:\/\/galicianparts.com\/shop\/wp-json\/wp\/v2\/product_tag?post=4387"}],"curies":[{"name":"wp","href":"https:\/\/api.w.org\/{rel}","templated":true}]}}