{"id":43974,"date":"2022-04-05T11:37:20","date_gmt":"2022-04-05T09:37:20","guid":{"rendered":"https:\/\/galicianparts.com\/shop\/producto\/95569116-valvula-admision-m-2-2-2-5d-fiat-242-peugeot-j5-citroen-cx-c25-c35-original\/"},"modified":"2023-12-05T11:18:40","modified_gmt":"2023-12-05T09:18:40","slug":"95569116-valvula-admision-m-2-2-2-5d-fiat-242-peugeot-j5-citroen-cx-c25-c35-original","status":"publish","type":"product","link":"https:\/\/galicianparts.com\/shop\/producto\/95569116-valvula-admision-m-2-2-2-5d-fiat-242-peugeot-j5-citroen-cx-c25-c35-original\/","title":{"rendered":"95569116 V\u00e1lvula admisi\u00f3n M 2.2\/2.5D Fiat 242 \/Peugeot J5 \/Citroen CX \/C25 \/C35 ORIGINAL"},"content":{"rendered":"<p>V\u00e1lvula de admisi\u00f3n de los motores de:<br \/>\nLargo: 121,4 mm.<br \/>\nDi\u00e1metro plato v\u00e1lvula: 42 mm.<br \/>\nDi\u00e1metro v\u00e1stago v\u00e1lvula: 8mm.<br \/>\nCITRO\u00cbN CX I Familiar<br \/>\n2.2 D, A\u00f1o 02.1978 &#8211; 08.1985, 2500 , 75<br \/>\n2.5 D Turbo, A\u00f1o 04.1983 &#8211; 08.1985, 2500 , 95<br \/>\nCITRO\u00cbN CX I Hatchback<br \/>\n2.5 D Turbo, A\u00f1o 04.1983 &#8211; 08.1985, 2500 , 95<br \/>\n2.5 D, A\u00f1o 02.1978 &#8211; 06.1982, 2500 , 75<br \/>\nCITRO\u00cbN CX II Hatchback<br \/>\n2.5 D, A\u00f1o 08.1985 &#8211; 12.1992, 2500 , 73<br \/>\n2.5 D Turbo, A\u00f1o 08.1985 &#8211; 12.1986, 2500 , 95<br \/>\nCITRO\u00cbN C25 Bus<br \/>\n2.5 D Turbo, A\u00f1o 08.1987 &#8211; 02.1994, 2500 , 95<br \/>\n2.5 D Turbo 4&#215;4, A\u00f1o 08.1987 &#8211; 02.1994, 2500 , 95<br \/>\nCITRO\u00cbN C25 Furg\u00f3n<br \/>\n2.5 DT, A\u00f1o 08.1991 &#8211; 01.1994, 2498 , 95<br \/>\nCITRO\u00cbN CX II Familiar<br \/>\n2.5 D, A\u00f1o 05.1986 &#8211; 12.1992, 2500 , 73<br \/>\n2.5 D Turbo, A\u00f1o 08.1985 &#8211; 12.1986, 2500 , 95<br \/>\nCITRO\u00cbN C35 Pick-up<br \/>\n2.2 D, A\u00f1o 11.1973 &#8211; 01.1980, 2175 , 61<\/p>\n<p>FIAT 242-Serie Furg\u00f3n<br \/>\n1.6, A\u00f1o 10.1975 &#8211; 07.1982, 1585 , 63<br \/>\n2.5 D, A\u00f1o 08.1980 &#8211; 07.1982, 2498 , 71<br \/>\nFIAT 242 Bus (242_)<br \/>\n1.6, A\u00f1o 10.1975 &#8211; 07.1982, 1585 , 63<\/p>\n<p>PEUGEOT J5 Furg\u00f3n (280)<br \/>\n2.5 DT, A\u00f1o 09.1981 &#8211; 08.1990, 2498 , 95<br \/>\n2.5 DT A las 4 ruedas, A\u00f1o 09.1981 &#8211; 08.1990, 2498 , 95<br \/>\nPEUGEOT J5 Cami\u00f3n de plataforma\/Chasis (290)<br \/>\n2.5 TD, A\u00f1o 10.1990 &#8211; 02.1994, 2500 , 95<br \/>\n2.5 TD 4&#215;4, A\u00f1o 10.1990 &#8211; 02.1994, 2500 , 95<br \/>\nPEUGEOT J5 Bus (290)<br \/>\n2.5 TD, A\u00f1o 10.1990 &#8211; 02.1994, 2500 , 95<br \/>\n2.5 TD 4&#215;4, A\u00f1o 10.1990 &#8211; 02.1994, 2500 , 95<br \/>\nPEUGEOT J5 Furg\u00f3n (290)<br \/>\n2.5 TD 4&#215;4, A\u00f1o 10.1990 &#8211; 03.1994, 2500 , 95<\/p>\n<p>LA PIEZA ES NUEVA Y ORIGINAL.<\/p>\n","protected":false},"excerpt":{"rendered":"<p>V\u00e1lvula de admisi\u00f3n de los motores de: Largo: 121,4 mm. Di\u00e1metro plato v\u00e1lvula: 42 mm. Di\u00e1metro v\u00e1stago v\u00e1lvula: 8mm. CITRO\u00cbN CX I Familiar 2.2 D, A\u00f1o 02.1978 &#8211; 08.1985, 2500 , 75 2.5 D Turbo, A\u00f1o 04.1983 &#8211; 08.1985, 2500 , 95 CITRO\u00cbN CX I Hatchback 2.5 D Turbo, A\u00f1o 04.1983 &#8211; 08.1985, 2500 , [&hellip;]<\/p>\n","protected":false},"featured_media":43975,"template":"","meta":{"_seopress_robots_primary_cat":"","_seopress_titles_title":"","_seopress_titles_desc":"","_seopress_robots_index":""},"product_cat":[73,132,133,23,136,20,157,24],"product_tag":[],"class_list":{"0":"post-43974","1":"product","2":"type-product","3":"status-publish","4":"has-post-thumbnail","6":"product_cat-recambios-fiat-242","7":"product_cat-recambios-citroen-c25","8":"product_cat-recambios-citroen-c35","9":"product_cat-recambios-citroen","10":"product_cat-recambios-citroen-cx","11":"product_cat-recambios-fiat","12":"product_cat-recambios-peugeot-j5","13":"product_cat-recambios-peugeot","15":"first","16":"outofstock","17":"taxable","18":"shipping-taxable","19":"purchasable","20":"product-type-simple"},"_links":{"self":[{"href":"https:\/\/galicianparts.com\/shop\/wp-json\/wp\/v2\/product\/43974"}],"collection":[{"href":"https:\/\/galicianparts.com\/shop\/wp-json\/wp\/v2\/product"}],"about":[{"href":"https:\/\/galicianparts.com\/shop\/wp-json\/wp\/v2\/types\/product"}],"wp:featuredmedia":[{"embeddable":true,"href":"https:\/\/galicianparts.com\/shop\/wp-json\/wp\/v2\/media\/43975"}],"wp:attachment":[{"href":"https:\/\/galicianparts.com\/shop\/wp-json\/wp\/v2\/media?parent=43974"}],"wp:term":[{"taxonomy":"product_cat","embeddable":true,"href":"https:\/\/galicianparts.com\/shop\/wp-json\/wp\/v2\/product_cat?post=43974"},{"taxonomy":"product_tag","embeddable":true,"href":"https:\/\/galicianparts.com\/shop\/wp-json\/wp\/v2\/product_tag?post=43974"}],"curies":[{"name":"wp","href":"https:\/\/api.w.org\/{rel}","templated":true}]}}