{"id":43991,"date":"2022-04-05T12:33:39","date_gmt":"2022-04-05T10:33:39","guid":{"rendered":"https:\/\/galicianparts.com\/shop\/producto\/4315130-soporte-escape-fiat-127-fiorino-seat-fura-127-nuevo-original\/"},"modified":"2023-02-07T09:55:37","modified_gmt":"2023-02-07T07:55:37","slug":"4315130-soporte-escape-fiat-127-fiorino-seat-fura-127-nuevo-original","status":"publish","type":"product","link":"https:\/\/galicianparts.com\/shop\/producto\/4315130-soporte-escape-fiat-127-fiorino-seat-fura-127-nuevo-original\/","title":{"rendered":"4315130 \/ 4317385 Soporte escape Fiat 127 \/ Fiorino \/ Seat Fura \/ 127 NUEVO ORIGINAL"},"content":{"rendered":"<p>Abrazadera del soporte central del tubo de escape de:<br \/>\nFIAT 127 Hatchback (127)<br \/>\n0.9, A\u00f1o 06.1971 &#8211; 12.1986, 903 , 45<br \/>\nFIAT Fiorino Furg\u00f3n (127)<br \/>\n0.9, A\u00f1o 10.1977 &#8211; 10.1986, 903 , 45<\/p>\n<p>SEAT Fura (025A)<br \/>\n0.9, A\u00f1o 03.1984 &#8211; 12.1986, 903 , 40<br \/>\n0.9, A\u00f1o 01.1982 &#8211; 06.1986, 903 , 43<br \/>\nSEAT 127<br \/>\n0.9, A\u00f1o 04.1972 &#8211; 12.1982, 903 , 45<\/p>\n<p>LA PIEZA ES NUEVA Y ORIGINAL.<\/p>\n","protected":false},"excerpt":{"rendered":"<p>Abrazadera del soporte central del tubo de escape de: FIAT 127 Hatchback (127) 0.9, A\u00f1o 06.1971 &#8211; 12.1986, 903 , 45 FIAT Fiorino Furg\u00f3n (127) 0.9, A\u00f1o 10.1977 &#8211; 10.1986, 903 , 45 SEAT Fura (025A) 0.9, A\u00f1o 03.1984 &#8211; 12.1986, 903 , 40 0.9, A\u00f1o 01.1982 &#8211; 06.1986, 903 , 43 SEAT 127 0.9, [&hellip;]<\/p>\n","protected":false},"featured_media":45592,"template":"","meta":{"_seopress_robots_primary_cat":"","_seopress_titles_title":"","_seopress_titles_desc":"","_seopress_robots_index":""},"product_cat":[68,179,20,91,208,26],"product_tag":[],"class_list":{"0":"post-43991","1":"product","2":"type-product","3":"status-publish","4":"has-post-thumbnail","6":"product_cat-recambios-fiat-127","7":"product_cat-recambios-seat-127","8":"product_cat-recambios-fiat","9":"product_cat-recambios-fiat-fiorino","10":"product_cat-recambios-seat-fura","11":"product_cat-recambios-seat","13":"first","14":"outofstock","15":"taxable","16":"shipping-taxable","17":"purchasable","18":"product-type-simple"},"_links":{"self":[{"href":"https:\/\/galicianparts.com\/shop\/wp-json\/wp\/v2\/product\/43991"}],"collection":[{"href":"https:\/\/galicianparts.com\/shop\/wp-json\/wp\/v2\/product"}],"about":[{"href":"https:\/\/galicianparts.com\/shop\/wp-json\/wp\/v2\/types\/product"}],"wp:featuredmedia":[{"embeddable":true,"href":"https:\/\/galicianparts.com\/shop\/wp-json\/wp\/v2\/media\/45592"}],"wp:attachment":[{"href":"https:\/\/galicianparts.com\/shop\/wp-json\/wp\/v2\/media?parent=43991"}],"wp:term":[{"taxonomy":"product_cat","embeddable":true,"href":"https:\/\/galicianparts.com\/shop\/wp-json\/wp\/v2\/product_cat?post=43991"},{"taxonomy":"product_tag","embeddable":true,"href":"https:\/\/galicianparts.com\/shop\/wp-json\/wp\/v2\/product_tag?post=43991"}],"curies":[{"name":"wp","href":"https:\/\/api.w.org\/{rel}","templated":true}]}}