{"id":44076,"date":"2022-04-06T13:26:33","date_gmt":"2022-04-06T11:26:33","guid":{"rendered":"https:\/\/galicianparts.com\/shop\/producto\/5891790-junta-culata-m1-2-fiat-124-seat-124-nueva-original\/"},"modified":"2025-03-12T20:19:16","modified_gmt":"2025-03-12T18:19:16","slug":"5891790-junta-culata-m1-2-fiat-124-seat-124-nueva-original","status":"publish","type":"product","link":"https:\/\/galicianparts.com\/shop\/producto\/5891790-junta-culata-m1-2-fiat-124-seat-124-nueva-original\/","title":{"rendered":"5891790 Junta culata M1.2 Fiat 124 \/ Seat 124 NUEVA ORIGINAL"},"content":{"rendered":"<p>Junta de la culata del motor de:<br \/>\nEspesor: 1,1 mm.<br \/>\nDi\u00e1metro: 78 mm.<br \/>\nLongitud: 390 mm.<br \/>\nAncho: 157 mm.<br \/>\nFIAT 124 Berlina (124)<br \/>\n1.2, A\u00f1o 02.1973 &#8211; 07.1975, 1197 , 65<br \/>\n1.2, A\u00f1o 07.1966 &#8211; 10.1973, 1197 , 60<br \/>\nFIAT 124 Familiare (124)<br \/>\n1.2, A\u00f1o 04.1967 &#8211; 05.1973, 1197 , 60<br \/>\n1.2, A\u00f1o 05.1973 &#8211; 03.1975, 1197 , 65<\/p>\n<p>SEAT 124 Berlina<br \/>\n1.2 D, A\u00f1o 01.1968 &#8211; 12.1976, 1197 , 60<br \/>\n1.2 LS, A\u00f1o 01.1968 &#8211; 10.1980, 1197 , 65<br \/>\nSEAT 124 Familiar<br \/>\n1.2 D, A\u00f1o 01.1970 &#8211; 12.1974, 1197 , 60<br \/>\n1.2 LS, A\u00f1o 01.1970 &#8211; 12.1976, 1197 , 65<\/p>\n<p>LA PIEZA ES NUEVA Y ORIGINAL.<\/p>\n","protected":false},"excerpt":{"rendered":"<p>Junta de la culata del motor de: Espesor: 1,1 mm. Di\u00e1metro: 78 mm. Longitud: 390 mm. Ancho: 157 mm. FIAT 124 Berlina (124) 1.2, A\u00f1o 02.1973 &#8211; 07.1975, 1197 , 65 1.2, A\u00f1o 07.1966 &#8211; 10.1973, 1197 , 60 FIAT 124 Familiare (124) 1.2, A\u00f1o 04.1967 &#8211; 05.1973, 1197 , 60 1.2, A\u00f1o 05.1973 &#8211; [&hellip;]<\/p>\n","protected":false},"featured_media":44079,"template":"","meta":{"_seopress_robots_primary_cat":"","_seopress_titles_title":"","_seopress_titles_desc":"","_seopress_robots_index":""},"product_cat":[65,159,20,26],"product_tag":[],"class_list":{"0":"post-44076","1":"product","2":"type-product","3":"status-publish","4":"has-post-thumbnail","6":"product_cat-recambios-fiat-124","7":"product_cat-recambios-seat-124","8":"product_cat-recambios-fiat","9":"product_cat-recambios-seat","11":"first","12":"outofstock","13":"taxable","14":"shipping-taxable","15":"purchasable","16":"product-type-simple"},"_links":{"self":[{"href":"https:\/\/galicianparts.com\/shop\/wp-json\/wp\/v2\/product\/44076"}],"collection":[{"href":"https:\/\/galicianparts.com\/shop\/wp-json\/wp\/v2\/product"}],"about":[{"href":"https:\/\/galicianparts.com\/shop\/wp-json\/wp\/v2\/types\/product"}],"wp:featuredmedia":[{"embeddable":true,"href":"https:\/\/galicianparts.com\/shop\/wp-json\/wp\/v2\/media\/44079"}],"wp:attachment":[{"href":"https:\/\/galicianparts.com\/shop\/wp-json\/wp\/v2\/media?parent=44076"}],"wp:term":[{"taxonomy":"product_cat","embeddable":true,"href":"https:\/\/galicianparts.com\/shop\/wp-json\/wp\/v2\/product_cat?post=44076"},{"taxonomy":"product_tag","embeddable":true,"href":"https:\/\/galicianparts.com\/shop\/wp-json\/wp\/v2\/product_tag?post=44076"}],"curies":[{"name":"wp","href":"https:\/\/api.w.org\/{rel}","templated":true}]}}