{"id":44083,"date":"2022-04-06T18:03:15","date_gmt":"2022-04-06T16:03:15","guid":{"rendered":"https:\/\/galicianparts.com\/shop\/producto\/71715130-junta-culata-m1-2-fiat-punto-doblo-palio-strada-lancia-ypsilon-original\/"},"modified":"2025-05-14T14:42:05","modified_gmt":"2025-05-14T12:42:05","slug":"71715130-junta-culata-m1-2-fiat-punto-doblo-palio-strada-lancia-ypsilon-original","status":"publish","type":"product","link":"https:\/\/galicianparts.com\/shop\/producto\/71715130-junta-culata-m1-2-fiat-punto-doblo-palio-strada-lancia-ypsilon-original\/","title":{"rendered":"71715130 Junta culata M1.2 Fiat Punto \/Doblo \/Palio \/Strada \/Lancia Ypsilon ORIGINAL"},"content":{"rendered":"<p>Junta de la culata del motor de:<br \/>\nFIAT Punto I Hatchback (176)<br \/>\n1.2 60, A\u00f1o 01.1994 &#8211; 09.1999, 1242 , 58<br \/>\n1.2 60, A\u00f1o 09.1993 &#8211; 09.1999, 1242 , 60<br \/>\n1.2 75, A\u00f1o 10.1993 &#8211; 09.1999, 1242 , 73<br \/>\nFIAT Punto I Cabrio (176)<br \/>\n1.2 60, A\u00f1o 04.1994 &#8211; 06.2000, 1242 , 58<br \/>\n1.2 60, A\u00f1o 05.1995 &#8211; 06.2000, 1242 , 60<br \/>\nFIAT Palio I Hatchback (178)<br \/>\n1.2, A\u00f1o 07.1997 &#8211; 08.2002, 1242 , 60<br \/>\n1.2, A\u00f1o 06.1999 &#8211; 10.2000, 1242 , 68<br \/>\n1.2, A\u00f1o 06.1998 &#8211; &#8230;, 1242 , 73<br \/>\nFIAT Palio I Weekend (178)<br \/>\n1.2, A\u00f1o 07.1997 &#8211; 10.2004, 1242 , 60<br \/>\n1.2, A\u00f1o 06.1999 &#8211; 10.2002, 1242 , 68<br \/>\n1.2, A\u00f1o 04.1996 &#8211; 02.2001, 1242 , 73<br \/>\nFIAT Strada Pick-up (178)<br \/>\n1.2, A\u00f1o 04.2003 &#8211; &#8230;, 1242 , 60<br \/>\n1.2, A\u00f1o 06.1999 &#8211; 12.2006, 1242 , 73<br \/>\nFIAT Punto II Hatchback (188)<br \/>\n1.2 60, A\u00f1o 09.1999 &#8211; 12.2010, 1242 , 60<br \/>\n1.2 Bipower (188BXA1A), A\u00f1o 08.2001 &#8211; 05.2003, 1242 , 60<br \/>\nFIAT Siena (178, 172)<br \/>\n1.2, A\u00f1o 09.2001 &#8211; 12.2009, 1242 , 60<br \/>\n1.2, A\u00f1o 09.1998 &#8211; 12.2009, 1242 , 73<br \/>\nFIAT Doblo I Familiar (119, 223)<br \/>\n1.2, A\u00f1o 03.2001 &#8211; &#8230;, 1242 , 65<br \/>\nFIAT Doblo I Cargo (223)<br \/>\n1.2, A\u00f1o 03.2001 &#8211; &#8230;, 1242 , 65<br \/>\nFIAT Punto II Van (188)<br \/>\n1.2 60, A\u00f1o 02.2000 &#8211; 10.2009, 1242 , 60<br \/>\n1.2 Natural Power (188CXA1A), A\u00f1o 01.2003 &#8211; 12.2010, 1242 , 60<\/p>\n<p>LANCIA Y (840)<br \/>\n1.2, A\u00f1o 03.1996 &#8211; 09.2003, 1242 , 60<\/p>\n<p>LA PIEZA ES NUEVA Y ORIGINAL.<\/p>\n","protected":false},"excerpt":{"rendered":"<p>Junta de la culata del motor de: FIAT Punto I Hatchback (176) 1.2 60, A\u00f1o 01.1994 &#8211; 09.1999, 1242 , 58 1.2 60, A\u00f1o 09.1993 &#8211; 09.1999, 1242 , 60 1.2 75, A\u00f1o 10.1993 &#8211; 09.1999, 1242 , 73 FIAT Punto I Cabrio (176) 1.2 60, A\u00f1o 04.1994 &#8211; 06.2000, 1242 , 58 1.2 60, [&hellip;]<\/p>\n","protected":false},"featured_media":44084,"template":"","meta":{"_seopress_robots_primary_cat":"","_seopress_titles_title":"","_seopress_titles_desc":"","_seopress_robots_index":""},"product_cat":[87,20,21,98,101,107,109,127],"product_tag":[],"class_list":{"0":"post-44083","1":"product","2":"type-product","3":"status-publish","4":"has-post-thumbnail","6":"product_cat-recambios-fiat-doblo","7":"product_cat-recambios-fiat","8":"product_cat-recambios-lancia","9":"product_cat-recambios-fiat-palio","10":"product_cat-recambios-fiat-punto","11":"product_cat-recambios-fiat-siena","12":"product_cat-recambios-fiat-strada","13":"product_cat-recambios-lancia-ypsilon","15":"first","16":"instock","17":"taxable","18":"shipping-taxable","19":"purchasable","20":"product-type-simple"},"_links":{"self":[{"href":"https:\/\/galicianparts.com\/shop\/wp-json\/wp\/v2\/product\/44083"}],"collection":[{"href":"https:\/\/galicianparts.com\/shop\/wp-json\/wp\/v2\/product"}],"about":[{"href":"https:\/\/galicianparts.com\/shop\/wp-json\/wp\/v2\/types\/product"}],"wp:featuredmedia":[{"embeddable":true,"href":"https:\/\/galicianparts.com\/shop\/wp-json\/wp\/v2\/media\/44084"}],"wp:attachment":[{"href":"https:\/\/galicianparts.com\/shop\/wp-json\/wp\/v2\/media?parent=44083"}],"wp:term":[{"taxonomy":"product_cat","embeddable":true,"href":"https:\/\/galicianparts.com\/shop\/wp-json\/wp\/v2\/product_cat?post=44083"},{"taxonomy":"product_tag","embeddable":true,"href":"https:\/\/galicianparts.com\/shop\/wp-json\/wp\/v2\/product_tag?post=44083"}],"curies":[{"name":"wp","href":"https:\/\/api.w.org\/{rel}","templated":true}]}}