{"id":44113,"date":"2022-04-06T18:55:00","date_gmt":"2022-04-06T16:55:00","guid":{"rendered":"https:\/\/galicianparts.com\/shop\/producto\/7763980-correa-auxiliar-fiat-uno-turbo-scudo-1-6-citroen-jumpy-peugeot-expert-original\/"},"modified":"2026-03-04T16:08:31","modified_gmt":"2026-03-04T14:08:31","slug":"7763980-correa-auxiliar-fiat-uno-turbo-scudo-1-6-citroen-jumpy-peugeot-expert-original","status":"publish","type":"product","link":"https:\/\/galicianparts.com\/shop\/producto\/7763980-correa-auxiliar-fiat-uno-turbo-scudo-1-6-citroen-jumpy-peugeot-expert-original\/","title":{"rendered":"7763980 Correa auxiliar Fiat Uno Turbo \/Scudo 1.6 \/Citro\u00ebn Jumpy \/Peugeot Expert ORIGINAL"},"content":{"rendered":"<p>46446963 Correa de instrumentos de:<\/p>\n<p>FIAT &#8211; MT UNO TURBO R\/89 (1989-1993) 1370 USA&#8217;83<br \/>\nFIAT PROFESSIONAL &#8211; PL SCUDO (1995-2004) AIRE ACONDICIONADO \/ 1580 BZ<\/p>\n<p>PEUGEOT Expert I (224)<br \/>\n1.6, A\u00f1o 02.1996 &#8211; 09.2000, 1581 , 79<br \/>\nPEUGEOT Expert I Furg\u00f3n<br \/>\n1.6, A\u00f1o 02.1996 &#8211; 09.2000, 1581 , 79<br \/>\nPEUGEOT Expert I Cami\u00f3n de plataforma\/Chasis<br \/>\n1.6, A\u00f1o 02.1996 &#8211; 09.2000, 1581 , 79<\/p>\n<p>CITRO\u00cbN Jumpy I MPV<br \/>\n1.6, A\u00f1o 10.1995 &#8211; 08.2000, 1581 , 79<br \/>\nCITRO\u00cbN Jumpy I Furg\u00f3n<br \/>\n1.6 i, A\u00f1o 10.1995 &#8211; 08.2000, 1581 , 79<\/p>\n<p>LA PIEZA ES NUEVA Y ORIGINAL.<\/p>\n","protected":false},"excerpt":{"rendered":"<p>46446963 Correa de instrumentos de: FIAT &#8211; MT UNO TURBO R\/89 (1989-1993) 1370 USA&#8217;83 FIAT PROFESSIONAL &#8211; PL SCUDO (1995-2004) AIRE ACONDICIONADO \/ 1580 BZ PEUGEOT Expert I (224) 1.6, A\u00f1o 02.1996 &#8211; 09.2000, 1581 , 79 PEUGEOT Expert I Furg\u00f3n 1.6, A\u00f1o 02.1996 &#8211; 09.2000, 1581 , 79 PEUGEOT Expert I Cami\u00f3n de plataforma\/Chasis [&hellip;]<\/p>\n","protected":false},"featured_media":44116,"template":"","meta":{"_seopress_robots_primary_cat":"","_seopress_titles_title":"","_seopress_titles_desc":"","_seopress_robots_index":""},"product_cat":[23,156,20,138,24,104,114],"product_tag":[],"class_list":{"0":"post-44113","1":"product","2":"type-product","3":"status-publish","4":"has-post-thumbnail","6":"product_cat-recambios-citroen","7":"product_cat-recambios-peugeot-expert","8":"product_cat-recambios-fiat","9":"product_cat-recambios-citroen-jumpy","10":"product_cat-recambios-peugeot","11":"product_cat-recambios-fiat-scudo","12":"product_cat-recambios-fiat-uno","14":"first","15":"instock","16":"taxable","17":"shipping-taxable","18":"purchasable","19":"product-type-simple"},"_links":{"self":[{"href":"https:\/\/galicianparts.com\/shop\/wp-json\/wp\/v2\/product\/44113"}],"collection":[{"href":"https:\/\/galicianparts.com\/shop\/wp-json\/wp\/v2\/product"}],"about":[{"href":"https:\/\/galicianparts.com\/shop\/wp-json\/wp\/v2\/types\/product"}],"wp:featuredmedia":[{"embeddable":true,"href":"https:\/\/galicianparts.com\/shop\/wp-json\/wp\/v2\/media\/44116"}],"wp:attachment":[{"href":"https:\/\/galicianparts.com\/shop\/wp-json\/wp\/v2\/media?parent=44113"}],"wp:term":[{"taxonomy":"product_cat","embeddable":true,"href":"https:\/\/galicianparts.com\/shop\/wp-json\/wp\/v2\/product_cat?post=44113"},{"taxonomy":"product_tag","embeddable":true,"href":"https:\/\/galicianparts.com\/shop\/wp-json\/wp\/v2\/product_tag?post=44113"}],"curies":[{"name":"wp","href":"https:\/\/api.w.org\/{rel}","templated":true}]}}