{"id":4424,"date":"2020-09-29T13:59:33","date_gmt":"2020-09-29T11:59:33","guid":{"rendered":"https:\/\/galicianparts.com\/shop\/producto\/7655512-sensor-aire-acondicionado-fiat-tempra-nuevo-original\/"},"modified":"2023-10-10T10:57:35","modified_gmt":"2023-10-10T08:57:35","slug":"7655512-sensor-aire-acondicionado-fiat-tempra-nuevo-original","status":"publish","type":"product","link":"https:\/\/galicianparts.com\/shop\/producto\/7655512-sensor-aire-acondicionado-fiat-tempra-nuevo-original\/","title":{"rendered":"7655512 Sensor temperatura calefacci\u00f3n Fiat Tempra (1989-1996) NUEVO ORIGINAL"},"content":{"rendered":"<p>7741003 Sensor de temperatura borletti b-837 del m\u00f3dulo de la calefacci\u00f3n y aire acondicionado de:<br \/>\nFIAT &#8211; MV TEMPRA 1370-1580 (1989-1993) AUTOMATIC HEATER<br \/>\nFIAT &#8211; MW TEMPRA 1750-2000 (1989-1993) AUTOMATIC HEATER<br \/>\nFIAT &#8211; MX TEMPRA DIESEL-TURBO D. (1989-1993) AUTOMATIC HEATER<br \/>\nFIAT &#8211; NY TEMPRA MAQ.93 1370-1580 (&#8217;93-&#8217;96) AUTOMATIC HEATER<br \/>\nFIAT &#8211; NZ TEMPRA MAQ.93 1750-2000 (&#8217;93-&#8217;96) AUTOMATIC HEATER<br \/>\nFIAT &#8211; NJ TEMPRA MQ.93 D-TD (1993-1996) AUTOMATIC HEATER<\/p>\n<p>LA PIEZA ES NUEVA Y ORIGINAL.<\/p>\n","protected":false},"excerpt":{"rendered":"<p>7741003 Sensor de temperatura borletti b-837 del m\u00f3dulo de la calefacci\u00f3n y aire acondicionado de: FIAT &#8211; MV TEMPRA 1370-1580 (1989-1993) AUTOMATIC HEATER FIAT &#8211; MW TEMPRA 1750-2000 (1989-1993) AUTOMATIC HEATER FIAT &#8211; MX TEMPRA DIESEL-TURBO D. (1989-1993) AUTOMATIC HEATER FIAT &#8211; NY TEMPRA MAQ.93 1370-1580 (&#8217;93-&#8217;96) AUTOMATIC HEATER FIAT &#8211; NZ TEMPRA MAQ.93 1750-2000 [&hellip;]<\/p>\n","protected":false},"featured_media":79203,"template":"","meta":{"_seopress_robots_primary_cat":"","_seopress_titles_title":"","_seopress_titles_desc":"","_seopress_robots_index":""},"product_cat":[20,111],"product_tag":[],"class_list":{"0":"post-4424","1":"product","2":"type-product","3":"status-publish","4":"has-post-thumbnail","6":"product_cat-recambios-fiat","7":"product_cat-recambios-fiat-tempra","9":"first","10":"instock","11":"taxable","12":"shipping-taxable","13":"purchasable","14":"product-type-simple"},"_links":{"self":[{"href":"https:\/\/galicianparts.com\/shop\/wp-json\/wp\/v2\/product\/4424"}],"collection":[{"href":"https:\/\/galicianparts.com\/shop\/wp-json\/wp\/v2\/product"}],"about":[{"href":"https:\/\/galicianparts.com\/shop\/wp-json\/wp\/v2\/types\/product"}],"wp:featuredmedia":[{"embeddable":true,"href":"https:\/\/galicianparts.com\/shop\/wp-json\/wp\/v2\/media\/79203"}],"wp:attachment":[{"href":"https:\/\/galicianparts.com\/shop\/wp-json\/wp\/v2\/media?parent=4424"}],"wp:term":[{"taxonomy":"product_cat","embeddable":true,"href":"https:\/\/galicianparts.com\/shop\/wp-json\/wp\/v2\/product_cat?post=4424"},{"taxonomy":"product_tag","embeddable":true,"href":"https:\/\/galicianparts.com\/shop\/wp-json\/wp\/v2\/product_tag?post=4424"}],"curies":[{"name":"wp","href":"https:\/\/api.w.org\/{rel}","templated":true}]}}