{"id":44343,"date":"2022-04-08T11:25:37","date_gmt":"2022-04-08T09:25:37","guid":{"rendered":"https:\/\/galicianparts.com\/shop\/producto\/5892386-kit-juntas-culata-fiat-panda-uno-127-seat-fura-marbella-autobianchi-a112-original\/"},"modified":"2022-08-22T11:10:21","modified_gmt":"2022-08-22T09:10:21","slug":"5892386-kit-juntas-culata-fiat-panda-uno-127-seat-fura-marbella-autobianchi-a112-original","status":"publish","type":"product","link":"https:\/\/galicianparts.com\/shop\/producto\/5892386-kit-juntas-culata-fiat-panda-uno-127-seat-fura-marbella-autobianchi-a112-original\/","title":{"rendered":"5892386 Kit juntas culata Fiat Panda \/Uno \/127 \/Seat Fura \/Marbella \/Autobianchi A112 ORIGINAL"},"content":{"rendered":"<p>Juego de descarbonizaci\u00f3n, set de juntas de la culata del motor de:<br \/>\nAUTOBIANCHI A 112 Hatchback<br \/>\n0.9 Junior, A\u00f1o 07.1975 &#8211; 12.1985, 903 , 42<\/p>\n<p>FIAT 127 Hatchback (127)<br \/>\n0.9, A\u00f1o 06.1971 &#8211; 12.1986, 903 , 45<br \/>\nFIAT Panda I Hatchback (141)<br \/>\n0.9 Fire S A las 4 ruedas, A\u00f1o 10.1980 &#8211; 04.1986, 903 , 45<br \/>\nFIAT Uno Hatchback (146)<br \/>\n0.9, A\u00f1o 03.1983 &#8211; 09.1992, 903 , 45<br \/>\n0.9 45, A\u00f1o 02.1984 &#8211; 12.1988, 903 , 46<br \/>\nFIAT Panda Van (141)<br \/>\n0.7, A\u00f1o 01.1986 &#8211; 07.1992, 764 , 34<br \/>\nFIAT Uno Furg\u00f3n (146)<br \/>\n0.9 45, A\u00f1o 02.1988 &#8211; 07.1996, 903 , 45<\/p>\n<p>SEAT Marbella Hatchback (28)<br \/>\n0.8, A\u00f1o 08.1986 &#8211; 12.1993, 843 , 34<br \/>\n0.9, A\u00f1o 01.1987 &#8211; 12.1993, 903 , 40<br \/>\n0.9, A\u00f1o 07.1997 &#8211; 10.1998, 899 , 44<br \/>\n0.9 CAT, A\u00f1o 01.1990 &#8211; 11.1996, 903 , 40<br \/>\n0.9 CAT, A\u00f1o 11.1996 &#8211; 10.1998, 899 , 41<br \/>\nSEAT Terra Familiar (24)<br \/>\n0.9, A\u00f1o 02.1987 &#8211; 12.1996, 903 , 40<br \/>\nSEAT Terra Furg\u00f3n (024A)<br \/>\n0.9, A\u00f1o 01.1987 &#8211; 12.1995, 903 , 40<br \/>\nSEAT Fura (025A)<br \/>\n0.9, A\u00f1o 03.1984 &#8211; 12.1986, 903 , 40<br \/>\n0.9, A\u00f1o 01.1982 &#8211; 06.1986, 903 , 43<br \/>\nSEAT Ibiza I Hatchback (021A)<br \/>\n0.9, A\u00f1o 08.1990 &#8211; 05.1993, 903 , 40<br \/>\n0.9, A\u00f1o 08.1986 &#8211; 05.1993, 903 , 44<br \/>\nSEAT Marbella Furg\u00f3n (028A)<br \/>\n0.8, A\u00f1o 01.1987 &#8211; 12.1993, 843 , 34<br \/>\n0.9, A\u00f1o 01.1987 &#8211; 12.1993, 903 , 40<\/p>\n<p>LA PIEZA ES NUEVA Y ORIGINAL.<\/p>\n","protected":false},"excerpt":{"rendered":"<p>Juego de descarbonizaci\u00f3n, set de juntas de la culata del motor de: AUTOBIANCHI A 112 Hatchback 0.9 Junior, A\u00f1o 07.1975 &#8211; 12.1985, 903 , 42 FIAT 127 Hatchback (127) 0.9, A\u00f1o 06.1971 &#8211; 12.1986, 903 , 45 FIAT Panda I Hatchback (141) 0.9 Fire S A las 4 ruedas, A\u00f1o 10.1980 &#8211; 04.1986, 903 , [&hellip;]<\/p>\n","protected":false},"featured_media":44348,"template":"","meta":{"_seopress_robots_primary_cat":"","_seopress_titles_title":"","_seopress_titles_desc":"","_seopress_robots_index":""},"product_cat":[68,63,25,20,208,162,207,99,26,233,114],"product_tag":[],"class_list":{"0":"post-44343","1":"product","2":"type-product","3":"status-publish","4":"has-post-thumbnail","6":"product_cat-recambios-fiat-127","7":"product_cat-recambios-autobianchi-a112","8":"product_cat-recambios-autobianchi","9":"product_cat-recambios-fiat","10":"product_cat-recambios-seat-fura","11":"product_cat-recambios-seat-ibiza","12":"product_cat-recambios-seat-marbella","13":"product_cat-recambios-fiat-panda","14":"product_cat-recambios-seat","15":"product_cat-recambios-seat-terra","16":"product_cat-recambios-fiat-uno","18":"first","19":"outofstock","20":"taxable","21":"shipping-taxable","22":"purchasable","23":"product-type-simple"},"_links":{"self":[{"href":"https:\/\/galicianparts.com\/shop\/wp-json\/wp\/v2\/product\/44343"}],"collection":[{"href":"https:\/\/galicianparts.com\/shop\/wp-json\/wp\/v2\/product"}],"about":[{"href":"https:\/\/galicianparts.com\/shop\/wp-json\/wp\/v2\/types\/product"}],"wp:featuredmedia":[{"embeddable":true,"href":"https:\/\/galicianparts.com\/shop\/wp-json\/wp\/v2\/media\/44348"}],"wp:attachment":[{"href":"https:\/\/galicianparts.com\/shop\/wp-json\/wp\/v2\/media?parent=44343"}],"wp:term":[{"taxonomy":"product_cat","embeddable":true,"href":"https:\/\/galicianparts.com\/shop\/wp-json\/wp\/v2\/product_cat?post=44343"},{"taxonomy":"product_tag","embeddable":true,"href":"https:\/\/galicianparts.com\/shop\/wp-json\/wp\/v2\/product_tag?post=44343"}],"curies":[{"name":"wp","href":"https:\/\/api.w.org\/{rel}","templated":true}]}}