{"id":44353,"date":"2022-04-08T11:36:30","date_gmt":"2022-04-08T09:36:30","guid":{"rendered":"https:\/\/galicianparts.com\/shop\/producto\/5892395-kit-juntas-culata-fiat-panda-4x4-uno-127-seat-fura-marbella-autobianchi-a112-original\/"},"modified":"2022-11-14T10:44:07","modified_gmt":"2022-11-14T08:44:07","slug":"5892395-kit-juntas-culata-fiat-panda-4x4-uno-127-seat-fura-marbella-autobianchi-a112-original","status":"publish","type":"product","link":"https:\/\/galicianparts.com\/shop\/producto\/5892395-kit-juntas-culata-fiat-panda-4x4-uno-127-seat-fura-marbella-autobianchi-a112-original\/","title":{"rendered":"5892395 Kit juntas culata Fiat Panda 4X4 \/Uno \/127 \/Seat Fura \/Marbella \/Autobianchi A112 ORIGINAL"},"content":{"rendered":"<p>Juego de descarbonizaci\u00f3n, set de juntas de la culata del motor de:<br \/>\nAUTOBIANCHI A 112 Hatchback<br \/>\n0.9 Junior, A\u00f1o 07.1975 &#8211; 12.1985, 903 , 42<\/p>\n<p>FIAT 127 Hatchback (127)<br \/>\n0.9, A\u00f1o 06.1971 &#8211; 12.1986, 903 , 45<br \/>\nFIAT Panda I Hatchback (141)<br \/>\n0.9 Fire S 4WD A\u00f1o 10.1980 &#8211; 04.1986, 903 , 45<br \/>\nFIAT Uno Hatchback (146)<br \/>\n0.9, A\u00f1o 03.1983 &#8211; 09.1992, 903 , 45<br \/>\n0.9 45, A\u00f1o 02.1984 &#8211; 12.1988, 903 , 46<br \/>\nFIAT Panda Van (141)<br \/>\n0.7, A\u00f1o 01.1986 &#8211; 07.1992, 764 , 34<br \/>\nFIAT Uno Furg\u00f3n (146)<br \/>\n0.9 45, A\u00f1o 02.1988 &#8211; 07.1996, 903 , 45<\/p>\n<p>SEAT Marbella Hatchback (28)<br \/>\n0.8, A\u00f1o 08.1986 &#8211; 12.1993, 843 , 34<br \/>\n0.9, A\u00f1o 01.1987 &#8211; 12.1993, 903 , 40<br \/>\n0.9, A\u00f1o 07.1997 &#8211; 10.1998, 899 , 44<br \/>\n0.9 CAT, A\u00f1o 01.1990 &#8211; 11.1996, 903 , 40<br \/>\n0.9 CAT, A\u00f1o 11.1996 &#8211; 10.1998, 899 , 41<br \/>\nSEAT Terra Familiar (24)<br \/>\n0.9, A\u00f1o 02.1987 &#8211; 12.1996, 903 , 40<br \/>\nSEAT Terra Furg\u00f3n (024A)<br \/>\n0.9, A\u00f1o 01.1987 &#8211; 12.1995, 903 , 40<br \/>\nSEAT Fura (025A)<br \/>\n0.9, A\u00f1o 03.1984 &#8211; 12.1986, 903 , 40<br \/>\n0.9, A\u00f1o 01.1982 &#8211; 06.1986, 903 , 43<br \/>\nSEAT Ibiza I Hatchback (021A)<br \/>\n0.9, A\u00f1o 08.1990 &#8211; 05.1993, 903 , 40<br \/>\n0.9, A\u00f1o 08.1986 &#8211; 05.1993, 903 , 44<br \/>\nSEAT Marbella Furg\u00f3n (028A)<br \/>\n0.8, A\u00f1o 01.1987 &#8211; 12.1993, 843 , 34<br \/>\n0.9, A\u00f1o 01.1987 &#8211; 12.1993, 903 , 40<\/p>\n<p>LA PIEZA ES NUEVA Y ORIGINAL.<\/p>\n","protected":false},"excerpt":{"rendered":"<p>Juego de descarbonizaci\u00f3n, set de juntas de la culata del motor de: AUTOBIANCHI A 112 Hatchback 0.9 Junior, A\u00f1o 07.1975 &#8211; 12.1985, 903 , 42 FIAT 127 Hatchback (127) 0.9, A\u00f1o 06.1971 &#8211; 12.1986, 903 , 45 FIAT Panda I Hatchback (141) 0.9 Fire S 4WD A\u00f1o 10.1980 &#8211; 04.1986, 903 , 45 FIAT Uno [&hellip;]<\/p>\n","protected":false},"featured_media":44359,"template":"","meta":{"_seopress_robots_primary_cat":"","_seopress_titles_title":"","_seopress_titles_desc":"","_seopress_robots_index":""},"product_cat":[15],"product_tag":[],"class_list":{"0":"post-44353","1":"product","2":"type-product","3":"status-publish","4":"has-post-thumbnail","6":"product_cat-sin-categorizar","8":"first","9":"outofstock","10":"taxable","11":"shipping-taxable","12":"purchasable","13":"product-type-simple"},"_links":{"self":[{"href":"https:\/\/galicianparts.com\/shop\/wp-json\/wp\/v2\/product\/44353"}],"collection":[{"href":"https:\/\/galicianparts.com\/shop\/wp-json\/wp\/v2\/product"}],"about":[{"href":"https:\/\/galicianparts.com\/shop\/wp-json\/wp\/v2\/types\/product"}],"wp:featuredmedia":[{"embeddable":true,"href":"https:\/\/galicianparts.com\/shop\/wp-json\/wp\/v2\/media\/44359"}],"wp:attachment":[{"href":"https:\/\/galicianparts.com\/shop\/wp-json\/wp\/v2\/media?parent=44353"}],"wp:term":[{"taxonomy":"product_cat","embeddable":true,"href":"https:\/\/galicianparts.com\/shop\/wp-json\/wp\/v2\/product_cat?post=44353"},{"taxonomy":"product_tag","embeddable":true,"href":"https:\/\/galicianparts.com\/shop\/wp-json\/wp\/v2\/product_tag?post=44353"}],"curies":[{"name":"wp","href":"https:\/\/api.w.org\/{rel}","templated":true}]}}