{"id":44370,"date":"2022-04-08T12:30:19","date_gmt":"2022-04-08T10:30:19","guid":{"rendered":"https:\/\/galicianparts.com\/shop\/producto\/5882358-kit-juntas-motor-1-7-1-9-d-fiat-ritmo-regata-uno-fiorino-lancia-prisma-original\/"},"modified":"2025-12-28T17:30:13","modified_gmt":"2025-12-28T15:30:13","slug":"5882358-kit-juntas-motor-1-7-1-9-d-fiat-ritmo-regata-uno-fiorino-lancia-prisma-original","status":"publish","type":"product","link":"https:\/\/galicianparts.com\/shop\/producto\/5882358-kit-juntas-motor-1-7-1-9-d-fiat-ritmo-regata-uno-fiorino-lancia-prisma-original\/","title":{"rendered":"5882358 Kit juntas motor 1.7\/1.9 D Fiat Ritmo \/Regata \/Uno \/Fiorino \/ Lancia Prisma ORIGINAL"},"content":{"rendered":"<p>Juego, set de juntas de motor de:<br \/>\nFIAT Regata Berlina (138)<br \/>\n1.7 Di\u00e9sel 60, A\u00f1o 05.1985 &#8211; 03.1989, 1698 , 60<br \/>\n1.9 Di\u00e9sel 65, A\u00f1o 04.1984 &#8211; 07.1989, 1929 , 65<br \/>\nFIAT Regata Weekend (A\u00f1o 06.1983 &#8211; 08.1995)<br \/>\n1.7 Di\u00e9sel 60, A\u00f1o 01.1984 &#8211; 12.1989, 1698 , 60<br \/>\n1.9 Di\u00e9sel 65, A\u00f1o 04.1984 &#8211; 07.1989, 1929 , 65<br \/>\nFIAT Ritmo I Hatchback (138)<br \/>\n1.7 Di\u00e9sel 60, A\u00f1o 05.1985 &#8211; 12.1987, 1698 , 60<br \/>\nFIAT Fiorino II Furg\u00f3n (146)<br \/>\n60 1.7 D, A\u00f1o 05.1988 &#8211; 05.2000, 1698 , 60<br \/>\nFIAT Uno Hatchback (146)<br \/>\n1.7 Di\u00e9sel 60, A\u00f1o 07.1986 &#8211; 08.1989, 1698 , 60<br \/>\nFIAT Duna Berlina (146)<br \/>\n1.7 DS, A\u00f1o 01.1987 &#8211; 12.1991, 1698 , 60<br \/>\nFIAT Duna Weekend (146)<br \/>\n1.7 DS, A\u00f1o 01.1987 &#8211; 12.1991, 1698 , 60<br \/>\nFIAT Fiorino II Pick-up (146)<br \/>\n1.7 D, A\u00f1o 05.1988 &#8211; 10.1999, 1698 , 60<\/p>\n<p>LANCIA Prisma (831)<br \/>\n1.9 Di\u00e9sel, A\u00f1o 01.1983 &#8211; 02.1992, 1911 , 65<\/p>\n<p>LA PIEZA ES NUEVA Y ORIGINAL.<\/p>\n","protected":false},"excerpt":{"rendered":"<p>Juego, set de juntas de motor de: FIAT Regata Berlina (138) 1.7 Di\u00e9sel 60, A\u00f1o 05.1985 &#8211; 03.1989, 1698 , 60 1.9 Di\u00e9sel 65, A\u00f1o 04.1984 &#8211; 07.1989, 1929 , 65 FIAT Regata Weekend (A\u00f1o 06.1983 &#8211; 08.1995) 1.7 Di\u00e9sel 60, A\u00f1o 01.1984 &#8211; 12.1989, 1698 , 60 1.9 Di\u00e9sel 65, A\u00f1o 04.1984 &#8211; 07.1989, [&hellip;]<\/p>\n","protected":false},"featured_media":44372,"template":"","meta":{"_seopress_robots_primary_cat":"","_seopress_titles_title":"","_seopress_titles_desc":"","_seopress_robots_index":""},"product_cat":[89,20,91,21,123,102,103,114],"product_tag":[],"class_list":{"0":"post-44370","1":"product","2":"type-product","3":"status-publish","4":"has-post-thumbnail","6":"product_cat-recambios-fiat-duna","7":"product_cat-recambios-fiat","8":"product_cat-recambios-fiat-fiorino","9":"product_cat-recambios-lancia","10":"product_cat-recambios-lancia-prisma","11":"product_cat-recambios-fiat-regata","12":"product_cat-recambios-fiat-ritmo","13":"product_cat-recambios-fiat-uno","15":"first","16":"outofstock","17":"taxable","18":"shipping-taxable","19":"purchasable","20":"product-type-simple"},"_links":{"self":[{"href":"https:\/\/galicianparts.com\/shop\/wp-json\/wp\/v2\/product\/44370"}],"collection":[{"href":"https:\/\/galicianparts.com\/shop\/wp-json\/wp\/v2\/product"}],"about":[{"href":"https:\/\/galicianparts.com\/shop\/wp-json\/wp\/v2\/types\/product"}],"wp:featuredmedia":[{"embeddable":true,"href":"https:\/\/galicianparts.com\/shop\/wp-json\/wp\/v2\/media\/44372"}],"wp:attachment":[{"href":"https:\/\/galicianparts.com\/shop\/wp-json\/wp\/v2\/media?parent=44370"}],"wp:term":[{"taxonomy":"product_cat","embeddable":true,"href":"https:\/\/galicianparts.com\/shop\/wp-json\/wp\/v2\/product_cat?post=44370"},{"taxonomy":"product_tag","embeddable":true,"href":"https:\/\/galicianparts.com\/shop\/wp-json\/wp\/v2\/product_tag?post=44370"}],"curies":[{"name":"wp","href":"https:\/\/api.w.org\/{rel}","templated":true}]}}