{"id":44379,"date":"2022-04-08T12:37:53","date_gmt":"2022-04-08T10:37:53","guid":{"rendered":"https:\/\/galicianparts.com\/shop\/producto\/7553582-eje-primario-cambio-m-1-3-1-5-fiat-regata-ritmo-lancia-delta-i-prisma-nuevo-original\/"},"modified":"2022-04-08T12:43:21","modified_gmt":"2022-04-08T10:43:21","slug":"7553582-eje-primario-cambio-m-1-3-1-5-fiat-regata-ritmo-lancia-delta-i-prisma-nuevo-original","status":"publish","type":"product","link":"https:\/\/galicianparts.com\/shop\/producto\/7553582-eje-primario-cambio-m-1-3-1-5-fiat-regata-ritmo-lancia-delta-i-prisma-nuevo-original\/","title":{"rendered":"7553582 Eje primario cambio M 1.3\/1.5 Fiat Regata \/Ritmo \/Lancia Delta I \/Prisma NUEVO ORIGINAL"},"content":{"rendered":"<p>Eje primario de la caja de cambios de 5 marchas de:<br \/>\nDientes pi\u00f1\u00f3n 1: 11<br \/>\nDientes pi\u00f1\u00f3n 2: 14<br \/>\nDientes pi\u00f1\u00f3n 3: 17<br \/>\nDientes pi\u00f1\u00f3n 4: 32<br \/>\nDientes pi\u00f1\u00f3n 5: 47<br \/>\nLargo: 350mm<\/p>\n<p>Lancia Delta I 1.3 \/ 1.5<br \/>\nLancia Prisma<br \/>\nFiat Ritmo<br \/>\nFiat Regata 1.3 \/ 1.5<\/p>\n<p>LA PIEZA ES NUEVA Y ORIGINAL.<\/p>\n","protected":false},"excerpt":{"rendered":"<p>Eje primario de la caja de cambios de 5 marchas de: Dientes pi\u00f1\u00f3n 1: 11 Dientes pi\u00f1\u00f3n 2: 14 Dientes pi\u00f1\u00f3n 3: 17 Dientes pi\u00f1\u00f3n 4: 32 Dientes pi\u00f1\u00f3n 5: 47 Largo: 350mm Lancia Delta I 1.3 \/ 1.5 Lancia Prisma Fiat Ritmo Fiat Regata 1.3 \/ 1.5 LA PIEZA ES NUEVA Y ORIGINAL.<\/p>\n","protected":false},"featured_media":44380,"template":"","meta":{"_seopress_robots_primary_cat":"","_seopress_titles_title":"","_seopress_titles_desc":"","_seopress_robots_index":""},"product_cat":[118,20,21,123,102,103],"product_tag":[],"class_list":{"0":"post-44379","1":"product","2":"type-product","3":"status-publish","4":"has-post-thumbnail","6":"product_cat-recambios-lancia-delta","7":"product_cat-recambios-fiat","8":"product_cat-recambios-lancia","9":"product_cat-recambios-lancia-prisma","10":"product_cat-recambios-fiat-regata","11":"product_cat-recambios-fiat-ritmo","13":"first","14":"instock","15":"taxable","16":"shipping-taxable","17":"purchasable","18":"product-type-simple"},"_links":{"self":[{"href":"https:\/\/galicianparts.com\/shop\/wp-json\/wp\/v2\/product\/44379"}],"collection":[{"href":"https:\/\/galicianparts.com\/shop\/wp-json\/wp\/v2\/product"}],"about":[{"href":"https:\/\/galicianparts.com\/shop\/wp-json\/wp\/v2\/types\/product"}],"wp:featuredmedia":[{"embeddable":true,"href":"https:\/\/galicianparts.com\/shop\/wp-json\/wp\/v2\/media\/44380"}],"wp:attachment":[{"href":"https:\/\/galicianparts.com\/shop\/wp-json\/wp\/v2\/media?parent=44379"}],"wp:term":[{"taxonomy":"product_cat","embeddable":true,"href":"https:\/\/galicianparts.com\/shop\/wp-json\/wp\/v2\/product_cat?post=44379"},{"taxonomy":"product_tag","embeddable":true,"href":"https:\/\/galicianparts.com\/shop\/wp-json\/wp\/v2\/product_tag?post=44379"}],"curies":[{"name":"wp","href":"https:\/\/api.w.org\/{rel}","templated":true}]}}