{"id":4438,"date":"2020-09-29T13:59:41","date_gmt":"2020-09-29T11:59:41","guid":{"rendered":"https:\/\/galicianparts.com\/shop\/producto\/504053866-valvula-presion-combustible-fiat-ducato-citroen-jumper-peugeot-boxer\/"},"modified":"2024-03-14T12:39:48","modified_gmt":"2024-03-14T10:39:48","slug":"504053866-valvula-presion-combustible-fiat-ducato-citroen-jumper-peugeot-boxer","status":"publish","type":"product","link":"https:\/\/galicianparts.com\/shop\/producto\/504053866-valvula-presion-combustible-fiat-ducato-citroen-jumper-peugeot-boxer\/","title":{"rendered":"504053866 V\u00e1lvula presi\u00f3n gasoil Fiat Ducato 2.3 JTD (2001-2006) NUEVA ORIGINAL"},"content":{"rendered":"<p>V\u00e1lvula de presi\u00f3n de la rampa de inyecci\u00f3n del combustible de:<br \/>\nM\u00e9trica: 18X1,5<\/p>\n<p>FIAT PROFESSIONAL &#8211; 2E DUCATO RESTYL. (2001-2006) 2300\u00a0JTD \/ 2300\u00a0JTD\u00a0EGR<\/p>\n<p>LA PIEZA ES NUEVA Y ORIGINAL.<\/p>\n","protected":false},"excerpt":{"rendered":"<p>V\u00e1lvula de presi\u00f3n de la rampa de inyecci\u00f3n del combustible de: M\u00e9trica: 18X1,5 FIAT PROFESSIONAL &#8211; 2E DUCATO RESTYL. (2001-2006) 2300\u00a0JTD \/ 2300\u00a0JTD\u00a0EGR LA PIEZA ES NUEVA Y ORIGINAL.<\/p>\n","protected":false},"featured_media":80809,"template":"","meta":{"_seopress_robots_primary_cat":"","_seopress_titles_title":"","_seopress_titles_desc":"","_seopress_robots_index":""},"product_cat":[88,20],"product_tag":[],"class_list":{"0":"post-4438","1":"product","2":"type-product","3":"status-publish","4":"has-post-thumbnail","6":"product_cat-recambios-fiat-ducato","7":"product_cat-recambios-fiat","9":"first","10":"outofstock","11":"taxable","12":"shipping-taxable","13":"purchasable","14":"product-type-simple"},"_links":{"self":[{"href":"https:\/\/galicianparts.com\/shop\/wp-json\/wp\/v2\/product\/4438"}],"collection":[{"href":"https:\/\/galicianparts.com\/shop\/wp-json\/wp\/v2\/product"}],"about":[{"href":"https:\/\/galicianparts.com\/shop\/wp-json\/wp\/v2\/types\/product"}],"wp:featuredmedia":[{"embeddable":true,"href":"https:\/\/galicianparts.com\/shop\/wp-json\/wp\/v2\/media\/80809"}],"wp:attachment":[{"href":"https:\/\/galicianparts.com\/shop\/wp-json\/wp\/v2\/media?parent=4438"}],"wp:term":[{"taxonomy":"product_cat","embeddable":true,"href":"https:\/\/galicianparts.com\/shop\/wp-json\/wp\/v2\/product_cat?post=4438"},{"taxonomy":"product_tag","embeddable":true,"href":"https:\/\/galicianparts.com\/shop\/wp-json\/wp\/v2\/product_tag?post=4438"}],"curies":[{"name":"wp","href":"https:\/\/api.w.org\/{rel}","templated":true}]}}