{"id":44395,"date":"2022-04-08T13:12:40","date_gmt":"2022-04-08T11:12:40","guid":{"rendered":"https:\/\/galicianparts.com\/shop\/producto\/4434917-amortiguador-suspension-trasera-fiat-127-147-seat-fura-127-autobianchi-a112-nuevo-original\/"},"modified":"2025-01-09T11:45:29","modified_gmt":"2025-01-09T09:45:29","slug":"4434917-amortiguador-suspension-trasera-fiat-127-147-seat-fura-127-autobianchi-a112-nuevo-original","status":"publish","type":"product","link":"https:\/\/galicianparts.com\/shop\/producto\/4434917-amortiguador-suspension-trasera-fiat-127-147-seat-fura-127-autobianchi-a112-nuevo-original\/","title":{"rendered":"4434917 Amortiguador suspensi\u00f3n trasera Fiat 127 \/147 \/Seat Fura \/127 \/Autobianchi A112 NUEVO ORIGINAL"},"content":{"rendered":"<p>Amortiguador de aceite de la suspensi\u00f3n posterior de:<\/p>\n<p>AUTOBIANCHI A 112 Hatchback<br \/>\n0.9, A\u00f1o 10.1969 &#8211; 12.1972, 903 , 44<br \/>\n0.9, A\u00f1o 01.1976 &#8211; 12.1978, 903 , 45<br \/>\n0.9 E, A\u00f1o 01.1973 &#8211; 12.1977, 903 , 47<br \/>\n0.9 Junior, A\u00f1o 07.1975 &#8211; 12.1985, 903 , 42<br \/>\n1.0 Abarth, A\u00f1o 09.1971 &#8211; 12.1975, 982 , 58<br \/>\n1.0 Abarth, A\u00f1o 01.1974 &#8211; 12.1984, 1050 , 70<br \/>\n1.0 E,Elite,LX, A\u00f1o 11.1977 &#8211; 12.1985, 965 , 48<\/p>\n<p>FIAT 127 Hatchback (127)<br \/>\n0.9, A\u00f1o 06.1971 &#8211; 05.1983, 903 , 40<br \/>\n0.9, A\u00f1o 06.1971 &#8211; 12.1986, 903 , 45<br \/>\n1.0, A\u00f1o 04.1977 &#8211; 12.1986, 1049 , 50<br \/>\n1.0 Sport, A\u00f1o 07.1978 &#8211; 02.1982, 1049 , 70<br \/>\n1.3 Sport, A\u00f1o 12.1981 &#8211; 05.1983, 1301 , 75<br \/>\nFIAT Fiorino Furg\u00f3n (127)<br \/>\n1.0, A\u00f1o 01.1980 &#8211; 12.1987, 1049 , 50<br \/>\n0.9, A\u00f1o 10.1977 &#8211; 10.1986, 903 , 45<br \/>\nFIAT Fiorino I Furg\u00f3n (147)<br \/>\n1.0, A\u00f1o 01.1980 &#8211; 12.1987, 1049 , 50<br \/>\n1.3 D, A\u00f1o 03.1982 &#8211; 01.1988, 1288 , 45<br \/>\nFIAT 147 Hatchback<br \/>\n1.0, A\u00f1o 10.1976 &#8211; 12.1995, 1049 , 50<\/p>\n<p>SEAT Fura (025A)<br \/>\n0.9, A\u00f1o 03.1984 &#8211; 12.1986, 903 , 40<br \/>\n0.9, A\u00f1o 01.1982 &#8211; 06.1986, 903 , 43<br \/>\n0.9, A\u00f1o 01.1982 &#8211; 06.1986, 903 , 45<br \/>\n1.4, A\u00f1o 01.1982 &#8211; 06.1986, 1438 , 75<br \/>\nSEAT 127<br \/>\n0.9, A\u00f1o 04.1972 &#8211; 12.1982, 903 , 45<br \/>\n1.0, A\u00f1o 04.1972 &#8211; 12.1982, 1010 , 52<\/p>\n<p>LA PIEZA ES NUEVA Y ORIGINAL.<\/p>\n","protected":false},"excerpt":{"rendered":"<p>Amortiguador de aceite de la suspensi\u00f3n posterior de: AUTOBIANCHI A 112 Hatchback 0.9, A\u00f1o 10.1969 &#8211; 12.1972, 903 , 44 0.9, A\u00f1o 01.1976 &#8211; 12.1978, 903 , 45 0.9 E, A\u00f1o 01.1973 &#8211; 12.1977, 903 , 47 0.9 Junior, A\u00f1o 07.1975 &#8211; 12.1985, 903 , 42 1.0 Abarth, A\u00f1o 09.1971 &#8211; 12.1975, 982 , 58 [&hellip;]<\/p>\n","protected":false},"featured_media":44406,"template":"","meta":{"_seopress_robots_primary_cat":"","_seopress_titles_title":"","_seopress_titles_desc":"","_seopress_robots_index":""},"product_cat":[179,68,222,63,25,20,91,208,26],"product_tag":[],"class_list":{"0":"post-44395","1":"product","2":"type-product","3":"status-publish","4":"has-post-thumbnail","6":"product_cat-recambios-seat-127","7":"product_cat-recambios-fiat-127","8":"product_cat-recambios-fiat-147","9":"product_cat-recambios-autobianchi-a112","10":"product_cat-recambios-autobianchi","11":"product_cat-recambios-fiat","12":"product_cat-recambios-fiat-fiorino","13":"product_cat-recambios-seat-fura","14":"product_cat-recambios-seat","16":"first","17":"outofstock","18":"taxable","19":"shipping-taxable","20":"purchasable","21":"product-type-simple"},"_links":{"self":[{"href":"https:\/\/galicianparts.com\/shop\/wp-json\/wp\/v2\/product\/44395"}],"collection":[{"href":"https:\/\/galicianparts.com\/shop\/wp-json\/wp\/v2\/product"}],"about":[{"href":"https:\/\/galicianparts.com\/shop\/wp-json\/wp\/v2\/types\/product"}],"wp:featuredmedia":[{"embeddable":true,"href":"https:\/\/galicianparts.com\/shop\/wp-json\/wp\/v2\/media\/44406"}],"wp:attachment":[{"href":"https:\/\/galicianparts.com\/shop\/wp-json\/wp\/v2\/media?parent=44395"}],"wp:term":[{"taxonomy":"product_cat","embeddable":true,"href":"https:\/\/galicianparts.com\/shop\/wp-json\/wp\/v2\/product_cat?post=44395"},{"taxonomy":"product_tag","embeddable":true,"href":"https:\/\/galicianparts.com\/shop\/wp-json\/wp\/v2\/product_tag?post=44395"}],"curies":[{"name":"wp","href":"https:\/\/api.w.org\/{rel}","templated":true}]}}