{"id":4442,"date":"2020-09-29T13:59:48","date_gmt":"2020-09-29T11:59:48","guid":{"rendered":"https:\/\/galicianparts.com\/shop\/producto\/9642006780-tensor-correa-distribucion-fiat-citroen-peugeot-original\/"},"modified":"2023-12-07T14:05:01","modified_gmt":"2023-12-07T12:05:01","slug":"9642006780-tensor-correa-distribucion-fiat-citroen-peugeot-original","status":"publish","type":"product","link":"https:\/\/galicianparts.com\/shop\/producto\/9642006780-tensor-correa-distribucion-fiat-citroen-peugeot-original\/","title":{"rendered":"9642006780 Tensor correa distribuci\u00f3n Fiat Scudo (98-06) Citro\u00ebn \/Peugeot ORIGINAL"},"content":{"rendered":"<p>Polea tensora de la correa dentada de:<br \/>\nDi\u00e1metro: 60 mm<br \/>\nDi\u00e1metro interior: 8 mm<br \/>\nAncho: 26 mm<\/p>\n<p>FIAT Scudo I (220)<br \/>\n1.9 D, A\u00f1o 04.1998 &#8211; 12.2006, 1868 ccm, 69 cv<\/p>\n<p>CITRO\u00cbN Jumpy I MPV<br \/>\n1.9 D 70, A\u00f1o 04.1998 &#8211; 11.2003, 1868 ccm, 69 cv<br \/>\nCITRO\u00cbN Berlingo \/ Berlingo First I Furg\u00f3n (M)<br \/>\n1.9 D 70, A\u00f1o 04.1999 &#8211; 12.2011, 1868 ccm, 69 cv<br \/>\n1.9 D 70 4WD, A\u00f1o 07.1998 &#8211; 03.2006, 1868 ccm, 69 cv<br \/>\nCITRO\u00cbN Berlingo \/ Berlingo First I (MF, GJK, GFK)<br \/>\n1.9 D, A\u00f1o 07.1998 &#8211; 10.2005, 1868 ccm, 70 cv<br \/>\n1.9 D 4WD, A\u00f1o 07.1998 &#8211; 10.2005, 1868 ccm, 69 cv<br \/>\nCITRO\u00cbN Xsara Hatchback (N1)<br \/>\n1.9 D, A\u00f1o 07.1998 &#8211; 03.2005, 1868 ccm, 70 cv<br \/>\nCITRO\u00cbN C3 I (FC, FN)<br \/>\n1.1 i, A\u00f1o 02.2002 &#8211; &#8230;, 1124 ccm, 60 cv<br \/>\n1.4 i, A\u00f1o 02.2002 &#8211; 11.2010, 1360 ccm, 73 cv<br \/>\n1.4 i Bivalent, A\u00f1o 02.2002 &#8211; &#8230;, 1360 ccm, 73 cv<br \/>\n1.6 16V, A\u00f1o 02.2002 &#8211; 08.2010, 1587 ccm, 109 cv<br \/>\nCITRO\u00cbN C2 Hatchback (JM)<br \/>\n1.1, A\u00f1o 09.2003 &#8211; 09.2012, 1124 ccm, 60 cv<br \/>\n1.4, A\u00f1o 09.2003 &#8211; 12.2009, 1360 ccm, 73 cv<br \/>\n1.6, A\u00f1o 07.2003 &#8211; 10.2010, 1587 ccm, 109 cv<\/p>\n<p>PEUGEOT 306<br \/>\n1.9 D, A\u00f1o 09.1998 &#8211; 05.2001, 1868 ccm, 69 cv<br \/>\nPEUGEOT Expert I (224)<br \/>\n1.9 D, A\u00f1o 12.2003 &#8211; 12.2006, 1868 ccm, 69 cv<br \/>\nPEUGEOT Partner I Furg\u00f3n<br \/>\n1.9 D, A\u00f1o 06.1996 &#8211; 12.2015, 1868 ccm, 69 cv<br \/>\nPEUGEOT 206 Hatchback (2A\/C)<br \/>\n1.9 D, A\u00f1o 09.1998 &#8211; 11.2001, 1868 ccm, 69 cv<br \/>\nPEUGEOT 307 (3A\/C)<br \/>\n1.4, A\u00f1o 08.2000 &#8211; 09.2003, 1360 ccm, 75 cv<br \/>\n1.4 16V, A\u00f1o 11.2003 &#8211; 07.2007, 1360 ccm, 88 cv<br \/>\n1.6 16V, A\u00f1o 08.2000 &#8211; 11.2007, 1587 ccm, 109 cv<\/p>\n<p>LA PIEZA ES NUEVA Y ORIGINAL.<\/p>\n","protected":false},"excerpt":{"rendered":"<p>Polea tensora de la correa dentada de: Di\u00e1metro: 60 mm Di\u00e1metro interior: 8 mm Ancho: 26 mm FIAT Scudo I (220) 1.9 D, A\u00f1o 04.1998 &#8211; 12.2006, 1868 ccm, 69 cv CITRO\u00cbN Jumpy I MPV 1.9 D 70, A\u00f1o 04.1998 &#8211; 11.2003, 1868 ccm, 69 cv CITRO\u00cbN Berlingo \/ Berlingo First I Furg\u00f3n (M) 1.9 [&hellip;]<\/p>\n","protected":false},"featured_media":80903,"template":"","meta":{"_seopress_robots_primary_cat":"","_seopress_titles_title":"","_seopress_titles_desc":"","_seopress_robots_index":""},"product_cat":[146,147,148,129,174,175,23,156,20,138,158,24,104,143],"product_tag":[],"class_list":{"0":"post-4442","1":"product","2":"type-product","3":"status-publish","4":"has-post-thumbnail","6":"product_cat-recambios-peugeot-206","7":"product_cat-recambios-peugeot-306","8":"product_cat-recambios-peugeot-307","9":"product_cat-recambios-citroen-berlingo","10":"product_cat-recambios-citroen-c2","11":"product_cat-recambios-citroen-c3","12":"product_cat-recambios-citroen","13":"product_cat-recambios-peugeot-expert","14":"product_cat-recambios-fiat","15":"product_cat-recambios-citroen-jumpy","16":"product_cat-recambios-peugeot-partner","17":"product_cat-recambios-peugeot","18":"product_cat-recambios-fiat-scudo","19":"product_cat-recambios-citroen-xsara","21":"first","22":"instock","23":"taxable","24":"shipping-taxable","25":"purchasable","26":"product-type-simple"},"_links":{"self":[{"href":"https:\/\/galicianparts.com\/shop\/wp-json\/wp\/v2\/product\/4442"}],"collection":[{"href":"https:\/\/galicianparts.com\/shop\/wp-json\/wp\/v2\/product"}],"about":[{"href":"https:\/\/galicianparts.com\/shop\/wp-json\/wp\/v2\/types\/product"}],"wp:featuredmedia":[{"embeddable":true,"href":"https:\/\/galicianparts.com\/shop\/wp-json\/wp\/v2\/media\/80903"}],"wp:attachment":[{"href":"https:\/\/galicianparts.com\/shop\/wp-json\/wp\/v2\/media?parent=4442"}],"wp:term":[{"taxonomy":"product_cat","embeddable":true,"href":"https:\/\/galicianparts.com\/shop\/wp-json\/wp\/v2\/product_cat?post=4442"},{"taxonomy":"product_tag","embeddable":true,"href":"https:\/\/galicianparts.com\/shop\/wp-json\/wp\/v2\/product_tag?post=4442"}],"curies":[{"name":"wp","href":"https:\/\/api.w.org\/{rel}","templated":true}]}}