{"id":44427,"date":"2022-04-08T19:35:25","date_gmt":"2022-04-08T17:35:25","guid":{"rendered":"https:\/\/galicianparts.com\/shop\/producto\/5892495-kit-embrague-fiat-ritmo-127-128-x1-9-uno-lancia-y10-delta-i-prisma-original\/"},"modified":"2022-04-13T23:27:40","modified_gmt":"2022-04-13T21:27:40","slug":"5892495-kit-embrague-fiat-ritmo-127-128-x1-9-uno-lancia-y10-delta-i-prisma-original","status":"publish","type":"product","link":"https:\/\/galicianparts.com\/shop\/producto\/5892495-kit-embrague-fiat-ritmo-127-128-x1-9-uno-lancia-y10-delta-i-prisma-original\/","title":{"rendered":"5892495 Kit embrague Fiat Ritmo \/127 \/128 \/ X1\/9 \/Uno \/Lancia Y10 \/Delta I \/Prisma ORIGINAL"},"content":{"rendered":"<p>Kit de embrague completo VALEO de:<br \/>\nDientes: 17<br \/>\nDi\u00e1metro: 181mm<\/p>\n<p>AUTOBIANCHI Y10 Hatchback<br \/>\n1.1, A\u00f1o 02.1990 &#8211; 09.1992, 1108 , 50<br \/>\n1.1, A\u00f1o 06.1989 &#8211; 10.1995, 1108 , 57<br \/>\n1.1 4WD, A\u00f1o 06.1989 &#8211; 10.1995, 1108 , 57<br \/>\nFIAT Regata Berlina (138)<br \/>\n1.3 70, A\u00f1o 09.1983 &#8211; 07.1989, 1301 , 65<br \/>\n1.3 70, A\u00f1o 09.1983 &#8211; 07.1986, 1301 , 68<br \/>\nFIAT X 1\/9 (128)<br \/>\n1.3, A\u00f1o 10.1975 &#8211; 06.1978, 1290 , 73<br \/>\n1.3, A\u00f1o 05.1973 &#8211; 12.1979, 1290 , 75<br \/>\nFIAT Ritmo I Hatchback (138)<br \/>\n1.0 60, A\u00f1o 09.1978 &#8211; 09.1982, 1049 , 60<br \/>\n1.1 60, A\u00f1o 10.1982 &#8211; 12.1987, 1116 , 55<br \/>\n1.1 60, A\u00f1o 04.1985 &#8211; 12.1987, 1116 , 58<br \/>\n1.3 65, A\u00f1o 01.1978 &#8211; 08.1985, 1301 , 65<br \/>\n1.3 70, A\u00f1o 01.1983 &#8211; 04.1985, 1301 , 68<br \/>\n1.3 75, A\u00f1o 01.1981 &#8211; 09.1982, 1301 , 75<br \/>\n1.5 85, A\u00f1o 01.1981 &#8211; 05.1987, 1498 , 85<br \/>\nFIAT 127 Hatchback (127)<br \/>\n1.0, A\u00f1o 04.1977 &#8211; 12.1986, 1049 , 50<br \/>\nFIAT 128 Coup\u00e9 (128)<br \/>\n1.3, A\u00f1o 03.1972 &#8211; 12.1979, 1290 , 75<br \/>\n1.3 Berlinetta, A\u00f1o 06.1975 &#8211; 12.1979, 1290 , 73<br \/>\nFIAT 128 Berlina (128)<br \/>\n1.1, A\u00f1o 03.1969 &#8211; 12.1984, 1116 , 55<br \/>\n1.3 Rally, A\u00f1o 09.1971 &#8211; 02.1976, 1290 , 67<br \/>\n1.3 Sport, A\u00f1o 08.1974 &#8211; 12.1984, 1290 , 60<br \/>\nFIAT Fiorino Furg\u00f3n (127)<br \/>\n1.0, A\u00f1o 01.1980 &#8211; 12.1987, 1049 , 50<br \/>\nFIAT Uno Hatchback (146)<br \/>\n1.1 55, A\u00f1o 01.1983 &#8211; 08.1989, 1116 , 54<br \/>\n1.1 60, A\u00f1o 05.1985 &#8211; 08.1989, 1116 , 58<br \/>\n1.3 70, A\u00f1o 05.1985 &#8211; 08.1989, 1302 , 65<br \/>\n1.3 70, A\u00f1o 01.1983 &#8211; 04.1985, 1302 , 68<br \/>\nFIAT 128 Familiare (128)<br \/>\n1.1, A\u00f1o 10.1969 &#8211; 10.1982, 1116 , 55<br \/>\n1.3, A\u00f1o 12.1974 &#8211; 10.1982, 1290 , 60<br \/>\nLANCIA Delta I (831)<br \/>\n1.3, A\u00f1o 09.1983 &#8211; 08.1992, 1301 , 79<br \/>\nLANCIA Prisma (831)<br \/>\n1.3, A\u00f1o 01.1983 &#8211; 12.1989, 1301 , 79<br \/>\nLANCIA Y10 (156)<br \/>\n1.1 Avenue Allrad, A\u00f1o 01.1995 &#8211; 12.1995, 1108 , 54<br \/>\n1.1 i.e, A\u00f1o 08.1989 &#8211; 06.1992, 1108 , 57<br \/>\n1.1 i.e Allrad, A\u00f1o 08.1989 &#8211; 06.1992, 1108 , 57<br \/>\n1.1 i.e. Fire, A\u00f1o 07.1989 &#8211; 09.1995, 1108 , 50<br \/>\n1.1 i.e. Fire Allrad, A\u00f1o 09.1992 &#8211; 12.1995, 1108 , 50<\/p>\n<p>LA PIEZA ES NUEVA Y ORIGINAL VALEO.<\/p>\n","protected":false},"excerpt":{"rendered":"<p>Kit de embrague completo VALEO de: Dientes: 17 Di\u00e1metro: 181mm AUTOBIANCHI Y10 Hatchback 1.1, A\u00f1o 02.1990 &#8211; 09.1992, 1108 , 50 1.1, A\u00f1o 06.1989 &#8211; 10.1995, 1108 , 57 1.1 4WD, A\u00f1o 06.1989 &#8211; 10.1995, 1108 , 57 FIAT Regata Berlina (138) 1.3 70, A\u00f1o 09.1983 &#8211; 07.1989, 1301 , 65 1.3 70, A\u00f1o 09.1983 [&hellip;]<\/p>\n","protected":false},"featured_media":44428,"template":"","meta":{"_seopress_robots_primary_cat":"","_seopress_titles_title":"","_seopress_titles_desc":"","_seopress_robots_index":""},"product_cat":[68,69,25,118,20,91,21,123,102,103,114,206,126,64],"product_tag":[],"class_list":{"0":"post-44427","1":"product","2":"type-product","3":"status-publish","4":"has-post-thumbnail","6":"product_cat-recambios-fiat-127","7":"product_cat-recambios-fiat-128","8":"product_cat-recambios-autobianchi","9":"product_cat-recambios-lancia-delta","10":"product_cat-recambios-fiat","11":"product_cat-recambios-fiat-fiorino","12":"product_cat-recambios-lancia","13":"product_cat-recambios-lancia-prisma","14":"product_cat-recambios-fiat-regata","15":"product_cat-recambios-fiat-ritmo","16":"product_cat-recambios-fiat-uno","17":"product_cat-recambios-fiat-x1-9","18":"product_cat-recambios-lancia-y10","19":"product_cat-recambios-autobianchi-y10","21":"first","22":"outofstock","23":"taxable","24":"shipping-taxable","25":"purchasable","26":"product-type-simple"},"_links":{"self":[{"href":"https:\/\/galicianparts.com\/shop\/wp-json\/wp\/v2\/product\/44427"}],"collection":[{"href":"https:\/\/galicianparts.com\/shop\/wp-json\/wp\/v2\/product"}],"about":[{"href":"https:\/\/galicianparts.com\/shop\/wp-json\/wp\/v2\/types\/product"}],"wp:featuredmedia":[{"embeddable":true,"href":"https:\/\/galicianparts.com\/shop\/wp-json\/wp\/v2\/media\/44428"}],"wp:attachment":[{"href":"https:\/\/galicianparts.com\/shop\/wp-json\/wp\/v2\/media?parent=44427"}],"wp:term":[{"taxonomy":"product_cat","embeddable":true,"href":"https:\/\/galicianparts.com\/shop\/wp-json\/wp\/v2\/product_cat?post=44427"},{"taxonomy":"product_tag","embeddable":true,"href":"https:\/\/galicianparts.com\/shop\/wp-json\/wp\/v2\/product_tag?post=44427"}],"curies":[{"name":"wp","href":"https:\/\/api.w.org\/{rel}","templated":true}]}}