{"id":4450,"date":"2020-09-29T13:59:52","date_gmt":"2020-09-29T11:59:52","guid":{"rendered":"https:\/\/galicianparts.com\/shop\/producto\/99432837-valvula-escape-fiat-ducato-2-8-d-citroen-jumper-peugeot-boxer-nuevo-original\/"},"modified":"2023-12-12T13:14:59","modified_gmt":"2023-12-12T11:14:59","slug":"99432837-valvula-escape-fiat-ducato-2-8-d-citroen-jumper-peugeot-boxer-nuevo-original","status":"publish","type":"product","link":"https:\/\/galicianparts.com\/shop\/producto\/99432837-valvula-escape-fiat-ducato-2-8-d-citroen-jumper-peugeot-boxer-nuevo-original\/","title":{"rendered":"99432837 V\u00e1lvula escape M 2.8 Fiat Ducato (94-06) Citro\u00ebn Jumper \/Peugeot Boxer ORIGINAL"},"content":{"rendered":"<p>V\u00e1lvula de escape del motor de:<br \/>\nFIAT Ducato II Furg\u00f3n (230L)<br \/>\n2.8 D, A\u00f1o 05.1998 &#8211; 04.2002, 2800 ccm, 87 cv<br \/>\n2.8 D 4&#215;4, A\u00f1o 08.1998 &#8211; 04.2002, 2800 ccm, 87 cv<br \/>\n2.8 JTD, A\u00f1o 11.2000 &#8211; 04.2002, 2798 ccm, 128 cv<br \/>\n2.8 JTD 4&#215;4, A\u00f1o 11.2000 &#8211; 04.2002, 2798 ccm, 128 cv<br \/>\n2.8 TD 4&#215;4, A\u00f1o 05.1998 &#8211; 09.2001, 2799 ccm, 122 cv<br \/>\n2.8 TDI, A\u00f1o 10.1997 &#8211; 04.2002, 2800 ccm, 122 cv<br \/>\n2.8 TDI 4&#215;4, A\u00f1o 06.1999 &#8211; 04.2002, 2800 ccm, 122 cv<br \/>\nFIAT Ducato II (230)<br \/>\n2.8 D, A\u00f1o 02.1998 &#8211; 04.2002, 2800 ccm, 87 cv<br \/>\n2.8 iDTD 4&#215;4, A\u00f1o 05.1998 &#8211; 09.2001, 2799 ccm, 122 cv<br \/>\n2.8 JTD, A\u00f1o 11.2000 &#8211; 04.2002, 2798 ccm, 128 cv<br \/>\n2.8 JTD 4&#215;4, A\u00f1o 10.2001 &#8211; 04.2002, 2798 ccm, 128 cv<br \/>\n2.8 TD 4&#215;4, A\u00f1o 05.1998 &#8211; 11.2001, 2799 ccm, 87 cv<br \/>\n2.8 TDI, A\u00f1o 12.1998 &#8211; 04.2002, 2800 ccm, 122 cv<br \/>\nFIAT Ducato II Bus (244)<br \/>\n2.8 JTD, A\u00f1o 12.2001 &#8211; &#8230;, 2798 ccm, 128 cv<br \/>\n2.8 JTD, A\u00f1o 04.2004 &#8211; 07.2006, 2800 ccm, 145 cv<br \/>\n2.8 JTD 4&#215;4, A\u00f1o 12.2001 &#8211; 07.2006, 2798 ccm, 128 cv<br \/>\n2.8 TD, A\u00f1o 11.2003 &#8211; 07.2006, 2799 ccm, 122 cv<br \/>\n2.8 TD 4&#215;4, A\u00f1o 11.2003 &#8211; 07.2006, 2799 ccm, 122 cv<br \/>\nFIAT Ducato II (244)<br \/>\n2.8 JTD, A\u00f1o 12.2001 &#8211; 12.2011, 2798 ccm, 128 cv<br \/>\n2.8 JTD 4&#215;4, A\u00f1o 12.2001 &#8211; 07.2006, 2798 ccm, 128 cv<br \/>\n2.8 JTD Power, A\u00f1o 04.2004 &#8211; 07.2006, 2800 ccm, 146 cv<br \/>\n2.8 TD, A\u00f1o 12.2001 &#8211; 07.2006, 2799 ccm, 122 cv<br \/>\n2.8 TD 4&#215;4, A\u00f1o 11.2003 &#8211; 07.2006, 2799 ccm, 122 cv<\/p>\n<p>CITRO\u00cbN Jumper I (230)<br \/>\n2.8 HDi, A\u00f1o 09.2000 &#8211; 04.2002, 2798 ccm, 128 cv<br \/>\n2.8 HDi 4&#215;4, A\u00f1o 09.2000 &#8211; 04.2002, 2798 ccm, 128 cv<\/p>\n<p>CITRO\u00cbN Jumper I Furg\u00f3n (244)<br \/>\n2.8 HDi, A\u00f1o 04.2002 &#8211; &#8230;, 2798 ccm, 128 cv<br \/>\n2.8 HDi, A\u00f1o 04.2004 &#8211; 06.2006, 2798 ccm, 146 cv<\/p>\n<p>PEUGEOT Boxer (230)<br \/>\n2.8 D, A\u00f1o 01.1999 &#8211; 02.2002, 2798 ccm, 87 cv<br \/>\n2.8 DTiC, A\u00f1o 10.1997 &#8211; 09.2000, 2798 ccm, 122 cv<br \/>\n2.8 DTiC 4&#215;4, A\u00f1o 10.1997 &#8211; 08.2005, 2798 ccm, 122 cv<br \/>\n2.8 HDi, A\u00f1o 10.2000 &#8211; 11.2001, 2798 ccm, 126 cv<br \/>\n2.8 HDI, A\u00f1o 11.2000 &#8211; 04.2002, 2798 ccm, 128 cv<br \/>\n2.8 HDi 4&#215;4, A\u00f1o 10.2000 &#8211; 11.2001, 2798 ccm, 126 cv<br \/>\n2.8 HDi 4&#215;4, A\u00f1o 10.2000 &#8211; 04.2002, 2798 ccm, 128 cv<br \/>\nPEUGEOT Boxer (244)<br \/>\n2.8 HDi, A\u00f1o 09.2005 &#8211; 09.2009, 2798 ccm, 126 cv<br \/>\n2.8 HDi, A\u00f1o 12.2001 &#8211; 06.2006, 2798 ccm, 128 cv<br \/>\n2.8 HDi, A\u00f1o 04.2004 &#8211; &#8230;, 2798 ccm, 146 cv<br \/>\n2.8 HDi 4&#215;4, A\u00f1o 12.2001 &#8211; 06.2006, 2798 ccm, 128 cv<br \/>\nPEUGEOT Boxer Cami\u00f3n de plataforma\/Chasis (244)<br \/>\n2.8 HDi, A\u00f1o 12.2001 &#8211; 06.2006, 2798 ccm, 128 cv<br \/>\n2.8 HDi, A\u00f1o 04.2004 &#8211; &#8230;, 2798 ccm, 146 cv<br \/>\n2.8 HDi 4&#215;4, A\u00f1o 12.2001 &#8211; 06.2006, 2798 ccm, 128 cv<br \/>\n2.8 TD, A\u00f1o 12.2001 &#8211; 03.2005, 2798 ccm, 122 cv<\/p>\n<p>LA PIEZA ES NUEVA Y ORIGINAL.<\/p>\n","protected":false},"excerpt":{"rendered":"<p>V\u00e1lvula de escape del motor de: FIAT Ducato II Furg\u00f3n (230L) 2.8 D, A\u00f1o 05.1998 &#8211; 04.2002, 2800 ccm, 87 cv 2.8 D 4&#215;4, A\u00f1o 08.1998 &#8211; 04.2002, 2800 ccm, 87 cv 2.8 JTD, A\u00f1o 11.2000 &#8211; 04.2002, 2798 ccm, 128 cv 2.8 JTD 4&#215;4, A\u00f1o 11.2000 &#8211; 04.2002, 2798 ccm, 128 cv 2.8 TD [&hellip;]<\/p>\n","protected":false},"featured_media":80877,"template":"","meta":{"_seopress_robots_primary_cat":"","_seopress_titles_title":"","_seopress_titles_desc":"","_seopress_robots_index":""},"product_cat":[155,23,88,20,137,24],"product_tag":[],"class_list":{"0":"post-4450","1":"product","2":"type-product","3":"status-publish","4":"has-post-thumbnail","6":"product_cat-recambios-peugeot-boxer","7":"product_cat-recambios-citroen","8":"product_cat-recambios-fiat-ducato","9":"product_cat-recambios-fiat","10":"product_cat-recambios-citroen-jumper","11":"product_cat-recambios-peugeot","13":"first","14":"instock","15":"taxable","16":"shipping-taxable","17":"purchasable","18":"product-type-simple"},"_links":{"self":[{"href":"https:\/\/galicianparts.com\/shop\/wp-json\/wp\/v2\/product\/4450"}],"collection":[{"href":"https:\/\/galicianparts.com\/shop\/wp-json\/wp\/v2\/product"}],"about":[{"href":"https:\/\/galicianparts.com\/shop\/wp-json\/wp\/v2\/types\/product"}],"wp:featuredmedia":[{"embeddable":true,"href":"https:\/\/galicianparts.com\/shop\/wp-json\/wp\/v2\/media\/80877"}],"wp:attachment":[{"href":"https:\/\/galicianparts.com\/shop\/wp-json\/wp\/v2\/media?parent=4450"}],"wp:term":[{"taxonomy":"product_cat","embeddable":true,"href":"https:\/\/galicianparts.com\/shop\/wp-json\/wp\/v2\/product_cat?post=4450"},{"taxonomy":"product_tag","embeddable":true,"href":"https:\/\/galicianparts.com\/shop\/wp-json\/wp\/v2\/product_tag?post=4450"}],"curies":[{"name":"wp","href":"https:\/\/api.w.org\/{rel}","templated":true}]}}