{"id":44574,"date":"2022-04-12T08:56:20","date_gmt":"2022-04-12T06:56:20","guid":{"rendered":"https:\/\/galicianparts.com\/shop\/producto\/7729015-pack-5-casquillos-tapas-distribucion-fiat-punto-palio-strada-siena-original\/"},"modified":"2022-05-26T18:24:12","modified_gmt":"2022-05-26T16:24:12","slug":"7729015-pack-5-casquillos-tapas-distribucion-fiat-punto-palio-strada-siena-original","status":"publish","type":"product","link":"https:\/\/galicianparts.com\/shop\/producto\/7729015-pack-5-casquillos-tapas-distribucion-fiat-punto-palio-strada-siena-original\/","title":{"rendered":"7729015 Pack 5 casquillos tapas distribuci\u00f3n Fiat Punto \/ Palio \/ Strada \/ Siena ORIGINAL"},"content":{"rendered":"<p>Juego, set de 5 centradores de las tapas protectoras de la distribuci\u00f3n del motor de:<br \/>\nDi\u00e1metro interior: 7 mm.<br \/>\nDi\u00e1metro exterior: 9 mm.<br \/>\nFIAT &#8211; 1X PALIO 2V EXTRA EUROPA (1997-2002) 1697 DS EM.08<br \/>\nFIAT &#8211; 2H PALIO 2V EXTRA EUROPA REST. 2002 (2002-2011) 1697\u00a0TD\u00a0CF2<br \/>\nFIAT &#8211; 3D PALIO 2V REST.2 (2005-2011) 1697\u00a0TB\/DS\u00a0CF2<br \/>\nFIAT &#8211; 1Y PALIO WE EXTRA EUROPA (1997-2002) 1697 TDS SOFT ECE08\/CF1 46KW \/ 1697 TDS SOFT CF2 51KW \/ 1697 TDS ECE08 53 KW<br \/>\nFIAT &#8211; 2K PALIO WE EXTRA EUROPA REST. 2002 (2002-2008) 1697\u00a0TD\u00a0CF2<br \/>\nFIAT &#8211; 3F PALIO WEEKEND REST.2 (2005-2009) 1697\u00a0TB\/DS\u00a0CF2<br \/>\nFIAT &#8211; PY PALIO\/WEEKEND EUROPA (1997-2002) 1697 TDS SW<br \/>\nFIAT &#8211; NX PUNTO D-TD (1993-1997)<br \/>\nFIAT &#8211; NX PUNTO D-TD (1993-1997) 1697 T.DS EM.08 (70 CV) \/ 1697 T.DS USA&#8217;87-CEE FASE 2 (70 CV) \/ 1697 T.DS CEE FASE 2 SOFT (63 CV)<br \/>\nFIAT &#8211; NX PUNTO D-TD (1993-1997) AIRE ACONDICIONADO \/ 1697 T.DS EM.08 (70 CV) \/ 1697 T.DS USA&#8217;87-CEE FASE 2 (70 CV)<br \/>\nFIAT &#8211; 1B PUNTO TB.DS. GAMMA&#8217;97 (1997-1999)<br \/>\nFIAT &#8211; 1B PUNTO TB.DS. GAMMA&#8217;97 (1997-1999) 1697 T.DS EM.08 (72CV) \/ 1697 T.DS CF2 (69CV) \/ 1697 T.DS CF2 SOFT (63CV)<br \/>\nFIAT &#8211; 1B PUNTO TB.DS. GAMMA&#8217;97 (1997-1999) AIRE ACONDICIONADO \/ 1697 T.DS EM.08 (72CV) \/ 1697 T.DS CF2 (69CV) \/ 1697 T.DS CF2 SOFT (63CV)<br \/>\nFIAT &#8211; 2A SIENA EXTRA EUROPA (1997-2002) 1697 DS EM.08<br \/>\nFIAT &#8211; 2A SIENA EXTRA EUROPA (1997-2002) 1697 TDS SOFT ECE08 \/ 1697 TDS SOFT CF2<br \/>\nFIAT &#8211; 2L SIENA EXTRA EUROPA REST.(2002-2012) 1697\u00a0TD\u00a0CF2<br \/>\nFIAT &#8211; 3E SIENA REST.2 (2005-2011) 1697\u00a0TB\/DS\u00a0CF2<br \/>\nFIAT PROFESSIONAL &#8211; 1G STRADA (1999-2005) 1697 TDS<br \/>\nFIAT PROFESSIONAL &#8211; 3G STRADA REST. 2 (2005-2011) 1697\u00a0TB\/DS\u00a0CF2<\/p>\n<p>LA PIEZA ES NUEVA Y ORIGINAL.<\/p>\n","protected":false},"excerpt":{"rendered":"<p>Juego, set de 5 centradores de las tapas protectoras de la distribuci\u00f3n del motor de: Di\u00e1metro interior: 7 mm. Di\u00e1metro exterior: 9 mm. FIAT &#8211; 1X PALIO 2V EXTRA EUROPA (1997-2002) 1697 DS EM.08 FIAT &#8211; 2H PALIO 2V EXTRA EUROPA REST. 2002 (2002-2011) 1697\u00a0TD\u00a0CF2 FIAT &#8211; 3D PALIO 2V REST.2 (2005-2011) 1697\u00a0TB\/DS\u00a0CF2 FIAT &#8211; [&hellip;]<\/p>\n","protected":false},"featured_media":44577,"template":"","meta":{"_seopress_robots_primary_cat":"","_seopress_titles_title":"","_seopress_titles_desc":"","_seopress_robots_index":""},"product_cat":[20,98,101,107,109],"product_tag":[],"class_list":{"0":"post-44574","1":"product","2":"type-product","3":"status-publish","4":"has-post-thumbnail","6":"product_cat-recambios-fiat","7":"product_cat-recambios-fiat-palio","8":"product_cat-recambios-fiat-punto","9":"product_cat-recambios-fiat-siena","10":"product_cat-recambios-fiat-strada","12":"first","13":"instock","14":"taxable","15":"shipping-taxable","16":"purchasable","17":"product-type-simple"},"_links":{"self":[{"href":"https:\/\/galicianparts.com\/shop\/wp-json\/wp\/v2\/product\/44574"}],"collection":[{"href":"https:\/\/galicianparts.com\/shop\/wp-json\/wp\/v2\/product"}],"about":[{"href":"https:\/\/galicianparts.com\/shop\/wp-json\/wp\/v2\/types\/product"}],"wp:featuredmedia":[{"embeddable":true,"href":"https:\/\/galicianparts.com\/shop\/wp-json\/wp\/v2\/media\/44577"}],"wp:attachment":[{"href":"https:\/\/galicianparts.com\/shop\/wp-json\/wp\/v2\/media?parent=44574"}],"wp:term":[{"taxonomy":"product_cat","embeddable":true,"href":"https:\/\/galicianparts.com\/shop\/wp-json\/wp\/v2\/product_cat?post=44574"},{"taxonomy":"product_tag","embeddable":true,"href":"https:\/\/galicianparts.com\/shop\/wp-json\/wp\/v2\/product_tag?post=44574"}],"curies":[{"name":"wp","href":"https:\/\/api.w.org\/{rel}","templated":true}]}}