{"id":44650,"date":"2022-04-12T12:24:00","date_gmt":"2022-04-12T10:24:00","guid":{"rendered":"https:\/\/galicianparts.com\/shop\/producto\/71753043-kit-pastillas-freno-trasero-alfa-romeo-145-146-1994-2001-original\/"},"modified":"2022-04-18T10:02:28","modified_gmt":"2022-04-18T08:02:28","slug":"71753043-kit-pastillas-freno-trasero-alfa-romeo-145-146-1994-2001-original","status":"publish","type":"product","link":"https:\/\/galicianparts.com\/shop\/producto\/71753043-kit-pastillas-freno-trasero-alfa-romeo-145-146-1994-2001-original\/","title":{"rendered":"71753043 Kit pastillas freno trasero Alfa Romeo 145 \/ 146 (1994-2001) ORIGINAL"},"content":{"rendered":"<p>77362300 Kit de pastillas de freno traseras con sensor de desgaste de:<br \/>\nALFA ROMEO 145 (930)<br \/>\n1.4 i.e. 16V T.S. (930.A3A), A\u00f1o 12.1996 &#8211; 01.2001, 1370 , 103<br \/>\n1.6 16V T.S. (930.A2C), A\u00f1o 09.1997 &#8211; 12.2000, 1598 , 112<br \/>\n1.6 i.e. 16V T.S. (930.A2), A\u00f1o 12.1996 &#8211; 01.2001, 1598 , 120<br \/>\n1.9 JTD (930.A4B), A\u00f1o 02.1999 &#8211; 01.2001, 1910 , 105<br \/>\n1.9 TD (930.A4), A\u00f1o 10.1994 &#8211; 02.1999, 1929 , 90<br \/>\nALFA ROMEO 146 (930)<br \/>\n1.4 i.e. 16V T.S. (930.B3A), A\u00f1o 11.1996 &#8211; 01.2001, 1370 , 103<br \/>\n1.6 16V T.S. (930.B2C), A\u00f1o 09.1997 &#8211; 12.2000, 1598 , 112<br \/>\n1.6 i.e. 16V T.S. (930.B2B), A\u00f1o 11.1996 &#8211; 01.2001, 1598 , 120<br \/>\n1.9 JTD (930.B4B), A\u00f1o 02.1999 &#8211; 01.2001, 1910 , 105<br \/>\n1.9 TD (930.B4A), A\u00f1o 12.1994 &#8211; 02.1999, 1929 , 90<\/p>\n<p>LA PIEZA ES NUEVA Y ORIGINAL.<\/p>\n","protected":false},"excerpt":{"rendered":"<p>77362300 Kit de pastillas de freno traseras con sensor de desgaste de: ALFA ROMEO 145 (930) 1.4 i.e. 16V T.S. (930.A3A), A\u00f1o 12.1996 &#8211; 01.2001, 1370 , 103 1.6 16V T.S. (930.A2C), A\u00f1o 09.1997 &#8211; 12.2000, 1598 , 112 1.6 i.e. 16V T.S. (930.A2), A\u00f1o 12.1996 &#8211; 01.2001, 1598 , 120 1.9 JTD (930.A4B), A\u00f1o [&hellip;]<\/p>\n","protected":false},"featured_media":44652,"template":"","meta":{"_seopress_robots_primary_cat":"","_seopress_titles_title":"","_seopress_titles_desc":"","_seopress_robots_index":""},"product_cat":[45,46,16],"product_tag":[],"class_list":{"0":"post-44650","1":"product","2":"type-product","3":"status-publish","4":"has-post-thumbnail","6":"product_cat-recambios-alfa-romeo-145","7":"product_cat-recambios-alfa-romeo-146","8":"product_cat-recambios-alfa-romeo","10":"first","11":"instock","12":"taxable","13":"shipping-taxable","14":"purchasable","15":"product-type-simple"},"_links":{"self":[{"href":"https:\/\/galicianparts.com\/shop\/wp-json\/wp\/v2\/product\/44650"}],"collection":[{"href":"https:\/\/galicianparts.com\/shop\/wp-json\/wp\/v2\/product"}],"about":[{"href":"https:\/\/galicianparts.com\/shop\/wp-json\/wp\/v2\/types\/product"}],"wp:featuredmedia":[{"embeddable":true,"href":"https:\/\/galicianparts.com\/shop\/wp-json\/wp\/v2\/media\/44652"}],"wp:attachment":[{"href":"https:\/\/galicianparts.com\/shop\/wp-json\/wp\/v2\/media?parent=44650"}],"wp:term":[{"taxonomy":"product_cat","embeddable":true,"href":"https:\/\/galicianparts.com\/shop\/wp-json\/wp\/v2\/product_cat?post=44650"},{"taxonomy":"product_tag","embeddable":true,"href":"https:\/\/galicianparts.com\/shop\/wp-json\/wp\/v2\/product_tag?post=44650"}],"curies":[{"name":"wp","href":"https:\/\/api.w.org\/{rel}","templated":true}]}}