{"id":44691,"date":"2022-04-13T08:54:28","date_gmt":"2022-04-13T06:54:28","guid":{"rendered":"https:\/\/galicianparts.com\/shop\/producto\/71739512-correa-auxiliar-fiat-bravo-stilo-nueva-original\/"},"modified":"2025-09-16T13:13:15","modified_gmt":"2025-09-16T11:13:15","slug":"71739512-correa-auxiliar-fiat-bravo-stilo-nueva-original","status":"publish","type":"product","link":"https:\/\/galicianparts.com\/shop\/producto\/71739512-correa-auxiliar-fiat-bravo-stilo-nueva-original\/","title":{"rendered":"71739512 Correa auxiliar Fiat Bravo \/ Stilo NUEVA ORIGINAL"},"content":{"rendered":"<p>Correa de instrumentos de:<br \/>\nFIAT &#8211; 3L NUOVA BRAVO (2007-2009) CLIMATIZADOR 1 CON ADAPTACI\u00d3N PARA PA\u00cdSES FR\u00cdOS \/ CLIMATIZADOR 2 CON ADAPTACI\u00d3N PARA PA\u00cdSES FR\u00cdOS \/ 1910\u00a0JTD \/ (1.4 MPI)  (1.9 90CV) (1.6 90CV) \/ 1400 TRB GS \/1598\/1910 JTD 120CV<br \/>\nFIAT &#8211; 3Y NUOVA BRAVO MY 2010 (2010-2014) ADAPTACI\u00d3N PARA PA\u00cdSES FR\u00cdOS CON CLIMATIZADOR 1 CON CLIMATIZADOR 2 \/ 1910 \/ 8 V\u00c1LVULAS<br \/>\nFIAT &#8211; 2V STILO F.L.L. 2003 (2003-2007) TROPICO LIGERO \/ DOUBLE LPG TANK \/ 1.9\u00a0JTD\u00a08V\u00a0CF4\u00a090CV\/66KW\u00a0MENOR POT. AUSTRIA \/ 1910\u00a0JTD\u00a0CF4\u00a08V\u00a0115CV\/85KW\u00a0MENOR POTENCIA BELGICA \/ 1.9 JTD CF4 8V 120HP 88KW<\/p>\n<p>LA PIEZA ES NUEVA Y ORIGINAL.<\/p>\n","protected":false},"excerpt":{"rendered":"<p>Correa de instrumentos de: FIAT &#8211; 3L NUOVA BRAVO (2007-2009) CLIMATIZADOR 1 CON ADAPTACI\u00d3N PARA PA\u00cdSES FR\u00cdOS \/ CLIMATIZADOR 2 CON ADAPTACI\u00d3N PARA PA\u00cdSES FR\u00cdOS \/ 1910\u00a0JTD \/ (1.4 MPI) (1.9 90CV) (1.6 90CV) \/ 1400 TRB GS \/1598\/1910 JTD 120CV FIAT &#8211; 3Y NUOVA BRAVO MY 2010 (2010-2014) ADAPTACI\u00d3N PARA PA\u00cdSES FR\u00cdOS CON CLIMATIZADOR [&hellip;]<\/p>\n","protected":false},"featured_media":44693,"template":"","meta":{"_seopress_robots_primary_cat":"","_seopress_titles_title":"","_seopress_titles_desc":"","_seopress_robots_index":""},"product_cat":[82,20,108],"product_tag":[],"class_list":{"0":"post-44691","1":"product","2":"type-product","3":"status-publish","4":"has-post-thumbnail","6":"product_cat-recambios-fiat-bravo","7":"product_cat-recambios-fiat","8":"product_cat-recambios-fiat-stilo","10":"first","11":"outofstock","12":"taxable","13":"shipping-taxable","14":"purchasable","15":"product-type-simple"},"_links":{"self":[{"href":"https:\/\/galicianparts.com\/shop\/wp-json\/wp\/v2\/product\/44691"}],"collection":[{"href":"https:\/\/galicianparts.com\/shop\/wp-json\/wp\/v2\/product"}],"about":[{"href":"https:\/\/galicianparts.com\/shop\/wp-json\/wp\/v2\/types\/product"}],"wp:featuredmedia":[{"embeddable":true,"href":"https:\/\/galicianparts.com\/shop\/wp-json\/wp\/v2\/media\/44693"}],"wp:attachment":[{"href":"https:\/\/galicianparts.com\/shop\/wp-json\/wp\/v2\/media?parent=44691"}],"wp:term":[{"taxonomy":"product_cat","embeddable":true,"href":"https:\/\/galicianparts.com\/shop\/wp-json\/wp\/v2\/product_cat?post=44691"},{"taxonomy":"product_tag","embeddable":true,"href":"https:\/\/galicianparts.com\/shop\/wp-json\/wp\/v2\/product_tag?post=44691"}],"curies":[{"name":"wp","href":"https:\/\/api.w.org\/{rel}","templated":true}]}}