{"id":44697,"date":"2022-04-13T09:20:48","date_gmt":"2022-04-13T07:20:48","guid":{"rendered":"https:\/\/galicianparts.com\/shop\/producto\/51816206-manguito-calefaccion-m-1-3-jtd-fiat-doblo-linea-nuevo-original\/"},"modified":"2022-04-13T09:22:40","modified_gmt":"2022-04-13T07:22:40","slug":"51816206-manguito-calefaccion-m-1-3-jtd-fiat-doblo-linea-nuevo-original","status":"publish","type":"product","link":"https:\/\/galicianparts.com\/shop\/producto\/51816206-manguito-calefaccion-m-1-3-jtd-fiat-doblo-linea-nuevo-original\/","title":{"rendered":"51816206 Manguito calefacci\u00f3n M 1.3 JTD Fiat Doblo \/ Linea NUEVO ORIGINAL"},"content":{"rendered":"<p>Tubo del m\u00f3dulo de la calefacci\u00f3n de:<br \/>\nFIAT &#8211; 3M LINEA (2007-&#8230;.) 1.3 JTD 85CV L\u00cdMITES EMISIONES CALENTADOR OPCIONAL<br \/>\nFIAT &#8211; 3M LINEA (2007-&#8230;.) 1.3 JTD 85CV L\u00cdMITES EMISIONES CALENTADOR OPCIONAL \/ CLIMATIZADOR 1 \/ CLIMATIZADOR 2<br \/>\nFIAT PROFESSIONAL &#8211; 3V NUOVO DOBLO 2009 (2009-&#8230;.) 1248 DS. CLIMATIZADOR 1 \/ CLIMATIZADOR 2<br \/>\nFIAT PROFESSIONAL &#8211; 3V NUOVO DOBLO 2009 (2009-&#8230;.) 1248 DS<\/p>\n<p>LA PIEZA ES NUEVA Y ORIGINAL.<\/p>\n","protected":false},"excerpt":{"rendered":"<p>Tubo del m\u00f3dulo de la calefacci\u00f3n de: FIAT &#8211; 3M LINEA (2007-&#8230;.) 1.3 JTD 85CV L\u00cdMITES EMISIONES CALENTADOR OPCIONAL FIAT &#8211; 3M LINEA (2007-&#8230;.) 1.3 JTD 85CV L\u00cdMITES EMISIONES CALENTADOR OPCIONAL \/ CLIMATIZADOR 1 \/ CLIMATIZADOR 2 FIAT PROFESSIONAL &#8211; 3V NUOVO DOBLO 2009 (2009-&#8230;.) 1248 DS. CLIMATIZADOR 1 \/ CLIMATIZADOR 2 FIAT PROFESSIONAL &#8211; [&hellip;]<\/p>\n","protected":false},"featured_media":44698,"template":"","meta":{"_seopress_robots_primary_cat":"","_seopress_titles_title":"","_seopress_titles_desc":"","_seopress_robots_index":""},"product_cat":[87,20,94],"product_tag":[],"class_list":{"0":"post-44697","1":"product","2":"type-product","3":"status-publish","4":"has-post-thumbnail","6":"product_cat-recambios-fiat-doblo","7":"product_cat-recambios-fiat","8":"product_cat-recambios-fiat-linea","10":"first","11":"instock","12":"taxable","13":"shipping-taxable","14":"purchasable","15":"product-type-simple"},"_links":{"self":[{"href":"https:\/\/galicianparts.com\/shop\/wp-json\/wp\/v2\/product\/44697"}],"collection":[{"href":"https:\/\/galicianparts.com\/shop\/wp-json\/wp\/v2\/product"}],"about":[{"href":"https:\/\/galicianparts.com\/shop\/wp-json\/wp\/v2\/types\/product"}],"wp:featuredmedia":[{"embeddable":true,"href":"https:\/\/galicianparts.com\/shop\/wp-json\/wp\/v2\/media\/44698"}],"wp:attachment":[{"href":"https:\/\/galicianparts.com\/shop\/wp-json\/wp\/v2\/media?parent=44697"}],"wp:term":[{"taxonomy":"product_cat","embeddable":true,"href":"https:\/\/galicianparts.com\/shop\/wp-json\/wp\/v2\/product_cat?post=44697"},{"taxonomy":"product_tag","embeddable":true,"href":"https:\/\/galicianparts.com\/shop\/wp-json\/wp\/v2\/product_tag?post=44697"}],"curies":[{"name":"wp","href":"https:\/\/api.w.org\/{rel}","templated":true}]}}