{"id":44845,"date":"2022-04-13T20:33:19","date_gmt":"2022-04-13T18:33:19","guid":{"rendered":"https:\/\/galicianparts.com\/shop\/producto\/82421548-deposito-limpiaparabrisas-fiat-croma-ie-nuevo-original\/"},"modified":"2024-05-02T12:01:24","modified_gmt":"2024-05-02T10:01:24","slug":"82421548-deposito-limpiaparabrisas-fiat-croma-ie-nuevo-original","status":"publish","type":"product","link":"https:\/\/galicianparts.com\/shop\/producto\/82421548-deposito-limpiaparabrisas-fiat-croma-ie-nuevo-original\/","title":{"rendered":"82421548 Dep\u00f3sito limpiaparabrisas Fiat Croma IE NUEVO ORIGINAL"},"content":{"rendered":"<p>Dep\u00f3sito del l\u00edquido del limpiaparabrisas con motor del rociador de:<br \/>\nFIAT &#8211; CROMA IE 1\u00aa SERIE<\/p>\n<p>LA PIEZA ES NUEVA Y ORIGINAL.<\/p>\n","protected":false},"excerpt":{"rendered":"<p>Dep\u00f3sito del l\u00edquido del limpiaparabrisas con motor del rociador de: FIAT &#8211; CROMA IE 1\u00aa SERIE LA PIEZA ES NUEVA Y ORIGINAL.<\/p>\n","protected":false},"featured_media":44848,"template":"","meta":{"_seopress_robots_primary_cat":"","_seopress_titles_title":"","_seopress_titles_desc":"","_seopress_robots_index":""},"product_cat":[86,20],"product_tag":[],"class_list":{"0":"post-44845","1":"product","2":"type-product","3":"status-publish","4":"has-post-thumbnail","6":"product_cat-recambios-fiat-croma","7":"product_cat-recambios-fiat","9":"first","10":"instock","11":"taxable","12":"shipping-taxable","13":"purchasable","14":"product-type-simple"},"_links":{"self":[{"href":"https:\/\/galicianparts.com\/shop\/wp-json\/wp\/v2\/product\/44845"}],"collection":[{"href":"https:\/\/galicianparts.com\/shop\/wp-json\/wp\/v2\/product"}],"about":[{"href":"https:\/\/galicianparts.com\/shop\/wp-json\/wp\/v2\/types\/product"}],"wp:featuredmedia":[{"embeddable":true,"href":"https:\/\/galicianparts.com\/shop\/wp-json\/wp\/v2\/media\/44848"}],"wp:attachment":[{"href":"https:\/\/galicianparts.com\/shop\/wp-json\/wp\/v2\/media?parent=44845"}],"wp:term":[{"taxonomy":"product_cat","embeddable":true,"href":"https:\/\/galicianparts.com\/shop\/wp-json\/wp\/v2\/product_cat?post=44845"},{"taxonomy":"product_tag","embeddable":true,"href":"https:\/\/galicianparts.com\/shop\/wp-json\/wp\/v2\/product_tag?post=44845"}],"curies":[{"name":"wp","href":"https:\/\/api.w.org\/{rel}","templated":true}]}}