{"id":44888,"date":"2022-04-18T10:38:58","date_gmt":"2022-04-18T08:38:58","guid":{"rendered":"https:\/\/galicianparts.com\/shop\/producto\/735268231-boton-regulacion-cinturon-fiat-punto-1999-2003-nuevo-original\/"},"modified":"2024-03-06T10:59:32","modified_gmt":"2024-03-06T08:59:32","slug":"735268231-boton-regulacion-cinturon-fiat-punto-1999-2003-nuevo-original","status":"publish","type":"product","link":"https:\/\/galicianparts.com\/shop\/producto\/735268231-boton-regulacion-cinturon-fiat-punto-1999-2003-nuevo-original\/","title":{"rendered":"735268231 Bot\u00f3n regulaci\u00f3n cintur\u00f3n Fiat Punto (1999-2003) NUEVO ORIGINAL"},"content":{"rendered":"<p>Bot\u00f3n para regular la altura del cinto de seguridad de:<br \/>\nFIAT &#8211; 1N PUNTO BZ (1999-2003)<br \/>\nFIAT &#8211; 1P PUNTO DS (1999-2003)<\/p>\n<p>LA PIEZA ES NUEVA Y ORIGINAL.<\/p>\n","protected":false},"excerpt":{"rendered":"<p>Bot\u00f3n para regular la altura del cinto de seguridad de: FIAT &#8211; 1N PUNTO BZ (1999-2003) FIAT &#8211; 1P PUNTO DS (1999-2003) LA PIEZA ES NUEVA Y ORIGINAL.<\/p>\n","protected":false},"featured_media":44890,"template":"","meta":{"_seopress_robots_primary_cat":"","_seopress_titles_title":"","_seopress_titles_desc":"","_seopress_robots_index":""},"product_cat":[20,101],"product_tag":[],"class_list":{"0":"post-44888","1":"product","2":"type-product","3":"status-publish","4":"has-post-thumbnail","6":"product_cat-recambios-fiat","7":"product_cat-recambios-fiat-punto","9":"first","10":"outofstock","11":"taxable","12":"shipping-taxable","13":"purchasable","14":"product-type-simple"},"_links":{"self":[{"href":"https:\/\/galicianparts.com\/shop\/wp-json\/wp\/v2\/product\/44888"}],"collection":[{"href":"https:\/\/galicianparts.com\/shop\/wp-json\/wp\/v2\/product"}],"about":[{"href":"https:\/\/galicianparts.com\/shop\/wp-json\/wp\/v2\/types\/product"}],"wp:featuredmedia":[{"embeddable":true,"href":"https:\/\/galicianparts.com\/shop\/wp-json\/wp\/v2\/media\/44890"}],"wp:attachment":[{"href":"https:\/\/galicianparts.com\/shop\/wp-json\/wp\/v2\/media?parent=44888"}],"wp:term":[{"taxonomy":"product_cat","embeddable":true,"href":"https:\/\/galicianparts.com\/shop\/wp-json\/wp\/v2\/product_cat?post=44888"},{"taxonomy":"product_tag","embeddable":true,"href":"https:\/\/galicianparts.com\/shop\/wp-json\/wp\/v2\/product_tag?post=44888"}],"curies":[{"name":"wp","href":"https:\/\/api.w.org\/{rel}","templated":true}]}}