{"id":45060,"date":"2022-04-19T11:16:22","date_gmt":"2022-04-19T09:16:22","guid":{"rendered":"https:\/\/galicianparts.com\/shop\/producto\/5880443-kit-juntas-culata-fiat-131-m-1-3-1974-1982-nuevo-original\/"},"modified":"2022-04-22T12:28:56","modified_gmt":"2022-04-22T10:28:56","slug":"5880443-kit-juntas-culata-fiat-131-m-1-3-1974-1982-nuevo-original","status":"publish","type":"product","link":"https:\/\/galicianparts.com\/shop\/producto\/5880443-kit-juntas-culata-fiat-131-m-1-3-1974-1982-nuevo-original\/","title":{"rendered":"5880443 Kit juntas culata Fiat 131 M 1.3 (1974-1982) NUEVO ORIGINAL"},"content":{"rendered":"<p>Juego de descarbonizaci\u00f3n, set de juntas de la culata del motor de:<br \/>\nFIAT 131 Berlina (131)<br \/>\n1.3 Mirafiori, A\u00f1o 10.1974 &#8211; 09.1981, 1297 , 54<br \/>\n1.3 Mirafiori, A\u00f1o 10.1974 &#8211; 12.1982, 1297 , 65<br \/>\n1.3 Super Mirafiori, A\u00f1o 03.1978 &#8211; 12.1980, 1297 , 78<br \/>\nFIAT 131 Familiare \/ Panorama (131)<br \/>\n1.3 Mirafiori, A\u00f1o 03.1975 &#8211; 12.1978, 1297 , 54<br \/>\n1.3 Mirafiori, A\u00f1o 03.1975 &#8211; 03.1982, 1297 , 65<\/p>\n<p>LA PIEZA ES NUEVA Y ORIGINAL.<\/p>\n","protected":false},"excerpt":{"rendered":"<p>Juego de descarbonizaci\u00f3n, set de juntas de la culata del motor de: FIAT 131 Berlina (131) 1.3 Mirafiori, A\u00f1o 10.1974 &#8211; 09.1981, 1297 , 54 1.3 Mirafiori, A\u00f1o 10.1974 &#8211; 12.1982, 1297 , 65 1.3 Super Mirafiori, A\u00f1o 03.1978 &#8211; 12.1980, 1297 , 78 FIAT 131 Familiare \/ Panorama (131) 1.3 Mirafiori, A\u00f1o 03.1975 &#8211; [&hellip;]<\/p>\n","protected":false},"featured_media":45061,"template":"","meta":{"_seopress_robots_primary_cat":"","_seopress_titles_title":"","_seopress_titles_desc":"","_seopress_robots_index":""},"product_cat":[70,20],"product_tag":[],"class_list":{"0":"post-45060","1":"product","2":"type-product","3":"status-publish","4":"has-post-thumbnail","6":"product_cat-recambios-fiat-131","7":"product_cat-recambios-fiat","9":"first","10":"instock","11":"taxable","12":"shipping-taxable","13":"purchasable","14":"product-type-simple"},"_links":{"self":[{"href":"https:\/\/galicianparts.com\/shop\/wp-json\/wp\/v2\/product\/45060"}],"collection":[{"href":"https:\/\/galicianparts.com\/shop\/wp-json\/wp\/v2\/product"}],"about":[{"href":"https:\/\/galicianparts.com\/shop\/wp-json\/wp\/v2\/types\/product"}],"wp:featuredmedia":[{"embeddable":true,"href":"https:\/\/galicianparts.com\/shop\/wp-json\/wp\/v2\/media\/45061"}],"wp:attachment":[{"href":"https:\/\/galicianparts.com\/shop\/wp-json\/wp\/v2\/media?parent=45060"}],"wp:term":[{"taxonomy":"product_cat","embeddable":true,"href":"https:\/\/galicianparts.com\/shop\/wp-json\/wp\/v2\/product_cat?post=45060"},{"taxonomy":"product_tag","embeddable":true,"href":"https:\/\/galicianparts.com\/shop\/wp-json\/wp\/v2\/product_tag?post=45060"}],"curies":[{"name":"wp","href":"https:\/\/api.w.org\/{rel}","templated":true}]}}