{"id":45093,"date":"2022-04-19T12:40:08","date_gmt":"2022-04-19T10:40:08","guid":{"rendered":"https:\/\/galicianparts.com\/shop\/producto\/500323627-correa-distribucion-fiat-ducato-citroen-jumper-peugeot-boxer-original\/"},"modified":"2024-08-12T08:59:46","modified_gmt":"2024-08-12T06:59:46","slug":"500323627-correa-distribucion-fiat-ducato-citroen-jumper-peugeot-boxer-original","status":"publish","type":"product","link":"https:\/\/galicianparts.com\/shop\/producto\/500323627-correa-distribucion-fiat-ducato-citroen-jumper-peugeot-boxer-original\/","title":{"rendered":"500323627 Correa distribuci\u00f3n Fiat Ducato \/ Citro\u00ebn Jumper \/ Peugeot Boxer ORIGINAL"},"content":{"rendered":"<p>Correa dentada del motor de:<br \/>\nDientes: 153.<br \/>\nAncho: 30 mm.<br \/>\nFIAT PROFESSIONAL &#8211; ND DUCATO 4X4 R.90 (1990-1994) 2500 TURBO DIESEL<br \/>\nFIAT PROFESSIONAL &#8211; PE DUCATO&#8217;94 DIESEL (1994-2002) 2800 ASP.<br \/>\nFIAT PROFESSIONAL &#8211; NA NUOVO DUCATO DS.R.90 (1990-1994) 2500 TURBO<\/p>\n<p>CITRO\u00cbN Jumper I Bus (230)<br \/>\n2.8 D, A\u00f1o 01.1999 &#8211; 02.2002, 2798 , 87<br \/>\nCITRO\u00cbN Jumper I Furg\u00f3n (230)<br \/>\n2.8 D, A\u00f1o 01.1999 &#8211; 02.2002, 2798 , 87<br \/>\nCITRO\u00cbN Jumper I Cami\u00f3n de plataforma\/Chasis (230)<br \/>\n2.8 D, A\u00f1o 01.1999 &#8211; 02.2002, 2798 , 87<\/p>\n<p>PEUGEOT Boxer Bus (230)<br \/>\n2.8 D, A\u00f1o 01.1999 &#8211; 02.2002, 2798 , 87<br \/>\nPEUGEOT Boxer Furg\u00f3n (230)<br \/>\n2.8 D, A\u00f1o 01.1999 &#8211; 02.2002, 2798 , 87<br \/>\nPEUGEOT Boxer Cami\u00f3n de plataforma\/Chasis (230)<br \/>\n2.8 D, A\u00f1o 01.1999 &#8211; 02.2002, 2798 , 87<br \/>\nPEUGEOT Boxer Bus (244)<br \/>\n2.8 HDi, A\u00f1o 03.2002 &#8211; 08.2005, 2798 , 122<br \/>\nPEUGEOT Boxer Furg\u00f3n (244)<br \/>\n2.8 HDi, A\u00f1o 03.2002 &#8211; 08.2005, 2798 , 122<\/p>\n<p>LA PIEZA ES NUEVA Y ORIGINAL.<\/p>\n","protected":false},"excerpt":{"rendered":"<p>Correa dentada del motor de: Dientes: 153. Ancho: 30 mm. FIAT PROFESSIONAL &#8211; ND DUCATO 4X4 R.90 (1990-1994) 2500 TURBO DIESEL FIAT PROFESSIONAL &#8211; PE DUCATO&#8217;94 DIESEL (1994-2002) 2800 ASP. FIAT PROFESSIONAL &#8211; NA NUOVO DUCATO DS.R.90 (1990-1994) 2500 TURBO CITRO\u00cbN Jumper I Bus (230) 2.8 D, A\u00f1o 01.1999 &#8211; 02.2002, 2798 , 87 CITRO\u00cbN [&hellip;]<\/p>\n","protected":false},"featured_media":45097,"template":"","meta":{"_seopress_robots_primary_cat":"","_seopress_titles_title":"","_seopress_titles_desc":"","_seopress_robots_index":""},"product_cat":[155,23,88,20,137,24],"product_tag":[],"class_list":{"0":"post-45093","1":"product","2":"type-product","3":"status-publish","4":"has-post-thumbnail","6":"product_cat-recambios-peugeot-boxer","7":"product_cat-recambios-citroen","8":"product_cat-recambios-fiat-ducato","9":"product_cat-recambios-fiat","10":"product_cat-recambios-citroen-jumper","11":"product_cat-recambios-peugeot","13":"first","14":"outofstock","15":"taxable","16":"shipping-taxable","17":"purchasable","18":"product-type-simple"},"_links":{"self":[{"href":"https:\/\/galicianparts.com\/shop\/wp-json\/wp\/v2\/product\/45093"}],"collection":[{"href":"https:\/\/galicianparts.com\/shop\/wp-json\/wp\/v2\/product"}],"about":[{"href":"https:\/\/galicianparts.com\/shop\/wp-json\/wp\/v2\/types\/product"}],"wp:featuredmedia":[{"embeddable":true,"href":"https:\/\/galicianparts.com\/shop\/wp-json\/wp\/v2\/media\/45097"}],"wp:attachment":[{"href":"https:\/\/galicianparts.com\/shop\/wp-json\/wp\/v2\/media?parent=45093"}],"wp:term":[{"taxonomy":"product_cat","embeddable":true,"href":"https:\/\/galicianparts.com\/shop\/wp-json\/wp\/v2\/product_cat?post=45093"},{"taxonomy":"product_tag","embeddable":true,"href":"https:\/\/galicianparts.com\/shop\/wp-json\/wp\/v2\/product_tag?post=45093"}],"curies":[{"name":"wp","href":"https:\/\/api.w.org\/{rel}","templated":true}]}}