{"id":45186,"date":"2022-04-20T09:48:42","date_gmt":"2022-04-20T07:48:42","guid":{"rendered":"https:\/\/galicianparts.com\/shop\/producto\/7583398-sensor-temperatura-ventilador-radiador-fiat-ritmo-1-7d-regata-1-7-1-9d-nueva-original\/"},"modified":"2024-01-05T12:11:59","modified_gmt":"2024-01-05T10:11:59","slug":"7583398-sensor-temperatura-ventilador-radiador-fiat-ritmo-1-7d-regata-1-7-1-9d-nueva-original","status":"publish","type":"product","link":"https:\/\/galicianparts.com\/shop\/producto\/7583398-sensor-temperatura-ventilador-radiador-fiat-ritmo-1-7d-regata-1-7-1-9d-nueva-original\/","title":{"rendered":"7583398 Sensor temperatura ventilador radiador Fiat Ritmo 1.7D \/Regata 1.7\/1.9D ORIGINAL"},"content":{"rendered":"<p>Electrov\u00e1lvula de temperatura del electroventilador del radiador de refrigeraci\u00f3n del motor de:<br \/>\nFIAT Regata Berlina (138)<br \/>\n1.7 Di\u00e9sel 60, A\u00f1o 09.1983 &#8211; 12.1986, 1714 , 58<br \/>\n1.7 Di\u00e9sel 60, A\u00f1o 05.1985 &#8211; 03.1989, 1698 , 60<br \/>\n1.9 Di\u00e9sel 65, A\u00f1o 04.1984 &#8211; 07.1989, 1929 , 65<br \/>\n1.9 Turbodi\u00e9sel 80, A\u00f1o 05.1986 &#8211; 07.1989, 1929 , 80<br \/>\nFIAT Ritmo I Hatchback (138)<br \/>\n1.7 Di\u00e9sel 60, A\u00f1o 05.1985 &#8211; 12.1987, 1698 , 60<\/p>\n<p>LA PIEZA ES NUEVA Y ORIGINAL.<\/p>\n","protected":false},"excerpt":{"rendered":"<p>Electrov\u00e1lvula de temperatura del electroventilador del radiador de refrigeraci\u00f3n del motor de: FIAT Regata Berlina (138) 1.7 Di\u00e9sel 60, A\u00f1o 09.1983 &#8211; 12.1986, 1714 , 58 1.7 Di\u00e9sel 60, A\u00f1o 05.1985 &#8211; 03.1989, 1698 , 60 1.9 Di\u00e9sel 65, A\u00f1o 04.1984 &#8211; 07.1989, 1929 , 65 1.9 Turbodi\u00e9sel 80, A\u00f1o 05.1986 &#8211; 07.1989, 1929 , [&hellip;]<\/p>\n","protected":false},"featured_media":45187,"template":"","meta":{"_seopress_robots_primary_cat":"","_seopress_titles_title":"","_seopress_titles_desc":"","_seopress_robots_index":""},"product_cat":[20,102,103],"product_tag":[],"class_list":{"0":"post-45186","1":"product","2":"type-product","3":"status-publish","4":"has-post-thumbnail","6":"product_cat-recambios-fiat","7":"product_cat-recambios-fiat-regata","8":"product_cat-recambios-fiat-ritmo","10":"first","11":"instock","12":"taxable","13":"shipping-taxable","14":"purchasable","15":"product-type-simple"},"_links":{"self":[{"href":"https:\/\/galicianparts.com\/shop\/wp-json\/wp\/v2\/product\/45186"}],"collection":[{"href":"https:\/\/galicianparts.com\/shop\/wp-json\/wp\/v2\/product"}],"about":[{"href":"https:\/\/galicianparts.com\/shop\/wp-json\/wp\/v2\/types\/product"}],"wp:featuredmedia":[{"embeddable":true,"href":"https:\/\/galicianparts.com\/shop\/wp-json\/wp\/v2\/media\/45187"}],"wp:attachment":[{"href":"https:\/\/galicianparts.com\/shop\/wp-json\/wp\/v2\/media?parent=45186"}],"wp:term":[{"taxonomy":"product_cat","embeddable":true,"href":"https:\/\/galicianparts.com\/shop\/wp-json\/wp\/v2\/product_cat?post=45186"},{"taxonomy":"product_tag","embeddable":true,"href":"https:\/\/galicianparts.com\/shop\/wp-json\/wp\/v2\/product_tag?post=45186"}],"curies":[{"name":"wp","href":"https:\/\/api.w.org\/{rel}","templated":true}]}}