{"id":45233,"date":"2022-04-20T11:13:16","date_gmt":"2022-04-20T09:13:16","guid":{"rendered":"https:\/\/galicianparts.com\/shop\/producto\/5892371-kit-juntas-culata-m-1-5-lancia-prisma-fiat-uno-regata-ritmo-original\/"},"modified":"2025-01-28T16:38:44","modified_gmt":"2025-01-28T14:38:44","slug":"5892371-kit-juntas-culata-m-1-5-lancia-prisma-fiat-uno-regata-ritmo-original","status":"publish","type":"product","link":"https:\/\/galicianparts.com\/shop\/producto\/5892371-kit-juntas-culata-m-1-5-lancia-prisma-fiat-uno-regata-ritmo-original\/","title":{"rendered":"5892371 Kit juntas culata M 1.5 Lancia Prisma \/ Fiat Uno \/ Regata \/ Ritmo ORIGINAL"},"content":{"rendered":"<p>Juego de descarbonizaci\u00f3n, set de juntas de la culata del motor de:<br \/>\nFIAT Regata Berlina (138)<br \/>\n1.5 85, A\u00f1o 05.1985 &#8211; 12.1987, 1498 , 79<br \/>\nFIAT Ritmo I Hatchback (138)<br \/>\n1.5 85, A\u00f1o 08.1985 &#8211; 05.1987, 1498 , 79<br \/>\nFIAT Uno Hatchback (146)<br \/>\n1.5 i.e. 75, A\u00f1o 10.1985 &#8211; 12.1993, 1499 , 75<\/p>\n<p>LANCIA Prisma (831)<br \/>\n1.5, A\u00f1o 09.1985 &#8211; 02.1992, 1498 , 75<\/p>\n<p>LA PIEZA ES NUEVA Y ORIGINAL.<\/p>\n","protected":false},"excerpt":{"rendered":"<p>Juego de descarbonizaci\u00f3n, set de juntas de la culata del motor de: FIAT Regata Berlina (138) 1.5 85, A\u00f1o 05.1985 &#8211; 12.1987, 1498 , 79 FIAT Ritmo I Hatchback (138) 1.5 85, A\u00f1o 08.1985 &#8211; 05.1987, 1498 , 79 FIAT Uno Hatchback (146) 1.5 i.e. 75, A\u00f1o 10.1985 &#8211; 12.1993, 1499 , 75 LANCIA Prisma [&hellip;]<\/p>\n","protected":false},"featured_media":45239,"template":"","meta":{"_seopress_robots_primary_cat":"","_seopress_titles_title":"","_seopress_titles_desc":"","_seopress_robots_index":""},"product_cat":[20,21,123,102,103,114],"product_tag":[],"class_list":{"0":"post-45233","1":"product","2":"type-product","3":"status-publish","4":"has-post-thumbnail","6":"product_cat-recambios-fiat","7":"product_cat-recambios-lancia","8":"product_cat-recambios-lancia-prisma","9":"product_cat-recambios-fiat-regata","10":"product_cat-recambios-fiat-ritmo","11":"product_cat-recambios-fiat-uno","13":"first","14":"instock","15":"taxable","16":"shipping-taxable","17":"purchasable","18":"product-type-simple"},"_links":{"self":[{"href":"https:\/\/galicianparts.com\/shop\/wp-json\/wp\/v2\/product\/45233"}],"collection":[{"href":"https:\/\/galicianparts.com\/shop\/wp-json\/wp\/v2\/product"}],"about":[{"href":"https:\/\/galicianparts.com\/shop\/wp-json\/wp\/v2\/types\/product"}],"wp:featuredmedia":[{"embeddable":true,"href":"https:\/\/galicianparts.com\/shop\/wp-json\/wp\/v2\/media\/45239"}],"wp:attachment":[{"href":"https:\/\/galicianparts.com\/shop\/wp-json\/wp\/v2\/media?parent=45233"}],"wp:term":[{"taxonomy":"product_cat","embeddable":true,"href":"https:\/\/galicianparts.com\/shop\/wp-json\/wp\/v2\/product_cat?post=45233"},{"taxonomy":"product_tag","embeddable":true,"href":"https:\/\/galicianparts.com\/shop\/wp-json\/wp\/v2\/product_tag?post=45233"}],"curies":[{"name":"wp","href":"https:\/\/api.w.org\/{rel}","templated":true}]}}